{"id":6368,"date":"2023-07-14T16:00:51","date_gmt":"2023-07-14T15:00:51","guid":{"rendered":"https:\/\/rentboattenerife.com\/?page_id=6368"},"modified":"2024-11-23T15:46:07","modified_gmt":"2024-11-23T15:46:07","slug":"tenerife-water-sports","status":"publish","type":"page","link":"https:\/\/rentboattenerife.com\/pl\/sporty-wodne-teneryfa\/","title":{"rendered":"Sporty wodne Teneryfa"},"content":{"rendered":"<div data-elementor-type=\"wp-page\" data-elementor-id=\"6368\" class=\"elementor elementor-6368\">\n\t\t\t\t\t\t<section class=\"elementor-section elementor-top-section elementor-element elementor-element-2de39b5 elementor-section-boxed elementor-section-height-default elementor-section-height-default\" data-id=\"2de39b5\" data-element_type=\"section\" data-e-type=\"section\">\n\t\t\t\t\t\t<div class=\"elementor-container elementor-column-gap-default\">\n\t\t\t\t\t<div class=\"elementor-column elementor-col-100 elementor-top-column elementor-element elementor-element-c5e60bd\" data-id=\"c5e60bd\" data-element_type=\"column\" data-e-type=\"column\">\n\t\t\t<div class=\"elementor-widget-wrap elementor-element-populated\">\n\t\t\t\t\t\t<div class=\"elementor-element elementor-element-d43c77f elementor-widget elementor-widget-spacer\" data-id=\"d43c77f\" data-element_type=\"widget\" data-e-type=\"widget\" data-widget_type=\"spacer.default\">\n\t\t\t\t<div class=\"elementor-widget-container\">\n\t\t\t\t\t\t\t<div class=\"elementor-spacer\">\n\t\t\t<div class=\"elementor-spacer-inner\"><\/div>\n\t\t<\/div>\n\t\t\t\t\t\t<\/div>\n\t\t\t\t<\/div>\n\t\t\t\t<div class=\"elementor-element elementor-element-eaa625b elementor-widget elementor-widget-text-editor\" data-id=\"eaa625b\" data-element_type=\"widget\" data-e-type=\"widget\" data-widget_type=\"text-editor.default\">\n\t\t\t\t<div class=\"elementor-widget-container\">\n\t\t\t\t\t\t\t\t\t<h1>Sporty wodne Teneryfa<\/h1><p>Zanurz si\u0119 w dreszczyku emocji sport\u00f3w wodnych na Teneryfie! Prze\u017cyj przyp\u0142yw adrenaliny podczas flyboardingu i parasailingu lub prze\u017cyj niezapomnian\u0105 przygod\u0119 na skuterze wodnym na Teneryfie.<\/p>\t\t\t\t\t\t\t\t<\/div>\n\t\t\t\t<\/div>\n\t\t\t\t<div class=\"elementor-element elementor-element-98253c4 elementor-widget elementor-widget-spacer\" data-id=\"98253c4\" data-element_type=\"widget\" data-e-type=\"widget\" data-widget_type=\"spacer.default\">\n\t\t\t\t<div class=\"elementor-widget-container\">\n\t\t\t\t\t\t\t<div class=\"elementor-spacer\">\n\t\t\t<div class=\"elementor-spacer-inner\"><\/div>\n\t\t<\/div>\n\t\t\t\t\t\t<\/div>\n\t\t\t\t<\/div>\n\t\t\t\t<div class=\"elementor-element elementor-element-2794c08 elementor-widget elementor-widget-homey_elementor_experience_grids\" data-id=\"2794c08\" data-element_type=\"widget\" data-e-type=\"widget\" data-widget_type=\"homey_elementor_experience_grids.default\">\n\t\t\t\t<div class=\"elementor-widget-container\">\n\t\t\t\t\t\n\t\t<div class=\"module-wrap taxonomy-grid taxonomy-grid-1\">\n\t\t\t<div class=\"row\">\n\t\t\t\t\n\t\t\t\t\t<div class=\"col-lg-6 col-md-6 col-sm-6 col-xs-12\">\n\t\t\t\t\t\t<div class=\"wwwww taxonomy-item taxonomy-card\">\n\t\t\t\t\t\t\t<a class=\"taxonomy-link hover-effect\" href=\"https:\/\/rentboattenerife.com\/pl\/tenerife-water-sports\/banana-boat-ride-tenerife\/\">\n\t\t\t\t\t\t\t\t<div class=\"taxonomy-title\">Rejs \u0142odzi\u0105 bananow\u0105 na Teneryfie<\/div>\n\t\t\t\t\t\t\t\t<img fetchpriority=\"high\" decoding=\"async\" class=\"img-responsive\" src=\"https:\/\/rentboattenerife.com\/wp-content\/uploads\/2023\/07\/Banana-boat-ride-Tenerife-555x360.jpg\" width=\"555\" height=\"360\" alt=\"obszar_do\u015bwiadczenia\">\n\t\t\t\t\t\t\t<\/a>\n\t\t\t\t\t\t<\/div>\n\t\t\t\t\t<\/div>\n\n\t\t\t\t\t\n\t\t\t\t\t<div class=\"col-lg-6 col-md-6 col-sm-6 col-xs-12\">\n\t\t\t\t\t\t<div class=\"wwwww taxonomy-item taxonomy-card\">\n\t\t\t\t\t\t\t<a class=\"taxonomy-link hover-effect\" href=\"https:\/\/rentboattenerife.com\/pl\/tenerife-water-sports\/fly-fish-tenerife\/\">\n\t\t\t\t\t\t\t\t<div class=\"taxonomy-title\">Fly Fish Teneryfa<\/div>\n\t\t\t\t\t\t\t\t<img decoding=\"async\" class=\"img-responsive\" src=\"https:\/\/rentboattenerife.com\/wp-content\/uploads\/2023\/07\/Fly-Fish-Tenerife-555x360.jpg\" width=\"555\" height=\"360\" alt=\"obszar_do\u015bwiadczenia\">\n\t\t\t\t\t\t\t<\/a>\n\t\t\t\t\t\t<\/div>\n\t\t\t\t\t<\/div>\n\n\t\t\t\t\t\n\t\t\t\t\t<div class=\"col-lg-6 col-md-6 col-sm-6 col-xs-12\">\n\t\t\t\t\t\t<div class=\"wwwww taxonomy-item taxonomy-card\">\n\t\t\t\t\t\t\t<a class=\"taxonomy-link hover-effect\" href=\"https:\/\/rentboattenerife.com\/pl\/tenerife-water-sports\/flyboard-tenerife\/\">\n\t\t\t\t\t\t\t\t<div class=\"taxonomy-title\">Flyboard Teneryfa<\/div>\n\t\t\t\t\t\t\t\t<img decoding=\"async\" class=\"img-responsive\" src=\"https:\/\/rentboattenerife.com\/wp-content\/uploads\/2023\/07\/Flyboard-Tenerife-555x360.jpg\" width=\"555\" height=\"360\" alt=\"obszar_do\u015bwiadczenia\">\n\t\t\t\t\t\t\t<\/a>\n\t\t\t\t\t\t<\/div>\n\t\t\t\t\t<\/div>\n\n\t\t\t\t\t\n\t\t\t\t\t<div class=\"col-lg-6 col-md-6 col-sm-6 col-xs-12\">\n\t\t\t\t\t\t<div class=\"wwwww taxonomy-item taxonomy-card\">\n\t\t\t\t\t\t\t<a class=\"taxonomy-link hover-effect\" href=\"https:\/\/rentboattenerife.com\/pl\/tenerife-water-sports\/jet-ski-tenerife\/\">\n\t\t\t\t\t\t\t\t<div class=\"taxonomy-title\">Jet Ski Teneryfa<\/div>\n\t\t\t\t\t\t\t\t<img loading=\"lazy\" decoding=\"async\" class=\"img-responsive\" src=\"https:\/\/rentboattenerife.com\/wp-content\/uploads\/2022\/11\/jet-ski-tenerife-555x360.jpg\" width=\"555\" height=\"360\" alt=\"obszar_do\u015bwiadczenia\">\n\t\t\t\t\t\t\t<\/a>\n\t\t\t\t\t\t<\/div>\n\t\t\t\t\t<\/div>\n\n\t\t\t\t\t\n\t\t\t\t\t<div class=\"col-lg-6 col-md-6 col-sm-6 col-xs-12\">\n\t\t\t\t\t\t<div class=\"wwwww taxonomy-item taxonomy-card\">\n\t\t\t\t\t\t\t<a class=\"taxonomy-link hover-effect\" href=\"https:\/\/rentboattenerife.com\/pl\/tenerife-water-sports\/paddle-surf-tenerife\/\">\n\t\t\t\t\t\t\t\t<div class=\"taxonomy-title\">Surfowanie z wios\u0142em<\/div>\n\t\t\t\t\t\t\t\t<img loading=\"lazy\" decoding=\"async\" class=\"img-responsive\" src=\"https:\/\/rentboattenerife.com\/wp-content\/uploads\/2024\/10\/Paddle-surf-Tenerife.jpg\" width=\"545\" height=\"354\" alt=\"obszar_do\u015bwiadczenia\">\n\t\t\t\t\t\t\t<\/a>\n\t\t\t\t\t\t<\/div>\n\t\t\t\t\t<\/div>\n\n\t\t\t\t\t\n\t\t\t\t\t<div class=\"col-lg-6 col-md-6 col-sm-6 col-xs-12\">\n\t\t\t\t\t\t<div class=\"wwwww taxonomy-item taxonomy-card\">\n\t\t\t\t\t\t\t<a class=\"taxonomy-link hover-effect\" href=\"https:\/\/rentboattenerife.com\/pl\/tenerife-water-sports\/parasailing-tenerife\/\">\n\t\t\t\t\t\t\t\t<div class=\"taxonomy-title\">Parasailing na Teneryfie<\/div>\n\t\t\t\t\t\t\t\t<img loading=\"lazy\" decoding=\"async\" class=\"img-responsive\" src=\"https:\/\/rentboattenerife.com\/wp-content\/uploads\/2023\/07\/parasailing-tenerife-555x360.jpg\" width=\"555\" height=\"360\" alt=\"obszar_do\u015bwiadczenia\">\n\t\t\t\t\t\t\t<\/a>\n\t\t\t\t\t\t<\/div>\n\t\t\t\t\t<\/div>\n\n\t\t\t\t\t\t\t\t\t\n\t\t\t<\/div>\n\t\t<\/div>\n\t\t\n\t\t\t\t\t\t<\/div>\n\t\t\t\t<\/div>\n\t\t\t\t\t<\/div>\n\t\t<\/div>\n\t\t\t\t\t<\/div>\n\t\t<\/section>\n\t\t\t\t<section class=\"elementor-section elementor-top-section elementor-element elementor-element-72ceee4 elementor-section-boxed elementor-section-height-default elementor-section-height-default\" data-id=\"72ceee4\" data-element_type=\"section\" data-e-type=\"section\">\n\t\t\t\t\t\t<div class=\"elementor-container elementor-column-gap-default\">\n\t\t\t\t\t<div class=\"elementor-column elementor-col-100 elementor-top-column elementor-element elementor-element-dc840e5\" data-id=\"dc840e5\" data-element_type=\"column\" data-e-type=\"column\">\n\t\t\t<div class=\"elementor-widget-wrap\">\n\t\t\t\t\t\t\t<\/div>\n\t\t<\/div>\n\t\t\t\t\t<\/div>\n\t\t<\/section>\n\t\t\t\t<section class=\"elementor-section elementor-top-section elementor-element elementor-element-edd9793 elementor-section-boxed elementor-section-height-default elementor-section-height-default\" data-id=\"edd9793\" data-element_type=\"section\" data-e-type=\"section\">\n\t\t\t\t\t\t<div class=\"elementor-container elementor-column-gap-default\">\n\t\t\t\t\t<div class=\"elementor-column elementor-col-100 elementor-top-column elementor-element elementor-element-0c1134e\" data-id=\"0c1134e\" data-element_type=\"column\" data-e-type=\"column\">\n\t\t\t<div class=\"elementor-widget-wrap elementor-element-populated\">\n\t\t\t\t\t\t<div class=\"elementor-element elementor-element-cc229ee elementor-widget elementor-widget-text-editor\" data-id=\"cc229ee\" data-element_type=\"widget\" data-e-type=\"widget\" data-widget_type=\"text-editor.default\">\n\t\t\t\t<div class=\"elementor-widget-container\">\n\t\t\t\t\t\t\t\t\t<p>Zapieraj\u0105ca dech w piersiach pi\u0119kna wyspa Teneryfa to nie tylko malownicze krajobrazy i zachwycaj\u0105ca kuchnia. To tak\u017ce raj dla poszukiwaczy mocnych wra\u017ce\u0144, oferuj\u0105cy niezliczon\u0105 ilo\u015b\u0107 ekscytuj\u0105cych sport\u00f3w wodnych, kt\u00f3re z pewno\u015bci\u0105 dostarcz\u0105 Ci dawk\u0119 adrenaliny.<\/p><h2>Dlaczego warto wybra\u0107 Teneryf\u0119 do uprawiania sport\u00f3w wodnych?<\/h2><p>Po\u0142o\u017cona w sercu Wysp Kanaryjskich Teneryfa mo\u017ce pochwali\u0107 si\u0119 korzystnymi warunkami pogodowymi, krystalicznie czyst\u0105 wod\u0105 i bogactwem \u017cycia morskiego, co czyni j\u0105 idealnym miejscem dla mi\u0142o\u015bnik\u00f3w sport\u00f3w wodnych.<\/p><h3>Jazda na nartach wodnych na Teneryfie<\/h3><p>Dla tych, kt\u00f3rzy potrzebuj\u0105 pr\u0119dko\u015bci, jazda na nartach wodnych w lazurowych wodach Teneryfy jest konieczno\u015bci\u0105. Ten sport polega na je\u017adzie na skuterze wodnym, co mo\u017ce by\u0107 ekscytuj\u0105cym do\u015bwiadczeniem dla poszukiwaczy przyg\u00f3d.<\/p><h4>Prze\u017cywanie dreszczyku emocji<\/h4><p>Wyobra\u017a sobie, \u017ce p\u0119dzisz po powierzchni wody, wiatr smaga twoje w\u0142osy, s\u0142ony spray na twarzy i bezkresny ocean rozci\u0105gaj\u0105cy si\u0119 przed tob\u0105. To jest jazda na nartach wodnych na Teneryfie!<\/p><h4>\u015arodki bezpiecze\u0144stwa<\/h4><p>Cho\u0107 jest to niew\u0105tpliwie ekscytuj\u0105ce, nigdy nie nale\u017cy nara\u017ca\u0107 bezpiecze\u0144stwa. No\u015b kamizelki ratunkowe, post\u0119puj zgodnie z instrukcjami instruktor\u00f3w i utrzymuj bezpieczn\u0105 pr\u0119dko\u015b\u0107 i odleg\u0142o\u015b\u0107 od innych statk\u00f3w.<\/p><h3>Parasailing na Teneryfie<\/h3><h4>Czym jest parasailing?<\/h4><p>Parasailing to rekreacyjna aktywno\u015b\u0107, w kt\u00f3rej osoba jest holowana za \u0142odzi\u0105, b\u0119d\u0105c przymocowan\u0105 do spadochronu, wznosz\u0105c si\u0119 wysoko w niebo. Zapewnia wyj\u0105tkow\u0105 perspektyw\u0119 osza\u0142amiaj\u0105cej linii brzegowej Teneryfy.<\/p><h4>Niebia\u0144ska przygoda<\/h4><p>Parasailing na Teneryfie pozwoli Ci poczu\u0107 si\u0119, jakby\u015b szybowa\u0142 niczym ptak, a jednocze\u015bnie b\u0119dziesz m\u00f3g\u0142 podziwia\u0107 panoram\u0119 wspania\u0142ego krajobrazu wyspy i rozleg\u0142y ocean poni\u017cej.<\/p><h4>Wskaz\u00f3wki dotycz\u0105ce bezpiecze\u0144stwa<\/h4><p>Aby zapewni\u0107 sobie bezpiecze\u0144stwo i przyjemno\u015b\u0107 uprawiania parasailingu, nale\u017cy stosowa\u0107 si\u0119 do instrukcji, upewni\u0107 si\u0119, \u017ce uprz\u0105\u017c jest odpowiednio zabezpieczona i unika\u0107 uprawiania parasailingu w ekstremalnych warunkach pogodowych.<\/p><h3>Flyboarding na Teneryfie<\/h3><h4>Zrozumie\u0107 Flyboarding<\/h4><p>Flyboarding to stosunkowo nowy sport wodny, kt\u00f3ry polega na staniu na desce po\u0142\u0105czonej z pojazdem wodnym d\u0142ugim w\u0119\u017cem. Woda jest wt\u0142aczana pod ci\u015bnieniem do pary but\u00f3w z dyszami odrzutowymi pod spodem, wyrzucaj\u0105c je\u017ad\u017aca w powietrze.<\/p><h4>Przyp\u0142yw adrenaliny<\/h4><p>Dzi\u0119ki flyboardingowi mo\u017cesz poczu\u0107 dreszczyk emocji zwi\u0105zany z unoszeniem si\u0119 nad oceanem i nurkowaniem w wodzie niczym delfin.<\/p><h4>\u015arodki ostro\u017cno\u015bci<\/h4><p>Cho\u0107 brzmi to ekscytuj\u0105co, flyboarding wymaga pewnego przeszkolenia. Upewnij si\u0119, \u017ce otrzymasz odpowiednie instrukcje i za\u0142\u00f3\u017c ca\u0142y niezb\u0119dny sprz\u0119t bezpiecze\u0144stwa, w tym kask i kamizelk\u0119 ratunkow\u0105.<\/p><h3>Rejs \u0142odzi\u0105 bananow\u0105 na Teneryfie<\/h3><h4>Pe\u0142na zabawy jazda<\/h4><p>Dla tych, kt\u00f3rzy szukaj\u0105 zabawnej i ekscytuj\u0105cej aktywno\u015bci dla ca\u0142ej rodziny, przeja\u017cd\u017cka bananem jest \u015bwietn\u0105 opcj\u0105. Ta nadmuchiwana \u0142\u00f3d\u017a w kszta\u0142cie banana jest ci\u0105gni\u0119ta przez motor\u00f3wk\u0119, zapewniaj\u0105c przyjemn\u0105 przeja\u017cd\u017ck\u0119.<\/p><h4>Czynnik ekscytacji<\/h4><p>Trzymaj si\u0119 mocno, gdy motor\u00f3wka p\u0119dzi dooko\u0142a, odbijaj\u0105c bananowca po falach. To do\u015bwiadczenie pe\u0142ne \u015bmiechu i ekscytacji.<\/p><h4>Instrukcje bezpiecze\u0144stwa<\/h4><p>Podczas przeja\u017cd\u017cki bananem wodnym nale\u017cy mocno trzyma\u0107 si\u0119 uchwyt\u00f3w, s\u0142ucha\u0107 instrukcji bezpiecze\u0144stwa i zawsze mie\u0107 na sobie kamizelk\u0119 ratunkow\u0105.<\/p><h3>W\u0119dkarstwo na Teneryfie<\/h3><h4>Spokojna aktywno\u015b\u0107<\/h4><p>W\u0119dkarstwo na Teneryfie to spokojna i satysfakcjonuj\u0105ca aktywno\u015b\u0107. Bogate \u017cycie morskie sprawia, \u017ce jest to fantastyczne miejsce dla mi\u0142o\u015bnik\u00f3w w\u0119dkarstwa.<\/p><h4>Rodzaje ryb do z\u0142owienia<\/h4><p>Mo\u017cna tu znale\u017a\u0107 ca\u0142\u0105 gam\u0119 gatunk\u00f3w ryb, od marlina b\u0142\u0119kitnego po bonito atlantyckiego, co sprawi, \u017ce w\u0119dkarskie do\u015bwiadczenie b\u0119dzie jeszcze bardziej satysfakcjonuj\u0105ce.<\/p><h4>Wytyczne bezpiecze\u0144stwa<\/h4><p>W\u0119dkarstwo wymaga cierpliwo\u015bci i \u015brodk\u00f3w ostro\u017cno\u015bci. U\u017cywaj odpowiedniego sprz\u0119tu, szanuj \u017cycie morskie i przestrzegaj lokalnych przepis\u00f3w w\u0119dkarskich.<\/p><h2>Wniosek<\/h2><p>Teneryfa oferuje fantastyczny wachlarz sport\u00f3w wodnych, z kt\u00f3rych ka\u017cdy oferuje sw\u00f3j unikalny dreszczyk emocji i ekscytacj\u0119. Od adrenaliny podczas jazdy na nartach wodnych i flyboardingu po spokojn\u0105 przyjemno\u015b\u0107 w\u0119dkowania, Teneryfa ma co\u015b dla ka\u017cdego poszukiwacza przyg\u00f3d.<\/p><h2>Cz\u0119sto zadawane pytania<\/h2><p><strong>Czy uprawianie sport\u00f3w wodnych na Teneryfie jest bezpieczne?<\/strong><\/p><p>Tak, jest to bezpieczne, o ile stosujesz si\u0119 do wytycznych bezpiecze\u0144stwa i instrukcji przekazanych przez profesjonalist\u00f3w.<\/p><p><strong>Czy musz\u0119 mie\u0107 wcze\u015bniejsze do\u015bwiadczenie, aby uprawia\u0107 te sporty wodne?<\/strong><\/p><p>W przypadku takich aktywno\u015bci jak jazda na nartach wodnych czy flyboarding mo\u017ce by\u0107 konieczne pewne przeszkolenie, jednak generalnie s\u0105 one przeznaczone dla os\u00f3b o ka\u017cdym poziomie umiej\u0119tno\u015bci.<\/p><p><strong>Kiedy najlepiej odwiedzi\u0107 Teneryf\u0119, aby uprawia\u0107 sporty wodne?<\/strong><\/p><p>Teneryfa ma sprzyjaj\u0105cy klimat przez ca\u0142y rok. Jednak miesi\u0105ce letnie (od czerwca do wrze\u015bnia) cz\u0119sto zapewniaj\u0105 optymalne warunki do uprawiania sport\u00f3w wodnych.<\/p><p><strong>Czy dzieci mog\u0105 uprawia\u0107 te sporty wodne?<\/strong><\/p><p>Niekt\u00f3re aktywno\u015bci, takie jak przeja\u017cd\u017cki \u0142odzi\u0105 bananow\u0105, s\u0105 odpowiednie dla dzieci, ale inne mog\u0105 mie\u0107 ograniczenia wiekowe. Najlepiej skontaktowa\u0107 si\u0119 z organizatorem aktywno\u015bci.<\/p><p><strong>Co powinienem ze sob\u0105 zabra\u0107, aby uprawia\u0107 sporty wodne?<\/strong><\/p><p>Zaleca si\u0119 zabranie stroju k\u0105pielowego, r\u0119cznika, kremu przeciws\u0142onecznego i zmiany ubrania. Niekt\u00f3rzy mog\u0105 wole\u0107 zabra\u0107 buty do wody, chocia\u017c nie zawsze s\u0105 one konieczne.<\/p>\t\t\t\t\t\t\t\t<\/div>\n\t\t\t\t<\/div>\n\t\t\t\t\t<\/div>\n\t\t<\/div>\n\t\t\t\t\t<\/div>\n\t\t<\/section>\n\t\t\t\t<\/div>","protected":false},"excerpt":{"rendered":"<p>Sporty wodne Teneryfa Zanurz si\u0119 w dreszczyku emocji sport\u00f3w wodnych na Teneryfie! Poczuj przyp\u0142yw adrenaliny podczas flyboardingu i parasailingu lub prze\u017cyj niezapomnian\u0105 przygod\u0119 na skuterze wodnym na Teneryfie. Rejs \u0142odzi\u0105 bananow\u0105 Teneryfa Fly Fish Teneryfa Flyboard Teneryfa Jet Ski Teneryfa Parasailing Teneryfa Zapieraj\u0105ca dech w piersiach pi\u0119kna wyspa Teneryfa to nie tylko [\u2026]<\/p>","protected":false},"author":1,"featured_media":0,"parent":0,"menu_order":0,"comment_status":"closed","ping_status":"closed","template":"elementor_header_footer","meta":{"_acf_changed":false,"footnotes":""},"class_list":["post-6368","page","type-page","status-publish","hentry"],"acf":[],"aioseo_notices":[],"_links":{"self":[{"href":"https:\/\/rentboattenerife.com\/pl\/wp-json\/wp\/v2\/pages\/6368","targetHints":{"allow":["GET"]}}],"collection":[{"href":"https:\/\/rentboattenerife.com\/pl\/wp-json\/wp\/v2\/pages"}],"about":[{"href":"https:\/\/rentboattenerife.com\/pl\/wp-json\/wp\/v2\/types\/page"}],"author":[{"embeddable":true,"href":"https:\/\/rentboattenerife.com\/pl\/wp-json\/wp\/v2\/users\/1"}],"replies":[{"embeddable":true,"href":"https:\/\/rentboattenerife.com\/pl\/wp-json\/wp\/v2\/comments?post=6368"}],"version-history":[{"count":7,"href":"https:\/\/rentboattenerife.com\/pl\/wp-json\/wp\/v2\/pages\/6368\/revisions"}],"predecessor-version":[{"id":8449,"href":"https:\/\/rentboattenerife.com\/pl\/wp-json\/wp\/v2\/pages\/6368\/revisions\/8449"}],"wp:attachment":[{"href":"https:\/\/rentboattenerife.com\/pl\/wp-json\/wp\/v2\/media?parent=6368"}],"curies":[{"name":"wp","href":"https:\/\/api.w.org\/{rel}","templated":true}]}}