{"id":6272,"date":"2023-07-13T10:50:26","date_gmt":"2023-07-13T09:50:26","guid":{"rendered":"https:\/\/rentboattenerife.com\/?page_id=6272"},"modified":"2025-04-04T07:32:47","modified_gmt":"2025-04-04T06:32:47","slug":"return-and-cancellation-policy","status":"publish","type":"page","link":"https:\/\/rentboattenerife.com\/pl\/return-and-cancellation-policy\/","title":{"rendered":"Zasady zwrot\u00f3w i anulowania"},"content":{"rendered":"<p>Rent Boat Tenerife to wiod\u0105ca us\u0142uga wynajmu \u0142odzi z prost\u0105, przejrzyst\u0105 i transparentn\u0105 polityk\u0105 zwrot\u00f3w i anulowania. Wierzymy w dostarczanie wyj\u0105tkowych do\u015bwiadcze\u0144 naszym klientom i staramy si\u0119, aby nasze zasady by\u0142y przyjazne dla klienta.<\/p>\n\n\n\n<h2 class=\"wp-block-heading\">Anulacje bez ryzyka<\/h2>\n\n\n\n<p>System rezerwacji w Rent Boat Tenerife pozwala klientom na anulowanie rezerwacji \u0142odzi bez \u017cadnych op\u0142at w okre\u015blonych ramach czasowych. Kiedy klient dokonuje rezerwacji, wymagamy przedp\u0142aty. Jednak je\u015bli klient zdecyduje si\u0119 nie korzysta\u0107 z naszych us\u0142ug, zmieni\u0107 dat\u0119 rezerwacji lub zmieni\u0107 wybran\u0105 \u0142\u00f3d\u017a z r\u00f3\u017cnych powod\u00f3w, takich jak z\u0142a pogoda lub choroba, przedp\u0142ata nie podlega zwrotowi. Ka\u017cda \u0142\u00f3d\u017a ma swoje warunki anulowania, kt\u00f3re klienci mog\u0105 znale\u017a\u0107 w informacjach podanych w momencie rezerwacji. Okres anulowania zwykle wynosi od 24 do 72 godzin. Aby anulowa\u0107 rezerwacj\u0119, klienci mog\u0105 skontaktowa\u0107 si\u0119 z nami e-mailem pod adresem rentboattenerife@gmail.com lub zadzwoni\u0107 pod numer +34600469283. Prosimy o przygotowanie numeru rezerwacji i danych kontaktowych.<\/p>\n\n\n\n<p>Uwaga: wszelkie dodatkowe us\u0142ugi \u2014 takie jak catering, transport, dekoracje, sprz\u0119t specjalny lub us\u0142ugi zwi\u0105zane z za\u0142og\u0105, w tym skipperzy, hostessy, przewodnicy lub inny personel pok\u0142adowy \u2014 kt\u00f3re zosta\u0142y zam\u00f3wione osobno, nie podlegaj\u0105 zwrotowi, nawet w przypadku odwo\u0142ania z powodu z\u0142ej pogody lub innych nieprzewidzianych okoliczno\u015bci. Dotyczy to r\u00f3wnie\u017c niestandardowych wezwa\u0144 za\u0142ogi, w tym us\u0142ug organizowanych poza zwyk\u0142ymi godzinami, specjalnych tras zakwaterowania lub dodatkowego personelu zam\u00f3wionego specjalnie na Twoj\u0105 podr\u00f3\u017c.<\/p>\n\n\n\n<h2 class=\"wp-block-heading\">Wytyczne dotycz\u0105ce zwrot\u00f3w w trakcie \u015bwiadczenia us\u0142ug<\/h2>\n\n\n\n<p>Chocia\u017c Rent Boat Tenerife zarz\u0105dza procesem rezerwacji, nie bierzemy udzia\u0142u w wycieczce. Je\u015bli w trakcie podr\u00f3\u017cy pojawi\u0105 si\u0119 jakiekolwiek problemy, zalecamy skierowanie skarg i zapyta\u0144 o zwrot pieni\u0119dzy do dostawcy us\u0142ug na miejscu. W przypadkach, gdy partner zgodzi si\u0119 na pe\u0142ny zwrot pieni\u0119dzy i skontaktuje si\u0119 z nami, natychmiast przetworzymy zwrot przedp\u0142aty. Nale\u017cy pami\u0119ta\u0107, \u017ce je\u015bli partner zaproponuje rozwi\u0105zanie Twojej skargi poprzez zwrot pieni\u0119dzy lub prezent, a Ty to zaakceptujesz, nie mo\u017cna rozpatrywa\u0107 dalszych roszcze\u0144. Chocia\u017c Rent Boat Tenerife d\u0105\u017cy do zapewnienia satysfakcji klienta, nie mo\u017cemy zagwarantowa\u0107 zwrotu pieni\u0119dzy za incydenty w trakcie wycieczki. W przypadku takich incydent\u00f3w prosimy o kierowanie skarg do partnera.<\/p>\n\n\n\n<p>W przypadku, gdy klient zdecyduje si\u0119 wr\u00f3ci\u0107 do portu po rozpocz\u0119ciu wycieczki, z jakiegokolwiek powodu osobistego, w tym z powodu obaw o zdrowie lub zmiany zdania, nie zostanie wydany zwrot pieni\u0119dzy za niewykorzystan\u0105 cz\u0119\u015b\u0107 us\u0142ugi. Rezerwacja, w tym wszelkie dodatkowe us\u0142ugi, musi zosta\u0107 op\u0142acona w ca\u0142o\u015bci.<\/p>\n\n\n\n<h2 class=\"wp-block-heading\">Zasady dotycz\u0105ce p\u00f3\u017anego odwo\u0142ania i nieobecno\u015bci<\/h2>\n\n\n\n<p>Polityka Rent Boat Tenerife obejmuje r\u00f3wnie\u017c p\u00f3\u017ane anulowanie rezerwacji i niestawienie si\u0119. W takich przypadkach klient mo\u017ce zosta\u0107 obci\u0105\u017cony dodatkowymi op\u0142atami lub karami zgodnie z warunkami. W przypadku niestawienia si\u0119, op\u0142acony koszt us\u0142ugi nie podlega zwrotowi.<\/p>\n\n\n\n<h2 class=\"wp-block-heading\">Prawo do odmowy \u015bwiadczenia us\u0142ug bez zwrotu pieni\u0119dzy<\/h2>\n\n\n\n<p>Rent Boat Tenerife zastrzega sobie prawo do odmowy \u015bwiadczenia us\u0142ug lub zaprzestania wsp\u00f3\u0142pracy bez zwrotu pieni\u0119dzy w okre\u015blonych okoliczno\u015bciach. Je\u015bli klient wykazuje zachowanie zak\u0142\u00f3caj\u0105ce, gro\u017ane lub obra\u017aliwe lub powoduje uszkodzenie mienia, mo\u017cemy odm\u00f3wi\u0107 \u015bwiadczenia us\u0142ug. Ka\u017cde zachowanie powoduj\u0105ce dyskomfort lub irytacj\u0119 innych uczestnik\u00f3w lub naszego personelu mo\u017ce skutkowa\u0107 odmow\u0105 \u015bwiadczenia us\u0142ug. Zawsze stawiamy na pierwszym miejscu bezpiecze\u0144stwo i zadowolenie naszych klient\u00f3w i personelu.<\/p>\n\n\n\n<p>Wyja\u015bniaj\u0105c nasze zasady dotycz\u0105ce zwrot\u00f3w i anulowania, naszym celem jest budowanie zaufania i przejrzysto\u015bci z naszymi klientami. W Rent Boat Tenerife staramy si\u0119 oferowa\u0107 wyj\u0105tkowe do\u015bwiadczenia wszystkim naszym klientom, zapewniaj\u0105c jednocze\u015bnie komfortowe i pe\u0142ne szacunku \u015brodowisko.<\/p>","protected":false},"excerpt":{"rendered":"<p>Rent Boat Tenerife to wiod\u0105ca us\u0142uga wynajmu \u0142odzi z prost\u0105, przejrzyst\u0105 i transparentn\u0105 polityk\u0105 zwrot\u00f3w i anulowania. Wierzymy w dostarczanie wyj\u0105tkowych do\u015bwiadcze\u0144 naszym klientom i staramy si\u0119, aby nasze zasady by\u0142y przyjazne dla klienta. Anulacje bez ryzyka System rezerwacji w Rent Boat Tenerife umo\u017cliwia klientom anulowanie rezerwacji \u0142odzi bez \u017cadnych op\u0142at w ci\u0105gu [\u2026]<\/p>","protected":false},"author":1,"featured_media":0,"parent":0,"menu_order":0,"comment_status":"closed","ping_status":"open","template":"","meta":{"_acf_changed":false,"footnotes":""},"class_list":["post-6272","page","type-page","status-publish","hentry"],"acf":[],"aioseo_notices":[],"_links":{"self":[{"href":"https:\/\/rentboattenerife.com\/pl\/wp-json\/wp\/v2\/pages\/6272","targetHints":{"allow":["GET"]}}],"collection":[{"href":"https:\/\/rentboattenerife.com\/pl\/wp-json\/wp\/v2\/pages"}],"about":[{"href":"https:\/\/rentboattenerife.com\/pl\/wp-json\/wp\/v2\/types\/page"}],"author":[{"embeddable":true,"href":"https:\/\/rentboattenerife.com\/pl\/wp-json\/wp\/v2\/users\/1"}],"replies":[{"embeddable":true,"href":"https:\/\/rentboattenerife.com\/pl\/wp-json\/wp\/v2\/comments?post=6272"}],"version-history":[{"count":3,"href":"https:\/\/rentboattenerife.com\/pl\/wp-json\/wp\/v2\/pages\/6272\/revisions"}],"predecessor-version":[{"id":8895,"href":"https:\/\/rentboattenerife.com\/pl\/wp-json\/wp\/v2\/pages\/6272\/revisions\/8895"}],"wp:attachment":[{"href":"https:\/\/rentboattenerife.com\/pl\/wp-json\/wp\/v2\/media?parent=6272"}],"curies":[{"name":"wp","href":"https:\/\/api.w.org\/{rel}","templated":true}]}}