{"id":3,"date":"2022-11-15T09:41:57","date_gmt":"2022-11-15T07:41:57","guid":{"rendered":"https:\/\/rentboattenerife.com\/?page_id=3"},"modified":"2024-11-24T14:30:49","modified_gmt":"2024-11-24T14:30:49","slug":"privacy-policy","status":"publish","type":"page","link":"https:\/\/rentboattenerife.com\/pl\/privacy-policy\/","title":{"rendered":"Polityka prywatno\u015bci"},"content":{"rendered":"<h2>Niniejsza Polityka Prywatno\u015bci zosta\u0142a przygotowana w celu wype\u0142nienia obowi\u0105zk\u00f3w wynikaj\u0105cych z Og\u00f3lnego Rozporz\u0105dzenia o Ochronie Danych (Rozporz\u0105dzenie Parlamentu Europejskiego i Rady (WE) 2016\/679 z dnia 27 kwietnia 2016 r. w sprawie ochrony os\u00f3b fizycznych w zwi\u0105zku z przetwarzaniem danych osobowych i w sprawie swobodnego przep\u0142ywu takich danych oraz uchylenia dyrektywy 95\/46\/WE lub RODO \u2013 Og\u00f3lne Rozporz\u0105dzenie o Ochronie Danych).<\/h2>\n<ol>\n<li>Jakie informacje zbieramy i dlaczego.<\/li>\n<li>Spos\u00f3b i miejsce przetwarzania danych osobowych.<\/li>\n<li>Rozpowszechnianie informacji.<\/li>\n<li>Ochrona danych osobowych.<\/li>\n<li>Dost\u0119p do informacji.<\/li>\n<li>Pliki cookie, sygna\u0142y nawigacyjne i inne technologie.<\/li>\n<li>Linki do innych stron.<\/li>\n<li>Zmiany w Polityce Prywatno\u015bci.<\/li>\n<li>Informacje prawne.<\/li>\n<li>\u0141\u0105czno\u015b\u0107.<\/li>\n<li>Jakie informacje zbieramy i dlaczego<\/li>\n<\/ol>\n<p>Je\u017celi u\u017cytkownik (Licencjobiorca) zarejestruje si\u0119 za po\u015brednictwem poczty elektronicznej, otrzymamy informacje:<\/p>\n<p>\u2013 imi\u0119, nazwa u\u017cytkownika (Licencjobiorca);<\/p>\n<p>\u2013 adres e-mail;<\/p>\n<p>\u2013 telefon;<\/p>\n<p>\u2013 miasto;<\/p>\n<p>\u2013 kraju.<\/p>\n<p>Je\u017celi u\u017cytkownik (Licencjobiorca) zarejestruje si\u0119 za pomoc\u0105 us\u0142ugi autoryzacji Facebooka, otrzymamy nast\u0119puj\u0105ce informacje:<\/p>\n<p>\u2013 adres e-mail;<\/p>\n<p>\u2013 numer telefonu;<\/p>\n<p>\u2013 konto u\u017cytkownika na Facebooku;<\/p>\n<p>\u2013 telefon.<\/p>\n<p>Powodem, dla kt\u00f3rego u\u017cytkownik (Licencjobiorca) proszony jest o podanie numeru telefonu, jest mo\u017cliwo\u015b\u0107 zapewnienia wsparcia konsultacyjnego i serwisu.<\/p>\n<p>Gromadzimy wy\u0142\u0105cznie dane, kt\u00f3re dobrowolnie nam przekazujesz.<\/p>\n<p>Mo\u017cesz nie podawa\u0107 nam tych informacji, lecz je\u015bli to zrobisz, nasza Witryna i us\u0142ugi mog\u0105 nie dzia\u0142a\u0107 prawid\u0142owo lub niekt\u00f3re ich funkcje mog\u0105 by\u0107 niedost\u0119pne.<\/p>\n<p>Ponadto, gdy odwiedzasz nasze strony internetowe, mo\u017cemy automatycznie otrzymywa\u0107 pewne informacje o Tobie. Takie informacje mog\u0105 obejmowa\u0107:<\/p>\n<p>\u2013 Tw\u00f3j adres IP;<\/p>\n<p>\u2013 informacje o systemie operacyjnym Twojego komputera\/urz\u0105dzenia mobilnego i typie przegl\u0105darki,<\/p>\n<p>\u2013 typ Twojego urz\u0105dzenia,<\/p>\n<p>\u2013 unikalny identyfikator urz\u0105dzenia (UDID) lub identyfikator sprz\u0119tu mobilnego (MEID) Twojego urz\u0105dzenia mobilnego,<\/p>\n<p>\u2013 adres witryny, na kt\u00f3rej umieszczono link o nas i stronach, kt\u00f3re odwiedzi\u0142e\u015b na naszej stronie internetowej.<\/p>\n<p>\u2013 czas rejestracji;<\/p>\n<p>\u2013 czas sp\u0119dzony na stronie;<\/p>\n<p>\u2013 odwiedzone strony w serwisie;<\/p>\n<p>\u2013 wyniki szkolenia (zaliczone materia\u0142y, wyniki test\u00f3w);<\/p>\n<p>\u2013 wyniki otwarcia list\u00f3w;<\/p>\n<p>\u2013 czas ostatniej wizyty;<\/p>\n<p>\u2013 d\u0142ugo\u015b\u0107 ostatniej wizyty;<\/p>\n<p>\u2013 data rozpocz\u0119cia i zako\u0144czenia obowi\u0105zywania licencji;<\/p>\n<p>\u2013 inne dane zbierane przez Google Analytics, Zoho SalesIQ, Facebook Pixel.<\/p>\n<p>Informacje te mo\u017cemy wykorzystywa\u0107 do administrowania, utrzymywania i dostosowywania naszej Witryny i us\u0142ug, do obs\u0142ugi u\u017cytkownik\u00f3w b\u0119d\u0105cych Licencjobiorcami oraz na potrzeby kampanii marketingowych.<\/p>\n<p>W niniejszej Polityce prywatno\u015bci zamieszczamy r\u00f3wnie\u017c dodatkowe informacje o tym, jak wykorzystujemy pliki cookie.<\/p>\n<p>Mened\u017cer tag\u00f3w Google, piksel Facebooka i inne us\u0142ugi marketingowe zbieraj\u0105 informacje o Twoich wizytach i aktywno\u015bciach w witrynie&nbsp;<a href=\"https:\/\/rentboattenerife.com\/pl\/\">rentboattenerife.com<\/a>. Informacje te mog\u0105 by\u0107 wykorzystywane do ukierunkowanej reklamy. U\u017cytkownik mo\u017ce dezaktywowa\u0107 zbieranie tych danych w ustawieniach us\u0142ug Facebook i Google.<\/p>\n<p><a href=\"https:\/\/www.facebook.com\/help\/247395082112892?helpref=related\">https:\/\/www.facebook.com\/help\/247395082112892?help&#8230;<\/a><\/p>\n<p><a href=\"https:\/\/support.google.com\/ads\/answer\/2662856?co=GENIE.Platform%3DAndroid&amp;hl=en\">https:\/\/support.google.com\/ads\/answer\/2662856?co=GENIE.Platform%3DAndroid&amp;hl=en<\/a><\/p>\n<p>2. Spos\u00f3b i miejsce przetwarzania danych osobowych<\/p>\n<p><em>Metoda przetwarzania<\/em><\/p>\n<p>Przetwarzanie danych osobowych odbywa si\u0119 przy u\u017cyciu komputer\u00f3w i\/lub \u015brodk\u00f3w zautomatyzowanych, zgodnie z procedurami i metodami odpowiadaj\u0105cymi celowi zbierania danych.<\/p>\n<p>Podmiot przetwarzaj\u0105cy dane. Mo\u017cesz dodatkowo poprosi\u0107 nas o list\u0119 tych os\u00f3b.<\/p>\n<p><em>Miejsce przetwarzania danych<\/em><\/p>\n<p>Dane s\u0105 przetwarzane w biurze Licencjodawcy i innych lokalizacjach, w kt\u00f3rych znajduj\u0105 si\u0119 strony zaanga\u017cowane w przetwarzanie. Aby uzyska\u0107 wi\u0119cej informacji, skontaktuj si\u0119 z nami (operatorem danych i w\u0142a\u015bcicielem bazy danych).<\/p>\n<p>3. Rozpowszechnianie informacji<\/p>\n<p>W celu \u015bwiadczenia us\u0142ugi Twoje dane osobowe mog\u0105 by\u0107 wykorzystywane i przetwarzane wewn\u0119trznie przez Licencjobiorc\u0119 (jego pracownik\u00f3w i kontrahent\u00f3w).<\/p>\n<p>Ka\u017cde wykorzystanie Twoich danych osobowych w ramach Licencjobiorcy podlega niniejszej Polityce Prywatno\u015bci. Od czasu do czasu mo\u017cemy wysy\u0142a\u0107 Ci wiadomo\u015bci zawieraj\u0105ce informacje marketingowe i promocyjne dotycz\u0105ce naszych produkt\u00f3w i us\u0142ug, promocji itp. Je\u015bli nie wyrazisz zgody na otrzymywanie takich komunikat\u00f3w (podczas procesu rejestracji lub zamawiania us\u0142ug), nie wy\u015blemy Ci takich komunikat\u00f3w.<\/p>\n<p>Dane osobowe b\u0119d\u0105 r\u00f3wnie\u017c dost\u0119pne dla system\u00f3w p\u0142atno\u015bci zapewniaj\u0105cych akceptacj\u0119 p\u0142atno\u015bci za <a href=\"https:\/\/rentboattenerife.com\/pl\/\">rentboattenerife.com<\/a>&nbsp;strona internetowa. Niekt\u00f3re informacje b\u0119d\u0105 r\u00f3wnie\u017c przechowywane i przetwarzane na serwerach dostawc\u00f3w oprogramowania do obs\u0142ugi klienta Zoho CRM, ZOHO Campaigns.<\/p>\n<p>Licencjodawca mo\u017ce anga\u017cowa\u0107 inne firmy do \u015bwiadczenia us\u0142ug i organizowania kampanii reklamowych. Firmy te mog\u0105 r\u00f3wnie\u017c uzyska\u0107 dost\u0119p do cz\u0119\u015bci Twoich danych osobowych wy\u0142\u0105cznie w zakresie niezb\u0119dnym do \u015bwiadczenia us\u0142ugi i nie mog\u0105 ich wykorzystywa\u0107 w \u017cadnym innym celu.<\/p>\n<p>Licencjodawca nie sprzedaje, nie przekazuje ani nie komunikuje danych osobowych swoich klient\u00f3w i u\u017cytkownik\u00f3w Witryny osobom trzecim, kt\u00f3re nie s\u0105 cz\u0119\u015bci\u0105 grupy Licencjodawcy. Jednak za Twoj\u0105 zgod\u0105 mo\u017cemy czasami wysy\u0142a\u0107 Ci informacje marketingowe w imieniu jednego z naszych partner\u00f3w na temat oferowanych produkt\u00f3w i us\u0142ug, kt\u00f3re mog\u0105 Ci\u0119 zainteresowa\u0107. Mo\u017cemy r\u00f3wnie\u017c zapyta\u0107 Ci\u0119, czy chcesz otrzymywa\u0107 materia\u0142y marketingowe od naszych partner\u00f3w biznesowych. Je\u015bli wyrazisz zgod\u0119 na otrzymywanie newslettera, nie b\u0119dziemy udost\u0119pnia\u0107 Twoich danych osobowych tym partnerom, ale wy\u015blemy Ci materia\u0142y poczt\u0105 elektroniczn\u0105 w imieniu tych partner\u00f3w.<\/p>\n<p>Licencjodawca zastrzega sobie prawo do wykorzystywania i udost\u0119pniania wszelkich informacji o Tobie, w zakresie wyra\u017anie dozwolonym przez prawo lub inne przepisy, w celu ochrony integralno\u015bci naszych us\u0142ug, ochrony naszych praw lub w celu udzielenia organom \u015bcigania pomocy w dochodzeniach w sprawie przest\u0119pstw i zapewnianiu bezpiecze\u0144stwa publicznego.<\/p>\n<p>4. Ochrona danych osobowych<\/p>\n<p>Licencjodawca podejmie wszelkie komercyjnie uzasadnione \u015brodki, aby zapobiec nieautoryzowanemu dost\u0119powi do informacji osobistych i danych uzyskanych poprzez korzystanie z Witryny lub us\u0142ug. Dok\u0142adamy wszelkich stara\u0144, aby chroni\u0107 Twoje dane osobowe, ale zach\u0119camy Ci\u0119 do podj\u0119cia wszelkich dost\u0119pnych \u015brodk\u00f3w ostro\u017cno\u015bci w celu ochrony Twoich danych osobowych podczas transmisji. Aby to zrobi\u0107, cz\u0119\u015bciej zmieniaj has\u0142a, u\u017cywaj kombinacji liter i cyfr oraz korzystaj z bezpiecznej przegl\u0105darki.<\/p>\n<p><em>Zapewnienie bezpiecze\u0144stwa informacji dzieci<\/em><\/p>\n<p>Witryna nie ma na celu przyci\u0105gania uwagi dzieci i os\u00f3b niepe\u0142noletnich. Licencjodawca nie gromadzi celowo danych osobowych dzieci i os\u00f3b poni\u017cej 18 roku \u017cycia, ani nie wysy\u0142a im \u017cadnych pr\u00f3\u015bb o podanie danych osobowych.<\/p>\n<p>5. Dost\u0119p do informacji<\/p>\n<p>Masz pe\u0142n\u0105 kontrol\u0119 nad wszystkimi danymi osobowymi, kt\u00f3re nam przekazujesz. W dowolnym momencie mo\u017cesz okre\u015bli\u0107 lub zmieni\u0107 dane osobowe, kt\u00f3re od Ciebie otrzymujemy, lub zmieni\u0107 ustawienia otrzymywania informacji promocyjnych i marketingowych od nas i naszych partner\u00f3w. Mo\u017cesz poprosi\u0107 nas o usuni\u0119cie wszystkich zebranych o Tobie informacji w dowolnym momencie (prawo do zapomnienia). Aby to zrobi\u0107, wy\u015blij do nas wiadomo\u015b\u0107 e-mail lub list na adres vzatkhei@gmail.com.<\/p>\n<p>6. Pliki cookie, sygna\u0142y nawigacyjne i inne technologie<\/p>\n<p>Witryna zbiera informacje o Twoim zachowaniu na naszej Witrynie i wizytach na stronach Witryny w celu uzyskania statystyk odwiedzin i skuteczno\u015bci korzystania z Witryny, aby stworzy\u0107 osobiste podej\u015bcie i dostosowa\u0107 nasze us\u0142ugi do zainteresowa\u0144 ka\u017cdego u\u017cytkownika. Robimy to za pomoc\u0105 r\u00f3\u017cnych technologii, z kt\u00f3rych jedn\u0105 s\u0105 pliki cookie. S\u0105 to dane, kt\u00f3re witryna mo\u017ce wys\u0142a\u0107 do Twojej przegl\u0105darki i zostan\u0105 zapisane na Twoim komputerze w celu p\u00f3\u017aniejszej identyfikacji przez witryn\u0119.<\/p>\n<p>Pliki cookie s\u0105 najcz\u0119\u015bciej u\u017cywane do pomiaru skuteczno\u015bci witryn internetowych (na przyk\u0142ad do pomiaru liczby odwiedzaj\u0105cych i czasu ich przebywania na nich), do identyfikacji najciekawszych temat\u00f3w i odwiedzanych stron oraz do zapewnienia, \u017ce witryna jest \u0142atwa w nawigacji i u\u017cytkowaniu bez zbierania jakichkolwiek danych osobowych. Pliki cookie mog\u0105 by\u0107 r\u00f3wnie\u017c u\u017cywane do tworzenia spersonalizowanego podej\u015bcia w oparciu o Twoje wcze\u015bniejsze do\u015bwiadczenia z Witryn\u0105 i Twoje preferencje. Z czasem te informacje mog\u0105 poprawi\u0107 Twoje do\u015bwiadczenia.<\/p>\n<p>Pliki cookie s\u0105 zazwyczaj dzielone na pliki cookie sesyjne i sta\u0142e. Pliki cookie sesyjne pomagaj\u0105 w skutecznej nawigacji po witrynie, dzi\u0119ki czemu informacje za\u017c\u0105dane raz podczas sesji nie b\u0119d\u0105 ju\u017c \u017c\u0105dane ponownie. Pliki cookie sesyjne s\u0105 przechowywane w pami\u0119ci tymczasowej i s\u0105 usuwane po zamkni\u0119ciu przegl\u0105darki. Trwa\u0142e pliki cookie przechowuj\u0105 preferencje u\u017cytkownika dotycz\u0105ce bie\u017c\u0105cych i przysz\u0142ych wizyt (np. upraszczaj\u0105 autoryzacj\u0119 witryny poprzez zapami\u0119tywanie kont u\u017cytkownik\u00f3w). S\u0105 one zapisywane na dysku twardym komputera lub dysku urz\u0105dzenia mobilnego i s\u0105 aktywowane po uruchomieniu przegl\u0105darki. U\u017cywamy trwa\u0142ych plik\u00f3w cookie do przechowywania informacji, takich jak j\u0119zyk i kraj u\u017cytkownika.<\/p>\n<p>Je\u015bli nie chcesz ju\u017c otrzymywa\u0107 plik\u00f3w cookie lub chcesz by\u0107 informowany o otrzymaniu pliku cookie, skonfiguruj swoj\u0105 przegl\u0105dark\u0119 internetow\u0105. Je\u015bli jednak wy\u0142\u0105czysz wszystkie pliki cookie, nie b\u0119dziesz m\u00f3g\u0142 korzysta\u0107 z niekt\u00f3rych us\u0142ug i funkcji witryny.<\/p>\n<p>Wi\u0119cej informacji na temat plik\u00f3w \u201ecookies\u201d w popularnych wyszukiwarkach mo\u017cna znale\u017a\u0107, odwiedzaj\u0105c poni\u017csze linki:<\/p>\n<p><a href=\"https:\/\/policies.yahoo.com\/us\/en\/yahoo\/privacy\/\">https:\/\/policies.yahoo.com\/us\/en\/yahoo\/privacy\/<\/a><\/p>\n<p><a href=\"https:\/\/www.google.com\/policies\/privacy\/\">https:\/\/www.google.com\/policies\/privacy\/<\/a><\/p>\n<p><a href=\"https:\/\/privacy.microsoft.com\/en-us\/privacystatement\">https:\/\/privacy.microsoft.com\/en-us\/privacystatement<\/a><\/p>\n<p>Ustawienia popularnych przegl\u0105darek mo\u017cna znale\u017a\u0107 pod nast\u0119puj\u0105cymi linkami:<\/p>\n<p>Chrom:&nbsp;<a href=\"https:\/\/support.google.com\/chrome\/answer\/95647?hl=en\">https:\/\/support.google.com\/chrome\/answer\/95647?hl=en<\/a><\/p>\n<p>Odkrywca:&nbsp;<a href=\"https:\/\/support.microsoft.com\/en-us\/products\/windows?os=windows-10\">https:\/\/support.microsoft.com\/en-us\/products\/windows?os=windows-10<\/a><\/p>\n<p>Safari:&nbsp;<a href=\"https:\/\/support.apple.com\/kb\/PH21411\">https:\/\/support.apple.com\/kb\/PH21411<\/a><\/p>\n<p>Firefox:&nbsp;<a href=\"https:\/\/support.mozilla.org\/en-US\/kb\/enable-and-disable-cookies-website-preferences\">https:\/\/support.mozilla.org\/en-US\/kb\/enable-and-disable-cookies-website-preferences<\/a><\/p>\n<p>Opera:&nbsp;<a href=\"http:\/\/www.opera.com\/help\/tutorials\/security\/cookies\/\">http:\/\/www.opera.com\/help\/tutorials\/security\/cookies\/<\/a><\/p>\n<p>7. Linki do innych witryn<\/p>\n<p>Je\u015bli odwiedzasz strony os\u00f3b trzecich, kt\u00f3re nie s\u0105 utrzymywane przez Licencjodawc\u0119, klikaj\u0105c na linki na naszej Stronie, powiniene\u015b przeczyta\u0107 ich zasady prywatno\u015bci i inne zasady operacyjne. Nie ponosimy odpowiedzialno\u015bci za polityk\u0119 prywatno\u015bci i praktyki gromadzenia danych innych firm, a wszelkie informacje, kt\u00f3re przekazujesz takim firmom, s\u0105 przez nie gromadzone zgodnie z ich polityk\u0105 prywatno\u015bci.<\/p>\n<p>8. Zmiany w Polityce Prywatno\u015bci<\/p>\n<p>Mo\u017cemy dokona\u0107 zmian w niniejszej Polityce w dowolnym momencie, publikuj\u0105c now\u0105 wersj\u0119 Polityki prywatno\u015bci na tej stronie&nbsp;<a href=\"https:\/\/rentboattenerife.com\/pl\/privacy-policy\/\">https:\/\/rentboattenerife.com\/privacy-policy\/<\/a>Zdecydowanie zalecamy cz\u0119ste sprawdzanie tej strony i daty na g\u00f3rze strony pod k\u0105tem najnowszych zmian.<\/p>\n<p>Je\u015bli nie zgadzasz si\u0119 z kt\u00f3r\u0105kolwiek ze zmian wprowadzonych do Polityki, musisz zaprzesta\u0107 korzystania ze Strony i us\u0142ug Licencjodawcy oraz mo\u017cesz za\u017c\u0105da\u0107 od nas usuni\u0119cia swoich danych osobowych.<\/p>\n<p>Niniejsza polityka prywatno\u015bci ma zastosowanie do wszystkich danych osobowych:&nbsp;<a href=\"https:\/\/rentboattenerife.com\/pl\/\">https:\/\/rentboattenerife.com\/<\/a>&nbsp;u\u017cytkownik\u00f3w i klient\u00f3w Licencjodawcy, kt\u00f3re przechowujemy, bez wzgl\u0119du na spos\u00f3b ich gromadzenia i uzyskania.<\/p>\n<p>9. Informacje prawne<\/p>\n<p>Polityka Prywatno\u015bci spe\u0142nia wymogi ukrai\u0144skiego ustawodawstwa w zakresie ochrony danych osobowych, a tak\u017ce wymogi ustawodawstwa wi\u0119kszo\u015bci kraj\u00f3w WNP i zawiera szczeg\u00f3\u0142owe informacje o gromadzonych danych, ich celach, sposobach gromadzenia, przetwarzania i wykorzystywania.<\/p>\n<p>Polityka Prywatno\u015bci zosta\u0142a przygotowana w celu wype\u0142nienia obowi\u0105zk\u00f3w wynikaj\u0105cych z Og\u00f3lnego Rozporz\u0105dzenia o Ochronie Danych (Rozporz\u0105dzenie Parlamentu Europejskiego i Rady (UE) 2016\/679 z dnia 27 kwietnia 2016 r. w sprawie ochrony os\u00f3b fizycznych w zwi\u0105zku z przetwarzaniem danych osobowych i w sprawie swobodnego przep\u0142ywu takich danych oraz uchylenia dyrektywy 95\/46\/WE lub RODO \u2013 Og\u00f3lne Rozporz\u0105dzenie o Ochronie Danych).<\/p>\n<p>10. Kontakty z licencjodawc\u0105<\/p>\n<p>Wynajem \u0142odzi Teneryfa<\/p>\n<p>38660 Costa Adeje, Teneryfa, Wyspy Kanaryjskie, Hiszpania<\/p>\n<p>Telefon: +34662020230<\/p>\n<p>Adres e-mail: vzatkhei@gmail.com<\/p>\n<p>Dane kontaktowe osoby odpowiedzialnej za przechowywanie informacji:<\/p>\n<p>vzatkhei@gmail.com<\/p>","protected":false},"excerpt":{"rendered":"<p>Niniejsza Polityka Prywatno\u015bci zosta\u0142a przygotowana zgodnie z obowi\u0105zkami wynikaj\u0105cymi z Og\u00f3lnego Rozporz\u0105dzenia o Ochronie Danych (Rozporz\u0105dzenie WE 2016\/679 z dnia 27 kwietnia 2016 r. lub RODO \u2013 Og\u00f3lne Rozporz\u0105dzenie o Ochronie Danych). Jakie informacje zbieramy i dlaczego. Spos\u00f3b i miejsce przetwarzania danych osobowych. Rozpowszechnianie informacji. Ochrona danych osobowych. Dost\u0119p do informacji. [\u2026]<\/p>","protected":false},"author":1,"featured_media":0,"parent":0,"menu_order":0,"comment_status":"closed","ping_status":"open","template":"","meta":{"_acf_changed":false,"footnotes":""},"class_list":["post-3","page","type-page","status-publish","hentry"],"acf":[],"aioseo_notices":[],"_links":{"self":[{"href":"https:\/\/rentboattenerife.com\/pl\/wp-json\/wp\/v2\/pages\/3","targetHints":{"allow":["GET"]}}],"collection":[{"href":"https:\/\/rentboattenerife.com\/pl\/wp-json\/wp\/v2\/pages"}],"about":[{"href":"https:\/\/rentboattenerife.com\/pl\/wp-json\/wp\/v2\/types\/page"}],"author":[{"embeddable":true,"href":"https:\/\/rentboattenerife.com\/pl\/wp-json\/wp\/v2\/users\/1"}],"replies":[{"embeddable":true,"href":"https:\/\/rentboattenerife.com\/pl\/wp-json\/wp\/v2\/comments?post=3"}],"version-history":[{"count":1,"href":"https:\/\/rentboattenerife.com\/pl\/wp-json\/wp\/v2\/pages\/3\/revisions"}],"predecessor-version":[{"id":8504,"href":"https:\/\/rentboattenerife.com\/pl\/wp-json\/wp\/v2\/pages\/3\/revisions\/8504"}],"wp:attachment":[{"href":"https:\/\/rentboattenerife.com\/pl\/wp-json\/wp\/v2\/media?parent=3"}],"curies":[{"name":"wp","href":"https:\/\/api.w.org\/{rel}","templated":true}]}}