{"id":8208,"date":"2024-10-03T09:02:04","date_gmt":"2024-10-03T08:02:04","guid":{"rendered":"https:\/\/rentboattenerife.com\/?page_id=8208"},"modified":"2024-11-21T09:06:45","modified_gmt":"2024-11-21T09:06:45","slug":"experience-tenerife","status":"publish","type":"page","link":"https:\/\/rentboattenerife.com\/lt\/experience-tenerife\/","title":{"rendered":"Patirtis"},"content":{"rendered":"<div data-elementor-type=\"wp-page\" data-elementor-id=\"8208\" class=\"elementor elementor-8208\">\n\t\t\t\t\t\t<section class=\"elementor-section elementor-top-section elementor-element elementor-element-2de39b5 elementor-section-boxed elementor-section-height-default elementor-section-height-default\" data-id=\"2de39b5\" data-element_type=\"section\" data-e-type=\"section\">\n\t\t\t\t\t\t<div class=\"elementor-container elementor-column-gap-default\">\n\t\t\t\t\t<div class=\"elementor-column elementor-col-100 elementor-top-column elementor-element elementor-element-c5e60bd\" data-id=\"c5e60bd\" data-element_type=\"column\" data-e-type=\"column\">\n\t\t\t<div class=\"elementor-widget-wrap elementor-element-populated\">\n\t\t\t\t\t\t<div class=\"elementor-element elementor-element-6a54cfd elementor-widget elementor-widget-spacer\" data-id=\"6a54cfd\" data-element_type=\"widget\" data-e-type=\"widget\" data-widget_type=\"spacer.default\">\n\t\t\t\t<div class=\"elementor-widget-container\">\n\t\t\t\t\t\t\t<div class=\"elementor-spacer\">\n\t\t\t<div class=\"elementor-spacer-inner\"><\/div>\n\t\t<\/div>\n\t\t\t\t\t\t<\/div>\n\t\t\t\t<\/div>\n\t\t\t\t<div class=\"elementor-element elementor-element-eaa625b elementor-widget elementor-widget-text-editor\" data-id=\"eaa625b\" data-element_type=\"widget\" data-e-type=\"widget\" data-widget_type=\"text-editor.default\">\n\t\t\t\t<div class=\"elementor-widget-container\">\n\t\t\t\t\t\t\t\t\t<h1>Patirtis Tenerif\u0117je<\/h1>\n\t\t\t\t\t\t\t\t<\/div>\n\t\t\t\t<\/div>\n\t\t\t\t<div class=\"elementor-element elementor-element-98253c4 elementor-widget elementor-widget-spacer\" data-id=\"98253c4\" data-element_type=\"widget\" data-e-type=\"widget\" data-widget_type=\"spacer.default\">\n\t\t\t\t<div class=\"elementor-widget-container\">\n\t\t\t\t\t\t\t<div class=\"elementor-spacer\">\n\t\t\t<div class=\"elementor-spacer-inner\"><\/div>\n\t\t<\/div>\n\t\t\t\t\t\t<\/div>\n\t\t\t\t<\/div>\n\t\t\t\t<div class=\"elementor-element elementor-element-474c905 elementor-widget elementor-widget-homey_elementor_experiences\" data-id=\"474c905\" data-element_type=\"widget\" data-e-type=\"widget\" data-widget_type=\"homey_elementor_experiences.default\">\n\t\t\t\t<div class=\"elementor-widget-container\">\n\t\t\t\t\t\n\t\t<div id=\"experiences_module_section\" class=\"listing-page listing-page-full-width module-wrap module-wrap property-module-grid\">\n\t\t\t<div class=\"listing-wrap which-layout-grid  item-grid-view\">\n\t\t\t\t<div id=\"module_experiences\" class=\"row exp-experiences grid\">\n\t\t\t\t\t\n<div class=\"item-wrap item-grid-view experience-wrap infobox_trigger homey-matchHeight\"  data-id=\"8194\">\n    <div class=\"media property-item experience-item\">\n        <div class=\"media-left\">\n            <div class=\"item-media item-media-thumb\">\n                \n                \n                <a class=\"hover-effect\" href=\"https:\/\/rentboattenerife.com\/lt\/experience\/sraigtasparnio-turas-tenerife\/\">\n                <img fetchpriority=\"high\" decoding=\"async\" width=\"403\" height=\"269\" src=\"https:\/\/rentboattenerife.com\/wp-content\/uploads\/2024\/10\/helicopter-tenerife.jpg\" class=\"img-responsive wp-post-image\" alt=\"sraigtasparnis Tenerif\u0117\" srcset=\"https:\/\/rentboattenerife.com\/wp-content\/uploads\/2024\/10\/helicopter-tenerife.jpg 403w, https:\/\/rentboattenerife.com\/wp-content\/uploads\/2024\/10\/helicopter-tenerife-300x200.jpg 300w, https:\/\/rentboattenerife.com\/wp-content\/uploads\/2024\/10\/helicopter-tenerife-18x12.jpg 18w, https:\/\/rentboattenerife.com\/wp-content\/uploads\/2024\/10\/helicopter-tenerife-120x80.jpg 120w\" sizes=\"(max-width: 403px) 100vw, 403px\" \/>                <\/a>\n\n                                <div class=\"item-media-price\">\n                    <span class=\"item-price\">\n                        <sub>i\u0161<\/sub> <sup>\u20ac<\/sup>98.00<sub>\/1 asm.<\/sub>\n                    <\/span>\n                <\/div>\n                \n                            <\/div>\n        <\/div>\n        <div class=\"media-body item-body clearfix\">\n            <div class=\"item-title-head table-block\">\n                <div class=\"title-head-left\">\n                    <div class=\"title\"><a href=\"https:\/\/rentboattenerife.com\/lt\/experience\/sraigtasparnio-turas-tenerife\/\">\n                    Ekskursija sraigtasparniu<\/a><\/div>\n                    <address class=\"item-address\">Adeje, Tenerif\u0117<\/address>                                    <\/div>\n            <\/div>\n\n            \n            <div class=\"item-footer\">\n\n                \n                \n            <\/div>\n        <\/div>\n    <\/div>\n<\/div><!-- .item-wrap -->\t\t\t\t<\/div>\n\t\t\t\t\n\t\t\t\t\t\t\t\t<div class=\"homey-loadmore loadmore text-center\">\n\t\t\t\t\t<a\n\t\t\t\t\tdata-paged=\"2\" \n                    data-limit=\"9\" \n                    data-style=\"grid\" \n                    data-type=\"experiences-tenerife\"\n                    data-country=\"\"\n                    data-state=\"\" \n                    data-city=\"\" \n                    data-area=\"\" \n                    data-featured=\"\" \n                    data-offset=\"\"\n                    data-sortby=\"\"\n                    href=\"#\" \n\t\t\t\t\tclass=\"btn btn-primary btn-long\">\n\t\t\t\t\t\t<i id=\"spinner-icon\" class=\"homey-icon homey-icon-loading-half fa-pulse fa-spin fa-fw\" style=\"display: none;\"><\/i>\n\t\t\t\t\t\t\u012ekelti daugiau\t\t\t\t\t<\/a>\n\t\t\t\t<\/div>\n\t\t\t\t\n\n\t\t\t<\/div><!-- grid-experience-page -->\n\t\t<\/div>\n\t\t\n\t\t\t\t\t\t<\/div>\n\t\t\t\t<\/div>\n\t\t\t\t\t<\/div>\n\t\t<\/div>\n\t\t\t\t\t<\/div>\n\t\t<\/section>\n\t\t\t\t<\/div>","protected":false},"excerpt":{"rendered":"<p>Patirtis Tenerif\u0117je nuo 98,00 \u20ac. Kelion\u0117 sraigtasparniu Tenerif\u0117je, Adech\u0117je, Tenerif\u0117je. \u017dr. daugiau.<\/p>","protected":false},"author":1,"featured_media":0,"parent":0,"menu_order":0,"comment_status":"closed","ping_status":"closed","template":"elementor_header_footer","meta":{"_acf_changed":false,"footnotes":""},"class_list":["post-8208","page","type-page","status-publish","hentry"],"acf":[],"aioseo_notices":[],"_links":{"self":[{"href":"https:\/\/rentboattenerife.com\/lt\/wp-json\/wp\/v2\/pages\/8208","targetHints":{"allow":["GET"]}}],"collection":[{"href":"https:\/\/rentboattenerife.com\/lt\/wp-json\/wp\/v2\/pages"}],"about":[{"href":"https:\/\/rentboattenerife.com\/lt\/wp-json\/wp\/v2\/types\/page"}],"author":[{"embeddable":true,"href":"https:\/\/rentboattenerife.com\/lt\/wp-json\/wp\/v2\/users\/1"}],"replies":[{"embeddable":true,"href":"https:\/\/rentboattenerife.com\/lt\/wp-json\/wp\/v2\/comments?post=8208"}],"version-history":[{"count":17,"href":"https:\/\/rentboattenerife.com\/lt\/wp-json\/wp\/v2\/pages\/8208\/revisions"}],"predecessor-version":[{"id":8474,"href":"https:\/\/rentboattenerife.com\/lt\/wp-json\/wp\/v2\/pages\/8208\/revisions\/8474"}],"wp:attachment":[{"href":"https:\/\/rentboattenerife.com\/lt\/wp-json\/wp\/v2\/media?parent=8208"}],"curies":[{"name":"wp","href":"https:\/\/api.w.org\/{rel}","templated":true}]}}