{"id":4053,"date":"2020-10-14T21:01:40","date_gmt":"2020-10-14T18:01:40","guid":{"rendered":"https:\/\/demo01.gethomey.io\/?page_id=4053"},"modified":"2024-11-23T15:44:03","modified_gmt":"2024-11-23T15:44:03","slug":"contact-us","status":"publish","type":"page","link":"https:\/\/rentboattenerife.com\/lt\/susisiekite-su-mumis\/","title":{"rendered":"Susisiekite su mumis"},"content":{"rendered":"<div data-elementor-type=\"wp-page\" data-elementor-id=\"4053\" class=\"elementor elementor-4053\">\n\t\t\t\t\t\t<section class=\"elementor-section elementor-top-section elementor-element elementor-element-e457e92 elementor-section-boxed elementor-section-height-default elementor-section-height-default\" data-id=\"e457e92\" data-element_type=\"section\" data-e-type=\"section\">\n\t\t\t\t\t\t<div class=\"elementor-container elementor-column-gap-default\">\n\t\t\t\t\t<div class=\"elementor-column elementor-col-100 elementor-top-column elementor-element elementor-element-b171ae8\" data-id=\"b171ae8\" data-element_type=\"column\" data-e-type=\"column\">\n\t\t\t<div class=\"elementor-widget-wrap elementor-element-populated\">\n\t\t\t\t\t\t<div class=\"elementor-element elementor-element-1aebba9 elementor-widget elementor-widget-spacer\" data-id=\"1aebba9\" data-element_type=\"widget\" data-e-type=\"widget\" data-widget_type=\"spacer.default\">\n\t\t\t\t<div class=\"elementor-widget-container\">\n\t\t\t\t\t\t\t<div class=\"elementor-spacer\">\n\t\t\t<div class=\"elementor-spacer-inner\"><\/div>\n\t\t<\/div>\n\t\t\t\t\t\t<\/div>\n\t\t\t\t<\/div>\n\t\t\t\t\t<\/div>\n\t\t<\/div>\n\t\t\t\t\t<\/div>\n\t\t<\/section>\n\t\t\t\t<section class=\"elementor-section elementor-top-section elementor-element elementor-element-a8ee29e elementor-section-boxed elementor-section-height-default elementor-section-height-default elementor-invisible\" data-id=\"a8ee29e\" data-element_type=\"section\" data-e-type=\"section\" data-settings=\"{&quot;animation&quot;:&quot;fadeIn&quot;}\">\n\t\t\t\t\t\t<div class=\"elementor-container elementor-column-gap-wider\">\n\t\t\t\t\t<div class=\"elementor-column elementor-col-50 elementor-top-column elementor-element elementor-element-89a52ed\" data-id=\"89a52ed\" data-element_type=\"column\" data-e-type=\"column\">\n\t\t\t<div class=\"elementor-widget-wrap elementor-element-populated\">\n\t\t\t\t\t\t<div class=\"elementor-element elementor-element-ec4a278 elementor-widget elementor-widget-text-editor\" data-id=\"ec4a278\" data-element_type=\"widget\" data-e-type=\"widget\" data-widget_type=\"text-editor.default\">\n\t\t\t\t<div class=\"elementor-widget-container\">\n\t\t\t\t\t\t\t\t\t<h1>Susisiekite su mumis<\/h1><p>Jei norite i\u0161sinuomoti valt\u012f Tenerif\u0117je, palikite savo pra\u0161ym\u0105 \u017eemiau ir mes susisieksime su jumis kaip \u012fmanoma grei\u010diau.<\/p>\t\t\t\t\t\t\t\t<\/div>\n\t\t\t\t<\/div>\n\t\t\t\t<div class=\"elementor-element elementor-element-1faa67e elementor-widget elementor-widget-shortcode\" data-id=\"1faa67e\" data-element_type=\"widget\" data-e-type=\"widget\" data-widget_type=\"shortcode.default\">\n\t\t\t\t<div class=\"elementor-widget-container\">\n\t\t\t\t\t\t\t<div class=\"elementor-shortcode\">\n<div class=\"wpcf7 no-js\" id=\"wpcf7-f1343-o1\" lang=\"en-US\" dir=\"ltr\" data-wpcf7-id=\"1343\">\n<div class=\"screen-reader-response\"><p role=\"status\" aria-live=\"polite\" aria-atomic=\"true\"><\/p> <ul><\/ul><\/div>\n<form action=\"\/lt\/wp-json\/wp\/v2\/pages\/4053#wpcf7-f1343-o1\" method=\"post\" class=\"wpcf7-form init\" aria-label=\"Kontaktin\u0117 forma\" novalidate=\"novalidate\" data-status=\"init\" data-trp-original-action=\"\/lt\/wp-json\/wp\/v2\/pages\/4053#wpcf7-f1343-o1\">\n<fieldset class=\"hidden-fields-container\"><input type=\"hidden\" name=\"_wpcf7\" value=\"1343\" \/><input type=\"hidden\" name=\"_wpcf7_version\" value=\"6.1.5\" \/><input type=\"hidden\" name=\"_wpcf7_locale\" value=\"en_US\" \/><input type=\"hidden\" name=\"_wpcf7_unit_tag\" value=\"wpcf7-f1343-o1\" \/><input type=\"hidden\" name=\"_wpcf7_container_post\" value=\"0\" \/><input type=\"hidden\" name=\"_wpcf7_posted_data_hash\" value=\"\" \/>\n<\/fieldset>\n<div class=\"form-group\">\n\t<p><span class=\"wpcf7-form-control-wrap\" data-name=\"your-name\"><input size=\"40\" maxlength=\"400\" class=\"wpcf7-form-control wpcf7-text wpcf7-validates-as-required form-control\" aria-required=\"true\" aria-invalid=\"false\" placeholder=\"*J\u016bs\u0173 vardas\" value=\"\" type=\"text\" name=\"your-name\" \/><\/span>\n\t<\/p>\n<\/div>\n<div class=\"form-group\">\n\t<p><span class=\"wpcf7-form-control-wrap\" data-name=\"phonetext-382\"><input size=\"40\" class=\"wpcf7-form-control wpcf7-phonetext wpcf7-validates-as-required wpcf7-text wpcf7-validates-as-phonetext\" aria-required=\"true\" aria-invalid=\"false\" placeholder=\"*Para\u0161ykite savo telefono numer\u012f\" value=\"\" type=\"text\" name=\"phonetext-382\" \/><input type=\"hidden\" name=\"phonetext-382-country-code\" class=\"wpcf7-phonetext-country-code\" \/><\/span>\n\t<\/p>\n<\/div>\n<div class=\"form-group\">\n\t<p><span class=\"wpcf7-form-control-wrap\" data-name=\"tel-176\"><input size=\"40\" maxlength=\"400\" class=\"wpcf7-form-control wpcf7-tel wpcf7-text wpcf7-validates-as-tel form-control\" aria-invalid=\"false\" placeholder=\"*\u201eWhatsApp\u201c su \u0161alies kodu +XX...\" value=\"\" type=\"tel\" name=\"tel-176\" \/><\/span>\n\t<\/p>\n<\/div>\n<div class=\"form-group\">\n\t<p><span class=\"wpcf7-form-control-wrap\" data-name=\"your-email\"><input size=\"40\" maxlength=\"400\" class=\"wpcf7-form-control wpcf7-email wpcf7-validates-as-required wpcf7-text wpcf7-validates-as-email form-control\" aria-required=\"true\" aria-invalid=\"false\" placeholder=\"*J\u016bs\u0173 el. pa\u0161to adresas\" value=\"\" type=\"email\" name=\"your-email\" \/><\/span>\n\t<\/p>\n<\/div>\n<div class=\"form-group\">\n\t<p><span class=\"wpcf7-form-control-wrap\" data-name=\"your-message\"><textarea cols=\"40\" rows=\"10\" maxlength=\"2000\" class=\"wpcf7-form-control wpcf7-textarea wpcf7-validates-as-required form-control\" aria-required=\"true\" aria-invalid=\"false\" placeholder=\"*J\u016bs\u0173 \u017einut\u0117 (data, trukm\u0117, sve\u010di\u0173 skai\u010dius ir kita j\u016bs\u0173 u\u017esakymo informacija...)\" name=\"your-message\"><\/textarea><\/span>\n\t<\/p>\n<\/div>\n<p><input class=\"wpcf7-form-control wpcf7-submit has-spinner btn btn-primary\" type=\"submit\" value=\"Si\u0173sti\" \/>\n<\/p><div class=\"wpcf7-response-output\" aria-hidden=\"true\"><\/div>\n<input type=\"hidden\" name=\"trp-form-language\" value=\"lt\"\/><\/form>\n<\/div>\n<\/div>\n\t\t\t\t\t\t<\/div>\n\t\t\t\t<\/div>\n\t\t\t\t\t<\/div>\n\t\t<\/div>\n\t\t\t\t<div class=\"elementor-column elementor-col-25 elementor-top-column elementor-element elementor-element-96c0f31\" data-id=\"96c0f31\" data-element_type=\"column\" data-e-type=\"column\">\n\t\t\t<div class=\"elementor-widget-wrap\">\n\t\t\t\t\t\t\t<\/div>\n\t\t<\/div>\n\t\t\t\t<div class=\"elementor-column elementor-col-25 elementor-top-column elementor-element elementor-element-06ae03f\" data-id=\"06ae03f\" data-element_type=\"column\" data-e-type=\"column\">\n\t\t\t<div class=\"elementor-widget-wrap elementor-element-populated\">\n\t\t\t\t\t\t<section class=\"elementor-section elementor-inner-section elementor-element elementor-element-1e7e114 elementor-section-boxed elementor-section-height-default elementor-section-height-default\" data-id=\"1e7e114\" data-element_type=\"section\" data-e-type=\"section\" data-settings=\"{&quot;background_background&quot;:&quot;classic&quot;}\">\n\t\t\t\t\t\t<div class=\"elementor-container elementor-column-gap-default\">\n\t\t\t\t\t<div class=\"elementor-column elementor-col-100 elementor-inner-column elementor-element elementor-element-a961c24\" data-id=\"a961c24\" data-element_type=\"column\" data-e-type=\"column\">\n\t\t\t<div class=\"elementor-widget-wrap elementor-element-populated\">\n\t\t\t\t\t\t<div class=\"elementor-element elementor-element-276d477 elementor-widget elementor-widget-heading\" data-id=\"276d477\" data-element_type=\"widget\" data-e-type=\"widget\" data-widget_type=\"heading.default\">\n\t\t\t\t<div class=\"elementor-widget-container\">\n\t\t\t\t\t<h3 class=\"elementor-heading-title elementor-size-default\">\u012emon\u0117s biuras\n<\/h3>\t\t\t\t<\/div>\n\t\t\t\t<\/div>\n\t\t\t\t\t<\/div>\n\t\t<\/div>\n\t\t\t\t\t<\/div>\n\t\t<\/section>\n\t\t\t\t<div class=\"elementor-element elementor-element-2f65d46 elementor-widget elementor-widget-text-editor\" data-id=\"2f65d46\" data-element_type=\"widget\" data-e-type=\"widget\" data-widget_type=\"text-editor.default\">\n\t\t\t\t<div class=\"elementor-widget-container\">\n\t\t\t\t\t\t\t\t\t<p>38660 Costa Adeje, Tenerif\u0117, Kanar\u0173 salos, Ispanija<\/p>\t\t\t\t\t\t\t\t<\/div>\n\t\t\t\t<\/div>\n\t\t\t\t<div class=\"elementor-element elementor-element-e9f9d16 elementor-widget elementor-widget-text-editor\" data-id=\"e9f9d16\" data-element_type=\"widget\" data-e-type=\"widget\" data-widget_type=\"text-editor.default\">\n\t\t\t\t<div class=\"elementor-widget-container\">\n\t\t\t\t\t\t\t\t\t<div class=\"wpb_text_column wpb_content_element vc_custom_1540491007246\"><div class=\"wpb_wrapper\"><p>Nor\u0117dami susisiekti su m\u016bs\u0173 komanda, pasirinkite vien\u0105 i\u0161 \u0161i\u0173.<\/p><\/div><\/div>\t\t\t\t\t\t\t\t<\/div>\n\t\t\t\t<\/div>\n\t\t\t\t<section class=\"elementor-section elementor-inner-section elementor-element elementor-element-8993152 elementor-section-boxed elementor-section-height-default elementor-section-height-default\" data-id=\"8993152\" data-element_type=\"section\" data-e-type=\"section\" data-settings=\"{&quot;background_background&quot;:&quot;classic&quot;}\">\n\t\t\t\t\t\t<div class=\"elementor-container elementor-column-gap-default\">\n\t\t\t\t\t<div class=\"elementor-column elementor-col-100 elementor-inner-column elementor-element elementor-element-ab7824b\" data-id=\"ab7824b\" data-element_type=\"column\" data-e-type=\"column\">\n\t\t\t<div class=\"elementor-widget-wrap elementor-element-populated\">\n\t\t\t\t\t\t<div class=\"elementor-element elementor-element-ad2ebf1 elementor-widget elementor-widget-heading\" data-id=\"ad2ebf1\" data-element_type=\"widget\" data-e-type=\"widget\" data-widget_type=\"heading.default\">\n\t\t\t\t<div class=\"elementor-widget-container\">\n\t\t\t\t\t<h3 class=\"elementor-heading-title elementor-size-default\">Tiesioginis kontaktas\n<\/h3>\t\t\t\t<\/div>\n\t\t\t\t<\/div>\n\t\t\t\t<div class=\"elementor-element elementor-element-3050626 elementor-widget elementor-widget-text-editor\" data-id=\"3050626\" data-element_type=\"widget\" data-e-type=\"widget\" data-widget_type=\"text-editor.default\">\n\t\t\t\t<div class=\"elementor-widget-container\">\n\t\t\t\t\t\t\t\t\t<div class=\"wpb_text_column wpb_content_element vc_custom_1540491007246\"><div class=\"wpb_wrapper\"><p><strong>Telefonas<\/strong>: +34600469283<\/p><p><strong>El. pa\u0161tas<\/strong>: <a href=\"mailto:rentboattenerife@gmail.com\">rentboattenerife@gmail.com<\/a><\/p><\/div><\/div>\t\t\t\t\t\t\t\t<\/div>\n\t\t\t\t<\/div>\n\t\t\t\t\t<\/div>\n\t\t<\/div>\n\t\t\t\t\t<\/div>\n\t\t<\/section>\n\t\t\t\t\t<\/div>\n\t\t<\/div>\n\t\t\t\t\t<\/div>\n\t\t<\/section>\n\t\t\t\t<section class=\"elementor-section elementor-top-section elementor-element elementor-element-76cb716 elementor-section-boxed elementor-section-height-default elementor-section-height-default\" data-id=\"76cb716\" data-element_type=\"section\" data-e-type=\"section\">\n\t\t\t\t\t\t<div class=\"elementor-container elementor-column-gap-default\">\n\t\t\t\t\t<div class=\"elementor-column elementor-col-100 elementor-top-column elementor-element elementor-element-fa96f30\" data-id=\"fa96f30\" data-element_type=\"column\" data-e-type=\"column\">\n\t\t\t<div class=\"elementor-widget-wrap elementor-element-populated\">\n\t\t\t\t\t\t<div class=\"elementor-element elementor-element-7d13368 elementor-widget elementor-widget-spacer\" data-id=\"7d13368\" data-element_type=\"widget\" data-e-type=\"widget\" data-widget_type=\"spacer.default\">\n\t\t\t\t<div class=\"elementor-widget-container\">\n\t\t\t\t\t\t\t<div class=\"elementor-spacer\">\n\t\t\t<div class=\"elementor-spacer-inner\"><\/div>\n\t\t<\/div>\n\t\t\t\t\t\t<\/div>\n\t\t\t\t<\/div>\n\t\t\t\t\t<\/div>\n\t\t<\/div>\n\t\t\t\t\t<\/div>\n\t\t<\/section>\n\t\t\t\t<\/div>","protected":false},"excerpt":{"rendered":"<p>Susisiekite su mumis Jei norite i\u0161sinuomoti valt\u012f Tenerif\u0117je, palikite u\u017eklaus\u0105 \u017eemiau ir mes su jumis kuo grei\u010diau susisieksime. \u012emon\u0117s buvein\u0117 38660 Kosta Adech\u0117, Tenerif\u0117, Kanar\u0173 salos, Ispanija Nor\u0117dami susisiekti su m\u016bs\u0173 komanda, pasirinkite vien\u0105 i\u0161 \u0161i\u0173 b\u016bd\u0173. Tiesioginio kontakto telefonas: +34600469283 El. pa\u0161tas: rentboattenerife@gmail.com<\/p>","protected":false},"author":1,"featured_media":0,"parent":0,"menu_order":0,"comment_status":"closed","ping_status":"closed","template":"elementor_header_footer","meta":{"_acf_changed":false,"footnotes":""},"class_list":["post-4053","page","type-page","status-publish","hentry"],"acf":[],"aioseo_notices":[],"_links":{"self":[{"href":"https:\/\/rentboattenerife.com\/lt\/wp-json\/wp\/v2\/pages\/4053","targetHints":{"allow":["GET"]}}],"collection":[{"href":"https:\/\/rentboattenerife.com\/lt\/wp-json\/wp\/v2\/pages"}],"about":[{"href":"https:\/\/rentboattenerife.com\/lt\/wp-json\/wp\/v2\/types\/page"}],"author":[{"embeddable":true,"href":"https:\/\/rentboattenerife.com\/lt\/wp-json\/wp\/v2\/users\/1"}],"replies":[{"embeddable":true,"href":"https:\/\/rentboattenerife.com\/lt\/wp-json\/wp\/v2\/comments?post=4053"}],"version-history":[{"count":4,"href":"https:\/\/rentboattenerife.com\/lt\/wp-json\/wp\/v2\/pages\/4053\/revisions"}],"predecessor-version":[{"id":8498,"href":"https:\/\/rentboattenerife.com\/lt\/wp-json\/wp\/v2\/pages\/4053\/revisions\/8498"}],"wp:attachment":[{"href":"https:\/\/rentboattenerife.com\/lt\/wp-json\/wp\/v2\/media?parent=4053"}],"curies":[{"name":"wp","href":"https:\/\/api.w.org\/{rel}","templated":true}]}}