{"id":3,"date":"2022-11-15T09:41:57","date_gmt":"2022-11-15T07:41:57","guid":{"rendered":"https:\/\/rentboattenerife.com\/?page_id=3"},"modified":"2024-11-24T14:30:49","modified_gmt":"2024-11-24T14:30:49","slug":"privacy-policy","status":"publish","type":"page","link":"https:\/\/rentboattenerife.com\/lt\/privacy-policy\/","title":{"rendered":"Privatumo politika"},"content":{"rendered":"<h2>\u0160i privatumo politika parengta laikantis \u012fsipareigojim\u0173 pagal Bendr\u0105j\u012f duomen\u0173 apsaugos reglament\u0105 (2016 m. baland\u017eio 27 d. EB reglamentas 2016\/679 arba GDPR \u2013 Bendrasis duomen\u0173 apsaugos reglamentas).<\/h2>\n<ol>\n<li>Koki\u0105 informacij\u0105 renkame ir kod\u0117l.<\/li>\n<li>Asmens informacijos tvarkymo b\u016bdas ir vieta.<\/li>\n<li>Informacijos sklaida.<\/li>\n<li>Asmenin\u0117s informacijos apsauga.<\/li>\n<li>Prieiga prie informacijos.<\/li>\n<li>Slapukai, \u017einiatinklio \u0161vyturiai ir kitos technologijos.<\/li>\n<li>Nuorodos \u012f kitas svetaines.<\/li>\n<li>Privatumo politikos pakeitimai.<\/li>\n<li>Teisin\u0117 informacija.<\/li>\n<li>Kontaktai.<\/li>\n<li>Koki\u0105 informacij\u0105 renkame ir kod\u0117l<\/li>\n<\/ol>\n<p>Jei vartotojas (Licenciatas) u\u017esiregistruoja el. pa\u0161tu, gauname informacij\u0105:<\/p>\n<p>\u2013 vardas, vartotojo vardas (Licenciatas);<\/p>\n<p>\u2013 elektroninio pa\u0161to adres\u0105;<\/p>\n<p>- telefonas;<\/p>\n<p>\u2013 miestas;<\/p>\n<p>\u2013 \u0161alis.<\/p>\n<p>Jei vartotojas (Licenciatas) registruojasi naudodamasis Facebook autorizavimo paslauga, gauname \u0161i\u0105 informacij\u0105:<\/p>\n<p>\u2013 elektroninio pa\u0161to adres\u0105;<\/p>\n<p>\u2013 telefono numeris;<\/p>\n<p>\u2013 vartotojo paskyra Facebook;<\/p>\n<p>\u2013 telefonas.<\/p>\n<p>Prie\u017eastis, kod\u0117l vartotojo (Licenciato) pra\u0161oma telefono numerio, yra galimyb\u0117 teikti konsultacin\u0119 pagalb\u0105 ir paslaugas.<\/p>\n<p>Mes renkame tik tuos duomenis, kuriuos mums savanori\u0161kai pateikiate.<\/p>\n<p>J\u016bs negalite mums pateikti \u0161ios informacijos, bet jei tai padarysite, m\u016bs\u0173 svetain\u0117 ir paslaugos gali tinkamai neveikti arba kai kurios j\u0173 funkcijos gali b\u016bti neprieinamos.<\/p>\n<p>Be to, kai lankot\u0117s m\u016bs\u0173 svetain\u0117se, mes galime automati\u0161kai gauti tam tikr\u0105 informacij\u0105 apie jus. Tokia informacija gali b\u016bti:<\/p>\n<p>\u2013 J\u016bs\u0173 IP adresas;<\/p>\n<p>\u2013 informacija apie j\u016bs\u0173 kompiuterio\/mobiliojo \u012frenginio operacin\u0119 sistem\u0105 ir nar\u0161ykl\u0117s tip\u0105,<\/p>\n<p>- j\u016bs\u0173 \u012frenginio tipas,<\/p>\n<p>\u2013 j\u016bs\u0173 mobiliojo \u012frenginio unikal\u0173 \u012frenginio identifikatori\u0173 (UDID) arba mobiliosios \u012frangos identifikatori\u0173 (MEID),<\/p>\n<p>\u2013 svetain\u0117s, kurioje buvo patalpinta nuoroda apie mus ir puslapius, kuriuose lank\u0117t\u0117s m\u016bs\u0173 svetain\u0117je, adresas.<\/p>\n<p>\u2013 registracijos laikas;<\/p>\n<p>\u2013 svetain\u0117je praleistas laikas;<\/p>\n<p>\u2013 lankomi puslapiai svetain\u0117je;<\/p>\n<p>\u2013 treniruo\u010di\u0173 rezultatai (i\u0161laikytos med\u017eiagos, test\u0173 rezultatai);<\/p>\n<p>\u2013 lai\u0161k\u0173 atidarymo rezultatai;<\/p>\n<p>\u2013 paskutinio apsilankymo laikas;<\/p>\n<p>\u2013 paskutinio apsilankymo trukm\u0117;<\/p>\n<p>\u2013 licencijos prad\u017eios ir pabaigos data;<\/p>\n<p>\u2013 kiti \u201eGoogle Analytics\u201c, \u201eZoho SalesIQ\u201c, \u201eFacebook Pixel\u201c surinkti duomenys.<\/p>\n<p>\u0160i\u0105 informacij\u0105 galime naudoti administruodami, pri\u017ei\u016br\u0117dami ir tinkindami savo svetain\u0119 ir paslaugas, aptarnauti Licenciato naudotojus ir rinkodaros kampanijas.<\/p>\n<p>\u0160ioje privatumo politikoje taip pat pateikiame papildomos informacijos apie tai, kaip naudojame slapukus.<\/p>\n<p>\u201eGoogle Tag Manager\u201c, \u201eFacebook Pixel\u201c ir kitos rinkodaros paslaugos renka informacij\u0105 apie j\u016bs\u0173 apsilankymus ir veikl\u0105 adresu&nbsp;<a href=\"https:\/\/rentboattenerife.com\/lt\/\">rentboattenerife.com<\/a>. \u0160i informacija gali b\u016bti naudojama tikslinei reklamai. Vartotojas gali i\u0161jungti \u0161i\u0173 duomen\u0173 rinkim\u0105 Facebook ir Google paslaug\u0173 nustatymuose.<\/p>\n<p><a href=\"https:\/\/www.facebook.com\/help\/247395082112892?helpref=related\">https:\/\/www.facebook.com\/help\/247395082112892?help&#8230;<\/a><\/p>\n<p><a href=\"https:\/\/support.google.com\/ads\/answer\/2662856?co=GENIE.Platform%3DAndroid&amp;hl=en\">https:\/\/support.google.com\/ads\/answer\/2662856?co=GENIE.Platform%3DAndroid&amp;hl=en<\/a><\/p>\n<p>2. Asmens informacijos tvarkymo b\u016bdas ir vieta<\/p>\n<p><em>Apdorojimo b\u016bdas<\/em><\/p>\n<p>Asmens informacijos tvarkymas atliekamas naudojant kompiuterius ir\/ar automatizavimo priemones laikantis duomen\u0173 rinkimo tiksl\u0105 atitinkan\u010di\u0173 proced\u016br\u0173 ir b\u016bd\u0173.<\/p>\n<p>Duomen\u0173 tvarkytojas. Galite papildomai papra\u0161yti m\u016bs\u0173 \u0161i\u0173 asmen\u0173 s\u0105ra\u0161o.<\/p>\n<p><em>Duomen\u0173 apdorojimo vieta<\/em><\/p>\n<p>Duomenys tvarkomi Licencijos i\u0161dav\u0117jo biure ir kitose vietose, kuriose yra su tvarkymu susijusios \u0161alys. Nor\u0117dami gauti daugiau informacijos, susisiekite su mumis (duomen\u0173 operatoriumi ir duomen\u0173 baz\u0117s savininku).<\/p>\n<p>3. Informacijos sklaida<\/p>\n<p>Siekdamas teikti paslaug\u0105, Licenciatas (jo darbuotojai ir rangovai) gali naudoti ir tvarkyti j\u016bs\u0173 asmenin\u0119 informacij\u0105.<\/p>\n<p>Bet kokiam j\u016bs\u0173 asmenin\u0117s informacijos naudojimui Licenciato viduje taikoma \u0161i privatumo politika. Retkar\u010diais galime atsi\u0173sti jums \u017einutes, kuriose yra rinkodaros ir reklamin\u0117s informacijos apie m\u016bs\u0173 produktus ir paslaugas, akcijas ir pan. Jei neduosite mums sutikimo gauti tokius prane\u0161imus (registracijos proceso metu arba kai u\u017esisakote paslaugas), mes jums toki\u0173 prane\u0161im\u0173 nesi\u0173sime.<\/p>\n<p>Asmenin\u0117 informacija taip pat bus prieinama mok\u0117jimo sistemoms, kurios teikia mok\u0117jimo pri\u0117mim\u0105 <a href=\"https:\/\/rentboattenerife.com\/lt\/\">rentboattenerife.com<\/a>&nbsp;svetain\u0119. Tam tikra informacija taip pat bus saugoma ir apdorojama klient\u0173 aptarnavimo programin\u0117s \u012frangos pardav\u0117j\u0173 Zoho CRM, ZOHO Campaigns serveriuose.<\/p>\n<p>Licencijos dav\u0117jas gali pasitelkti kitas \u012fmones teikti paslaugas ir organizuoti reklamines kampanijas. \u0160ios \u012fmon\u0117s taip pat gali pasiekti dal\u012f j\u016bs\u0173 asmenin\u0117s informacijos tik tiek, kiek b\u016btina paslaugai teikti, ir jos negali naudoti jokiam kitam tikslui.<\/p>\n<p>Licencijos dav\u0117jas neparduoda, neperduoda ir neperduoda savo klient\u0173 ir Svetain\u0117s vartotoj\u0173 asmenin\u0117s informacijos tre\u010diosioms \u0161alims, kurios n\u0117ra Licencijos dav\u0117jo grup\u0117s dalis. Ta\u010diau gav\u0119 j\u016bs\u0173 sutikim\u0105 kartais galime si\u0173sti jums rinkodaros informacij\u0105 vieno i\u0161 m\u016bs\u0173 partneri\u0173 vardu apie si\u016blomus produktus ir paslaugas, kurie jus gali sudominti. Taip pat galime j\u016bs\u0173 paklausti, ar nor\u0117tum\u0117te gauti rinkodaros med\u017eiagos i\u0161 m\u016bs\u0173 verslo partneri\u0173. Jei sutinkate gauti naujienlai\u0161k\u012f, mes nesidalinsime j\u016bs\u0173 asmenine informacija su \u0161iais partneriais, bet atsi\u0173sime jums med\u017eiag\u0105 el. pa\u0161tu \u0161i\u0173 partneri\u0173 vardu.<\/p>\n<p>Licencijos i\u0161dav\u0117jas pasilieka teis\u0119 naudoti ir dalytis bet kokia informacija apie jus, kiek tai ai\u0161kiai leid\u017eia \u012fstatymai ar kiti teis\u0117s aktai, siekdami apsaugoti m\u016bs\u0173 paslaug\u0173 vientisum\u0105, apsaugoti m\u016bs\u0173 teises arba pad\u0117ti teis\u0117saugos institucijoms tirti nusikaltimus ir u\u017etikrinti visuomen\u0117s saugum\u0105.<\/p>\n<p>4. Asmenin\u0117s informacijos apsauga<\/p>\n<p>Licencijos dav\u0117jas imasi vis\u0173 komerci\u0161kai pagr\u012fst\u0173 priemoni\u0173, kad u\u017ekirst\u0173 keli\u0105 neteis\u0117tai prieigai prie asmenin\u0117s informacijos ir duomen\u0173, gaut\u0173 naudojantis Svetaine ar paslaugomis. Stengiam\u0117s apsaugoti j\u016bs\u0173 asmens duomenis, ta\u010diau raginame imtis vis\u0173 galim\u0173 atsargumo priemoni\u0173, kad j\u016bs\u0173 asmens duomenys b\u016bt\u0173 apsaugoti perduodant. Nor\u0117dami tai padaryti, da\u017eniau keiskite slapta\u017eod\u017eius, naudokite raid\u017ei\u0173 ir skai\u010di\u0173 derinius bei saugi\u0105 nar\u0161ykl\u0119.<\/p>\n<p><em>Vaik\u0173 informacijos saugumo u\u017etikrinimas<\/em><\/p>\n<p>Svetain\u0117 n\u0117ra skirta pritraukti vaik\u0173 ir nepilname\u010di\u0173 d\u0117mesio. Licencijos dav\u0117jas ty\u010dia nerenka vaik\u0173 ir jaunesni\u0173 nei 18 met\u0173 asmen\u0173 asmens duomen\u0173 ir nesiun\u010dia jiems joki\u0173 u\u017eklaus\u0173 d\u0117l asmenin\u0117s informacijos.<\/p>\n<p>5. Prieiga prie informacijos<\/p>\n<p>J\u016bs visi\u0161kai kontroliuojate vis\u0105 mums pateikt\u0105 asmenin\u0119 informacij\u0105. J\u016bs galite bet kada nurodyti arba pakeisti asmenin\u0119 informacij\u0105, kuri\u0105 gauname i\u0161 j\u016bs\u0173, arba pakeisti reklamin\u0117s ir rinkodaros informacijos gavimo i\u0161 m\u016bs\u0173 ir m\u016bs\u0173 partneri\u0173 nustatymus. Galite bet kada papra\u0161yti m\u016bs\u0173 pa\u0161alinti vis\u0105 apie jus surinkt\u0105 informacij\u0105 (teis\u0117 pamir\u0161ti). Nor\u0117dami tai padaryti, atsi\u0173skite mums el. lai\u0161k\u0105 arba lai\u0161k\u0105 adresu vzatkhei@gmail.com.<\/p>\n<p>6. Slapukai, \u017einiatinklio \u0161vyturiai ir kitos technologijos<\/p>\n<p>Svetain\u0117 renka informacij\u0105 apie J\u016bs\u0173 elges\u012f m\u016bs\u0173 Svetain\u0117je ir apsilankymus Svetain\u0117s puslapiuose, siekdama gauti apsilankym\u0173 statistik\u0105 ir naudojimosi svetaine efektyvum\u0105, formuoti asmenin\u012f po\u017ei\u016br\u012f ir pritaikyti m\u016bs\u0173 paslaugas pagal kiekvieno vartotojo interesus. Tai darome naudodami \u012fvairias technologijas, viena i\u0161 j\u0173 yra slapukai. Tai yra duomenys, kuriuos svetain\u0117 gali si\u0173sti \u012f j\u016bs\u0173 nar\u0161ykl\u0119 ir jie bus saugomi j\u016bs\u0173 kompiuteryje, kad svetain\u0117 v\u0117liau juos atpa\u017eint\u0173.<\/p>\n<p>Slapukai da\u017eniausiai naudojami interneto svetaini\u0173 efektyvumui matuoti (pavyzd\u017eiui, lankytoj\u0173 skai\u010diui ir j\u0173 buvimo ten trukmei i\u0161matuoti), \u012fdomiausias temas ir aplankytus puslapius identifikuoti bei u\u017etikrinti, kad svetain\u0117je b\u016bt\u0173 lengva nar\u0161yti ir naudotis nerenkant jokios asmenin\u0117s informacijos. Slapukai taip pat gali b\u016bti naudojami siekiant sukurti asmenin\u012f po\u017ei\u016br\u012f, pagr\u012fst\u0105 j\u016bs\u0173 ankstesne patirtimi naudojant svetain\u0119 ir j\u016bs\u0173 pageidavimus. Laikui b\u0117gant \u0161i informacija gali pagerinti j\u016bs\u0173 patirt\u012f.<\/p>\n<p>Slapukai paprastai skirstomi \u012f sesijos ir nuolatinius slapukus. Seanso slapukai padeda efektyviai nar\u0161yti svetain\u0117je, tod\u0117l informacijos, kurios buvo pra\u0161oma vien\u0105 kart\u0105 per seans\u0105, daugiau nebebus pra\u0161oma. Seanso slapukai saugomi laikinojoje atmintyje ir i\u0161trinami, kai u\u017edarote nar\u0161ykl\u0119. Nuolatiniai slapukai i\u0161saugo naudotojo nuostatas dabartiniams ir b\u016bsimiems apsilankymams (pvz., supaprastina svetain\u0117s autorizavim\u0105 \u012fsimenant vartotoj\u0173 paskyras). Jie i\u0161saugomi j\u016bs\u0173 kompiuterio stand\u017eiajame diske arba mobiliojo \u012frenginio diske ir suaktyvinami paleidus nar\u0161ykl\u0119. Mes naudojame nuolatinius slapukus, kad saugotume informacij\u0105, pvz., vartotojo kalb\u0105 ir \u0161al\u012f.<\/p>\n<p>Jei nebenorite gauti slapuk\u0173 arba norite b\u016bti informuoti, kai bus gautas slapukas, sukonfig\u016bruokite savo interneto nar\u0161ykl\u0119. Ta\u010diau jei i\u0161jungsite visus slapukus, negal\u0117site naudotis tam tikromis svetain\u0117s paslaugomis ir funkcijomis.<\/p>\n<p>Daugiau apie \u201eslapukus\u201c populiariose paie\u0161kos sistemose galite su\u017einoti apsilank\u0119 \u0161iose nuorodose:<\/p>\n<p><a href=\"https:\/\/policies.yahoo.com\/us\/en\/yahoo\/privacy\/\">https:\/\/policies.yahoo.com\/us\/en\/yahoo\/privacy\/<\/a><\/p>\n<p><a href=\"https:\/\/www.google.com\/policies\/privacy\/\">https:\/\/www.google.com\/policies\/privacy\/<\/a><\/p>\n<p><a href=\"https:\/\/privacy.microsoft.com\/en-us\/privacystatement\">https:\/\/privacy.microsoft.com\/en-us\/privacystatement<\/a><\/p>\n<p>Populiari\u0173 nar\u0161ykli\u0173 nustatymus rasite \u0161iose nuorodose:<\/p>\n<p>Chrome:&nbsp;<a href=\"https:\/\/support.google.com\/chrome\/answer\/95647?hl=en\">https:\/\/support.google.com\/chrome\/answer\/95647?hl=en<\/a><\/p>\n<p>Tyrin\u0117tojas:&nbsp;<a href=\"https:\/\/support.microsoft.com\/en-us\/products\/windows?os=windows-10\">https:\/\/support.microsoft.com\/en-us\/products\/windows?os=windows-10<\/a><\/p>\n<p>Safari:&nbsp;<a href=\"https:\/\/support.apple.com\/kb\/PH21411\">https:\/\/support.apple.com\/kb\/PH21411<\/a><\/p>\n<p>Firefox:&nbsp;<a href=\"https:\/\/support.mozilla.org\/en-US\/kb\/enable-and-disable-cookies-website-preferences\">https:\/\/support.mozilla.org\/en-US\/kb\/enable-and-disable-cookies-website-preferences<\/a><\/p>\n<p>Opera:&nbsp;<a href=\"http:\/\/www.opera.com\/help\/tutorials\/security\/cookies\/\">http:\/\/www.opera.com\/help\/tutorials\/security\/cookies\/<\/a><\/p>\n<p>7. Nuorodos \u012f kitas svetaines<\/p>\n<p>Jei lankot\u0117s tre\u010di\u0173j\u0173 \u0161ali\u0173 svetain\u0117se, kuri\u0173 nepri\u017ei\u016bri Licencijos dav\u0117jas, spustel\u0117dami m\u016bs\u0173 svetain\u0117je esan\u010dias nuorodas, tur\u0117tum\u0117te perskaityti j\u0173 privatumo ir kitus veikimo principus. Mes nesame atsakingi u\u017e kit\u0173 \u012fmoni\u0173 privatumo politik\u0105 ir duomen\u0173 rinkimo praktik\u0105, o bet koki\u0105 informacij\u0105, kuri\u0105 pateikiate tokioms \u012fmon\u0117ms, jos renka pagal savo privatumo politik\u0105.<\/p>\n<p>8. Privatumo politikos pakeitimai<\/p>\n<p>Mes galime bet kada keisti \u0161i\u0105 politik\u0105, paskelbdami nauj\u0105 privatumo politikos versij\u0105 \u0161iame puslapyje&nbsp;<a href=\"https:\/\/rentboattenerife.com\/lt\/privacy-policy\/\">https:\/\/rentboattenerife.com\/privacy-policy\/<\/a>. Primygtinai rekomenduojame da\u017enai tikrinti \u0161\u012f puslap\u012f ir puslapio vir\u0161uje pateikt\u0105 dat\u0105, kad su\u017einotum\u0117te naujausius pakeitimus.<\/p>\n<p>Jei nesutinkate su jokiais Politikos pakeitimais, turite nustoti naudotis svetaine ir licencijos i\u0161dav\u0117jo paslaugomis ir galite pra\u0161yti, kad pa\u0161alintume j\u016bs\u0173 asmenin\u0119 informacij\u0105.<\/p>\n<p>\u0160i privatumo politika taikoma visai asmeninei informacijai&nbsp;<a href=\"https:\/\/rentboattenerife.com\/lt\/\">https:\/\/rentboattenerife.com\/<\/a>&nbsp;naudotojai ir Licencijos dav\u0117jo klientai, kuriuos turime, neatsi\u017evelgiant \u012f surinkimo b\u016bd\u0105 ir gavimo b\u016bd\u0105.<\/p>\n<p>9. Teisin\u0117 informacija<\/p>\n<p>Privatumo politika atitinka Ukrainos teis\u0117s akt\u0173 d\u0117l asmens duomen\u0173 apsaugos reikalavimus, taip pat daugumos NVS \u0161ali\u0173 teis\u0117s akt\u0173 reikalavimus ir joje pateikiama i\u0161sami informacija apie renkamus duomenis, j\u0173 tikslus, rinkimo, tvarkymo ir naudojimo b\u016bdus.<\/p>\n<p>Privatumo politika parengta laikantis \u012fsipareigojim\u0173 pagal Bendr\u0105j\u012f duomen\u0173 apsaugos reglament\u0105 (2016 m. baland\u017eio 27 d. EB reglamentas 2016\/679 arba GDPR \u2013 Bendrasis duomen\u0173 apsaugos reglamentas).<\/p>\n<p>10. Licencijos i\u0161dav\u0117jo kontaktai<\/p>\n<p>Tenerif\u0117s valties nuoma<\/p>\n<p>38660 Costa Adeje, Tenerif\u0117, Kanar\u0173 salos, Ispanija<\/p>\n<p>Telefonas: +34662020230<\/p>\n<p>pa\u0161tas: vzatkhei@gmail.com<\/p>\n<p>U\u017e informacijos saugojim\u0105 atsakingo asmens kontaktai:<\/p>\n<p>vzatkhei@gmail.com<\/p>","protected":false},"excerpt":{"rendered":"<p>\u0160i privatumo politika parengta laikantis Bendrojo duomen\u0173 apsaugos reglamento (ES reglamentas 2016\/679, 2016 m. baland\u017eio 27 d., arba BDAR \u2013 Bendrasis duomen\u0173 apsaugos reglamentas) \u012fsipareigojim\u0173. Koki\u0105 informacij\u0105 renkame ir kod\u0117l. Asmens duomen\u0173 tvarkymo b\u016bdas ir vieta. Informacijos skleidimas. Asmens duomen\u0173 apsauga. Prieiga prie informacijos. [\u2026]<\/p>","protected":false},"author":1,"featured_media":0,"parent":0,"menu_order":0,"comment_status":"closed","ping_status":"open","template":"","meta":{"_acf_changed":false,"footnotes":""},"class_list":["post-3","page","type-page","status-publish","hentry"],"acf":[],"aioseo_notices":[],"_links":{"self":[{"href":"https:\/\/rentboattenerife.com\/lt\/wp-json\/wp\/v2\/pages\/3","targetHints":{"allow":["GET"]}}],"collection":[{"href":"https:\/\/rentboattenerife.com\/lt\/wp-json\/wp\/v2\/pages"}],"about":[{"href":"https:\/\/rentboattenerife.com\/lt\/wp-json\/wp\/v2\/types\/page"}],"author":[{"embeddable":true,"href":"https:\/\/rentboattenerife.com\/lt\/wp-json\/wp\/v2\/users\/1"}],"replies":[{"embeddable":true,"href":"https:\/\/rentboattenerife.com\/lt\/wp-json\/wp\/v2\/comments?post=3"}],"version-history":[{"count":1,"href":"https:\/\/rentboattenerife.com\/lt\/wp-json\/wp\/v2\/pages\/3\/revisions"}],"predecessor-version":[{"id":8504,"href":"https:\/\/rentboattenerife.com\/lt\/wp-json\/wp\/v2\/pages\/3\/revisions\/8504"}],"wp:attachment":[{"href":"https:\/\/rentboattenerife.com\/lt\/wp-json\/wp\/v2\/media?parent=3"}],"curies":[{"name":"wp","href":"https:\/\/api.w.org\/{rel}","templated":true}]}}