{"id":6279,"date":"2023-07-13T11:06:10","date_gmt":"2023-07-13T10:06:10","guid":{"rendered":"https:\/\/rentboattenerife.com\/?page_id=6279"},"modified":"2023-07-13T11:21:38","modified_gmt":"2023-07-13T10:21:38","slug":"terms-and-conditions","status":"publish","type":"page","link":"https:\/\/rentboattenerife.com\/it\/terms-and-conditions\/","title":{"rendered":"Termini e Condizioni"},"content":{"rendered":"<h2 class=\"wp-block-heading\">TERMINI DI UTILIZZO:<\/h2>\n\n\n\n<p>L&#039;interazione con il sito Web rentboattenerife.com implica l&#039;accettazione dei successivi termini del contratto con l&#039;utente. Si prega di interrompere l&#039;utilizzo del nostro sito Web se non si \u00e8 d&#039;accordo con i termini delineati.<\/p>\n\n\n\n<h3 class=\"wp-block-heading\"><strong>1. Diritti di propriet\u00e0<\/strong><\/h3>\n\n\n\n<p>RentBoatTenerife.com, oi suoi partner, detengono esclusivamente tutti i diritti di propriet\u00e0 sul contenuto del sito Web, inclusi, a titolo esemplificativo ma non esaustivo, testo, immagini, loghi, file audio e video. Qualsiasi uso, riproduzione, diffusione o alterazione non autorizzati di questo contenuto \u00e8 severamente vietato a meno che RentBoatTenerife.com non dia esplicitamente il consenso scritto.<\/p>\n\n\n\n<h3 class=\"wp-block-heading\">2. Esclusione di responsabilit\u00e0<\/h3>\n\n\n\n<p>RentBoatTenerife.com non sar\u00e0 ritenuto responsabile per eventuali perdite o danni diretti o indiretti subiti dall&#039;uso o dall&#039;impossibilit\u00e0 di utilizzare il nostro sito Web o il suo contenuto. Le informazioni trovate sul sito non sono garantite per essere esatte, complete o affidabili. Si prega di notare che l&#039;utilizzo del sito Web \u00e8 a proprio rischio.<\/p>\n\n\n\n<h3 class=\"wp-block-heading\">3. Garanzia sulla privacy<\/h3>\n\n\n\n<p>A RentBoatTenerife.com, apprezziamo molto la tua privacy e ci impegniamo a salvaguardare le tue informazioni personali. La nostra politica sulla privacy fornisce ampi dettagli su come raccogliamo, utilizziamo e proteggiamo i tuoi dati.<\/p>\n\n\n\n<h3 class=\"wp-block-heading\">4. Modifica dell&#039;Accordo per gli utenti<\/h3>\n\n\n\n<p>RentBoatTenerife.com si riserva il diritto di modificare il presente accordo con l&#039;utente in qualsiasi momento. Eventuali modifiche saranno immediatamente efficaci al momento della pubblicazione sul sito. Continuare a utilizzare il sito Web dopo che sono state apportate modifiche costituisce il tuo consenso a rispettare i termini modificati.<\/p>\n\n\n\n<h3 class=\"wp-block-heading\">5. Politica dei prezzi<\/h3>\n\n\n\n<p>I prezzi su https:\/\/rentboattenerife.com\/ sono comprensivi di eventuale IVA applicabile al momento dell&#039;acquisto. I prezzi corrispondenti a ciascun servizio sono quelli visualizzati sul sito Web e calcolati automaticamente durante il processo di prenotazione. Il cliente deve essere consapevole che alcuni costi del servizio potrebbero fluttuare in tempo reale, ma tali modifiche verranno sempre comunicate in anticipo. Per qualsiasi informazione relativa alla prenotazione, ti preghiamo di contattarci tramite il numero di telefono o l&#039;e-mail di supporto forniti.<\/p>\n\n\n\n<h3 class=\"wp-block-heading\">6. Spiegazione dei metodi di transazione<\/h3>\n\n\n\n<p>Per soddisfare un&#039;ampia gamma di preferenze dei clienti, RentBoatTenerife.com offre molteplici opzioni di transazione:<\/p>\n\n\n\n<ul class=\"wp-block-list\">\n<li><strong>6.1. Pagamento con carta di credito o debito:<\/strong>&nbsp;L&#039;utente deve essere in possesso di una carta di credito o di debito valida e inserire tutte le cifre del numero della carta nell&#039;apposito modulo. La transazione viene elaborata al momento dell&#039;ordine. Si accettano solo carte Visa e MasterCard. Accettiamo solo pagamenti con carte sicure, dove l&#039;autenticazione della tua identit\u00e0 come titolare della carta viene effettuata secondo il metodo stabilito dalla tua banca, attraverso il commercio elettronico sicuro (&quot;Verified by Visa&quot; e &quot;MasterCard SecureCode&quot;). L&#039;ordine non pu\u00f2 essere contabilizzato e non verr\u00e0 elaborato fino a quando il pagamento non sar\u00e0 autorizzato dalla banca o dal cassiere.<\/li>\n<\/ul>\n\n\n\n<ul class=\"wp-block-list\">\n<li><strong>6.2. PayPal o altra piattaforma:<\/strong>&nbsp;Dopo aver completato l&#039;acquisto, se viene selezionato questo metodo di pagamento, verrai reindirizzato al sito ufficiale di PayPal, dove potrai effettuare il pagamento. Dopo che il pagamento \u00e8 stato elaborato con successo, il tuo ordine sar\u00e0 completato e un&#039;e-mail con un riepilogo dell&#039;acquisto verr\u00e0 inviata al tuo indirizzo e-mail. Facendo clic sul pulsante &quot;Torna al sito Web&quot; si torner\u00e0 al sito Web per visualizzare e stampare l&#039;ordine. PayPal ha le proprie politiche sulla privacy e Rent Boat Tenerife non ne \u00e8 responsabile.<\/li>\n<\/ul>\n\n\n\n<ul class=\"wp-block-list\">\n<li><strong>6.3. Piattaforma REDSYS:&nbsp;<\/strong>Dopo l&#039;approvazione del pagamento, il cliente ricever\u00e0 un link per il pagamento da Rent Boat Tenerife e verr\u00e0 reindirizzato al sito ufficiale REDSYS. Dopo che il pagamento \u00e8 stato elaborato con successo, il tuo ordine sar\u00e0 completato e un&#039;e-mail con un riepilogo dell&#039;acquisto verr\u00e0 inviata al tuo indirizzo e-mail. REDSYS ha le proprie politiche sulla privacy e Rent Boat Tenerife non ne \u00e8 responsabile.<\/li>\n<\/ul>\n\n\n\n<h3 class=\"wp-block-heading\">7. Termini per Prenotazioni e Depositi<\/h3>\n\n\n\n<p>Gli adulti legali possono effettuare prenotazioni. Se il passeggero ha meno di 18 anni, \u00e8 necessario un accompagnatore adulto per il tour in barca. \u00c8 tuo dovere fornire informazioni personali e di gruppo accurate e rispettare le norme di sicurezza della barca e le istruzioni dell&#039;equipaggio. Per il benessere dei passeggeri con mobilit\u00e0 ridotta, assicurati che l&#039;imbarcazione selezionata sia in linea con le condizioni e i requisiti di salute individuali.<\/p>\n\n\n\n<h3 class=\"wp-block-heading\">8. Dettagli sui servizi di trasferimento<\/h3>\n\n\n\n<p>Alcuni tour offerti da Rent Boat Tenerife includono un servizio di trasferimento. Se prenoti con noi e vedi una menzione di &quot;trasferimento nel sud di Tenerife&quot;, questa zona include Los Cristianos, Playa de las Americas, Costa Adeje, La Caleta e Playa Paraiso. Se il tuo alloggio \u00e8 al di fuori di questa zona, il trasferimento non \u00e8 incluso e richiede un preventivo coordinamento con il nostro personale. Tieni presente che non \u00e8 consentito annullare l&#039;escursione in barca a causa della scoperta che il tuo alloggio non \u00e8 idoneo per il trasferimento gratuito. Il servizio di trasferimento \u00e8 fornito dal nostro partner. Rent Boat Tenerife specifica l&#039;orario e il luogo dell&#039;incontro corretti sul tuo biglietto, ma la responsabilit\u00e0 dell&#039;arrivo tempestivo ricade sul partner e devi essere pronto in tempo. Si prega di notare che anche se il servizio di trasferimento \u00e8 indicato, potrebbe non essere disponibile a causa di determinati motivi, come l&#039;interruzione del trasporto o l&#039;occupazione di tutti i posti disponibili a causa di prenotazioni dell&#039;ultimo minuto.<\/p>\n\n\n\n<h3 class=\"wp-block-heading\">9. Condizioni di Prenotazione Last Minute<\/h3>\n\n\n\n<p>Alcuni viaggi in yacht offerti da Rent Boat Tenerife includono cibo e bevande. Tuttavia, nel caso di prenotazioni effettuate meno di tre ore prima della partenza programmata, questo servizio non \u00e8 fornito.<\/p>\n\n\n\n<h3 class=\"wp-block-heading\">10. Modifica e Cancellazione della Prenotazione<\/h3>\n\n\n\n<p>RentBoatTenerife.com comprende che potrebbero essere necessari aggiustamenti della prenotazione. In tali casi, ti contatteremo per discutere modifiche significative o, se c&#039;\u00e8 tempo sufficiente prima dell&#039;escursione, ti informeremo se hai gi\u00e0 un biglietto. L&#039;orario finale programmato sar\u00e0 indicato nel biglietto di conferma.<\/p>\n\n\n\n<p>In rari casi di cancellazione a causa di partecipanti insufficienti o circostanze impreviste, i clienti hanno la possibilit\u00e0 di ricevere un rimborso completo o scegliere un&#039;escursione alternativa di livello e prezzo simili. Se l&#039;alternativa selezionata \u00e8 di standard e prezzo inferiori, la differenza verr\u00e0 rimborsata. I termini di prenotazione originali rimangono invariati se si sceglie un&#039;escursione alternativa.<\/p>\n\n\n\n<h3 class=\"wp-block-heading\">11. Cancellazioni legate alle condizioni meteorologiche<\/h3>\n\n\n\n<p>Disponiamo di previsioni meteorologiche affidabili e accurate 48 ore prima del servizio. In caso di previsione di maltempo, i clienti\/partecipanti hanno la possibilit\u00e0 di annullare il servizio o riprogrammarlo per un&#039;altra data. In caso di cancellazione per maltempo entro il periodo di tempo specificato, garantiamo un rimborso completo. Non si accettano disdette dopo l&#039;inizio del servizio. Il maltempo \u00e8 definito come pioggia battente, vento forte o condizioni del mare che rappresentano una minaccia per la sicurezza della navigazione, degli ospiti e dell&#039;equipaggio.&nbsp;<\/p>\n\n\n\n<p>Rent Boat Tenerife si riserva il diritto di prendere una decisione in merito alla fattibilit\u00e0 del viaggio in barca in base alle previsioni del tempo e alle condizioni necessarie per la fornitura sicura del servizio. A volte le condizioni meteorologiche possono cambiare durante la giornata, non corrispondendo alle previsioni, e creare condizioni che, pur consentendo una navigazione sicura, non sono ideali per un&#039;esperienza completa. In tali casi, la nostra compagnia informer\u00e0 i clienti sulle attuali condizioni del mare durante la registrazione e dopo l&#039;imbarco da parte del comandante. Se i clienti desiderano annullare la prenotazione e non partecipare all&#039;attivit\u00e0, verr\u00e0 fornito un rimborso completo. Tuttavia, i clienti che hanno gi\u00e0 iniziato il viaggio non hanno la possibilit\u00e0 di annullare il servizio o ricevere un rimborso parziale.<\/p>\n\n\n\n<p>Ci sforziamo di garantire che tutti i nostri clienti siano soddisfatti e si divertano. Se abbiamo motivo di ritenere che le condizioni per il viaggio in barca non saranno soddisfatte entro 48 ore, informeremo e raccomanderemo al cliente di annullare la prenotazione. A volte incontriamo tentativi di cancellazione dovuti a previsioni del tempo che anticipano pioggia leggera o nuvolosit\u00e0 con bassa probabilit\u00e0. In tali casi, la cancellazione a causa delle condizioni meteorologiche non viene elaborata.<\/p>\n\n\n\n<h3 class=\"wp-block-heading\">12. Politica di cancellazione gratuita<\/h3>\n\n\n\n<p>I clienti possono cancellare gratuitamente la prenotazione della loro barca entro determinati periodi di tempo. Ogni barca ha i suoi termini di cancellazione specifici, che possono essere trovati nelle informazioni fornite. Ricorda che qualsiasi pagamento anticipato effettuato al momento della prenotazione non \u00e8 rimborsabile se il servizio viene rifiutato, riprogrammato o modificato per motivi personali, inclusa la valutazione soggettiva delle condizioni meteorologiche o della malattia. Per cancellare una prenotazione, contattaci via email all&#039;indirizzo rentboattenerife@gmail.com o telefonicamente al numero +34600469283, fornendo il numero di prenotazione e i recapiti utilizzati durante la prenotazione.<\/p>\n\n\n\n<h3 class=\"wp-block-heading\">13. Esclusione di responsabilit\u00e0 per lesioni personali<\/h3>\n\n\n\n<p>Si prega di notare che Rent Boat Tenerife non pu\u00f2 accettare responsabilit\u00e0 per malattie, lesioni o morte che possono verificarsi durante il viaggio in barca. Accettando i nostri termini, i clienti riconoscono che Rent Boat Tenerife non \u00e8 responsabile e non ha alcun obbligo finanziario in nessuna di queste sfortunate circostanze.<\/p>\n\n\n\n<h3 class=\"wp-block-heading\">14. Politica di mancata presentazione<\/h3>\n\n\n\n<p>La mancata presentazione senza preavviso non solo influisce sulla nostra programmazione, ma si traduce anche in una significativa perdita di tempo e risorse. In tali casi di mancata presentazione, il costo del servizio pagato non \u00e8 rimborsabile.<\/p>\n\n\n\n<h3 class=\"wp-block-heading\">15. Procedura di reclamo<\/h3>\n\n\n\n<p>RentBoatTenerife sovrintende al processo di prenotazione ma non pu\u00f2 rispondere a reclami relativi alla gita in barca stessa. Eventuali reclami devono essere indirizzati al fornitore di servizi in loco. Se il nostro partner fornisce un rimborso totale o parziale, sar\u00e0 visto come una soluzione al tuo reclamo. Ulteriori reclami non saranno accolti in nessun caso.<\/p>\n\n\n\n<h3 class=\"wp-block-heading\">16. Legislazione e risoluzione delle controversie<\/h3>\n\n\n\n<p>Le presenti condizioni di prenotazione sono regolate dalla legislazione nazionale della Spagna (Isole Canarie). Le controversie saranno soggette alla giurisdizione dell&#039;indirizzo registrato della societ\u00e0.<\/p>","protected":false},"excerpt":{"rendered":"<p>TERMINI DI UTILIZZO: L&#039;utilizzo del sito web rentboattenerife.com implica l&#039;accettazione dei seguenti termini e condizioni d&#039;uso. Si prega di interrompere l&#039;utilizzo del nostro sito web in caso di disaccordo con i termini descritti. 1. Diritti di propriet\u00e0 RentBoatTenerife.com, o i suoi partner, detengono in esclusiva tutti i diritti di propriet\u00e0 sui contenuti del sito web, inclusi, a titolo esemplificativo ma non esaustivo, [\u2026]<\/p>","protected":false},"author":1,"featured_media":0,"parent":0,"menu_order":0,"comment_status":"closed","ping_status":"open","template":"","meta":{"_acf_changed":false,"footnotes":""},"class_list":["post-6279","page","type-page","status-publish","hentry"],"acf":[],"aioseo_notices":[],"_links":{"self":[{"href":"https:\/\/rentboattenerife.com\/it\/wp-json\/wp\/v2\/pages\/6279","targetHints":{"allow":["GET"]}}],"collection":[{"href":"https:\/\/rentboattenerife.com\/it\/wp-json\/wp\/v2\/pages"}],"about":[{"href":"https:\/\/rentboattenerife.com\/it\/wp-json\/wp\/v2\/types\/page"}],"author":[{"embeddable":true,"href":"https:\/\/rentboattenerife.com\/it\/wp-json\/wp\/v2\/users\/1"}],"replies":[{"embeddable":true,"href":"https:\/\/rentboattenerife.com\/it\/wp-json\/wp\/v2\/comments?post=6279"}],"version-history":[{"count":0,"href":"https:\/\/rentboattenerife.com\/it\/wp-json\/wp\/v2\/pages\/6279\/revisions"}],"wp:attachment":[{"href":"https:\/\/rentboattenerife.com\/it\/wp-json\/wp\/v2\/media?parent=6279"}],"curies":[{"name":"wp","href":"https:\/\/api.w.org\/{rel}","templated":true}]}}