{"id":6368,"date":"2023-07-14T16:00:51","date_gmt":"2023-07-14T15:00:51","guid":{"rendered":"https:\/\/rentboattenerife.com\/?page_id=6368"},"modified":"2024-11-23T15:46:07","modified_gmt":"2024-11-23T15:46:07","slug":"tenerife-water-sports","status":"publish","type":"page","link":"https:\/\/rentboattenerife.com\/fr\/sports-nautiques-a-tenerife\/","title":{"rendered":"Sports nautiques T\u00e9n\u00e9rife"},"content":{"rendered":"<div data-elementor-type=\"wp-page\" data-elementor-id=\"6368\" class=\"elementor elementor-6368\">\n\t\t\t\t\t\t<section class=\"elementor-section elementor-top-section elementor-element elementor-element-2de39b5 elementor-section-boxed elementor-section-height-default elementor-section-height-default\" data-id=\"2de39b5\" data-element_type=\"section\" data-e-type=\"section\">\n\t\t\t\t\t\t<div class=\"elementor-container elementor-column-gap-default\">\n\t\t\t\t\t<div class=\"elementor-column elementor-col-100 elementor-top-column elementor-element elementor-element-c5e60bd\" data-id=\"c5e60bd\" data-element_type=\"column\" data-e-type=\"column\">\n\t\t\t<div class=\"elementor-widget-wrap elementor-element-populated\">\n\t\t\t\t\t\t<div class=\"elementor-element elementor-element-d43c77f elementor-widget elementor-widget-spacer\" data-id=\"d43c77f\" data-element_type=\"widget\" data-e-type=\"widget\" data-widget_type=\"spacer.default\">\n\t\t\t\t<div class=\"elementor-widget-container\">\n\t\t\t\t\t\t\t<div class=\"elementor-spacer\">\n\t\t\t<div class=\"elementor-spacer-inner\"><\/div>\n\t\t<\/div>\n\t\t\t\t\t\t<\/div>\n\t\t\t\t<\/div>\n\t\t\t\t<div class=\"elementor-element elementor-element-eaa625b elementor-widget elementor-widget-text-editor\" data-id=\"eaa625b\" data-element_type=\"widget\" data-e-type=\"widget\" data-widget_type=\"text-editor.default\">\n\t\t\t\t<div class=\"elementor-widget-container\">\n\t\t\t\t\t\t\t\t\t<h1>Sports nautiques T\u00e9n\u00e9rife<\/h1><p>Plongez dans le frisson des sports nautiques \u00e0 Tenerife ! Vivez la mont\u00e9e d&#039;adr\u00e9naline du flyboard et du parachute ascensionnel, ou faites du jet ski pour une aventure inoubliable \u00e0 Tenerife.<\/p>\t\t\t\t\t\t\t\t<\/div>\n\t\t\t\t<\/div>\n\t\t\t\t<div class=\"elementor-element elementor-element-98253c4 elementor-widget elementor-widget-spacer\" data-id=\"98253c4\" data-element_type=\"widget\" data-e-type=\"widget\" data-widget_type=\"spacer.default\">\n\t\t\t\t<div class=\"elementor-widget-container\">\n\t\t\t\t\t\t\t<div class=\"elementor-spacer\">\n\t\t\t<div class=\"elementor-spacer-inner\"><\/div>\n\t\t<\/div>\n\t\t\t\t\t\t<\/div>\n\t\t\t\t<\/div>\n\t\t\t\t<div class=\"elementor-element elementor-element-2794c08 elementor-widget elementor-widget-homey_elementor_experience_grids\" data-id=\"2794c08\" data-element_type=\"widget\" data-e-type=\"widget\" data-widget_type=\"homey_elementor_experience_grids.default\">\n\t\t\t\t<div class=\"elementor-widget-container\">\n\t\t\t\t\t\n\t\t<div class=\"module-wrap taxonomy-grid taxonomy-grid-1\">\n\t\t\t<div class=\"row\">\n\t\t\t\t\n\t\t\t\t\t<div class=\"col-lg-6 col-md-6 col-sm-6 col-xs-12\">\n\t\t\t\t\t\t<div class=\"wwwww taxonomy-item taxonomy-card\">\n\t\t\t\t\t\t\t<a class=\"taxonomy-link hover-effect\" href=\"https:\/\/rentboattenerife.com\/fr\/tenerife-water-sports\/balade-en-bateau-banane-tenerife\/\">\n\t\t\t\t\t\t\t\t<div class=\"taxonomy-title\">Balade en bateau banane \u00e0 Tenerife<\/div>\n\t\t\t\t\t\t\t\t<img fetchpriority=\"high\" decoding=\"async\" class=\"img-responsive\" src=\"https:\/\/rentboattenerife.com\/wp-content\/uploads\/2023\/07\/Banana-boat-ride-Tenerife-555x360.jpg\" width=\"555\" height=\"360\" alt=\"zone_d&#039;exp\u00e9rience\">\n\t\t\t\t\t\t\t<\/a>\n\t\t\t\t\t\t<\/div>\n\t\t\t\t\t<\/div>\n\n\t\t\t\t\t\n\t\t\t\t\t<div class=\"col-lg-6 col-md-6 col-sm-6 col-xs-12\">\n\t\t\t\t\t\t<div class=\"wwwww taxonomy-item taxonomy-card\">\n\t\t\t\t\t\t\t<a class=\"taxonomy-link hover-effect\" href=\"https:\/\/rentboattenerife.com\/fr\/tenerife-water-sports\/fly-fish-tenerife\/\">\n\t\t\t\t\t\t\t\t<div class=\"taxonomy-title\">P\u00eache \u00e0 la mouche T\u00e9n\u00e9rife<\/div>\n\t\t\t\t\t\t\t\t<img decoding=\"async\" class=\"img-responsive\" src=\"https:\/\/rentboattenerife.com\/wp-content\/uploads\/2023\/07\/Fly-Fish-Tenerife-555x360.jpg\" width=\"555\" height=\"360\" alt=\"zone_d&#039;exp\u00e9rience\">\n\t\t\t\t\t\t\t<\/a>\n\t\t\t\t\t\t<\/div>\n\t\t\t\t\t<\/div>\n\n\t\t\t\t\t\n\t\t\t\t\t<div class=\"col-lg-6 col-md-6 col-sm-6 col-xs-12\">\n\t\t\t\t\t\t<div class=\"wwwww taxonomy-item taxonomy-card\">\n\t\t\t\t\t\t\t<a class=\"taxonomy-link hover-effect\" href=\"https:\/\/rentboattenerife.com\/fr\/tenerife-water-sports\/flyboard-tenerife\/\">\n\t\t\t\t\t\t\t\t<div class=\"taxonomy-title\">Flyboard T\u00e9n\u00e9rife<\/div>\n\t\t\t\t\t\t\t\t<img decoding=\"async\" class=\"img-responsive\" src=\"https:\/\/rentboattenerife.com\/wp-content\/uploads\/2023\/07\/Flyboard-Tenerife-555x360.jpg\" width=\"555\" height=\"360\" alt=\"zone_d&#039;exp\u00e9rience\">\n\t\t\t\t\t\t\t<\/a>\n\t\t\t\t\t\t<\/div>\n\t\t\t\t\t<\/div>\n\n\t\t\t\t\t\n\t\t\t\t\t<div class=\"col-lg-6 col-md-6 col-sm-6 col-xs-12\">\n\t\t\t\t\t\t<div class=\"wwwww taxonomy-item taxonomy-card\">\n\t\t\t\t\t\t\t<a class=\"taxonomy-link hover-effect\" href=\"https:\/\/rentboattenerife.com\/fr\/tenerife-water-sports\/jet-ski-tenerife\/\">\n\t\t\t\t\t\t\t\t<div class=\"taxonomy-title\">Jet Ski T\u00e9n\u00e9rife<\/div>\n\t\t\t\t\t\t\t\t<img loading=\"lazy\" decoding=\"async\" class=\"img-responsive\" src=\"https:\/\/rentboattenerife.com\/wp-content\/uploads\/2022\/11\/jet-ski-tenerife-555x360.jpg\" width=\"555\" height=\"360\" alt=\"zone_d&#039;exp\u00e9rience\">\n\t\t\t\t\t\t\t<\/a>\n\t\t\t\t\t\t<\/div>\n\t\t\t\t\t<\/div>\n\n\t\t\t\t\t\n\t\t\t\t\t<div class=\"col-lg-6 col-md-6 col-sm-6 col-xs-12\">\n\t\t\t\t\t\t<div class=\"wwwww taxonomy-item taxonomy-card\">\n\t\t\t\t\t\t\t<a class=\"taxonomy-link hover-effect\" href=\"https:\/\/rentboattenerife.com\/fr\/tenerife-water-sports\/paddle-surf-tenerife\/\">\n\t\t\t\t\t\t\t\t<div class=\"taxonomy-title\">Paddle Surf<\/div>\n\t\t\t\t\t\t\t\t<img loading=\"lazy\" decoding=\"async\" class=\"img-responsive\" src=\"https:\/\/rentboattenerife.com\/wp-content\/uploads\/2024\/10\/Paddle-surf-Tenerife.jpg\" width=\"545\" height=\"354\" alt=\"zone_d&#039;exp\u00e9rience\">\n\t\t\t\t\t\t\t<\/a>\n\t\t\t\t\t\t<\/div>\n\t\t\t\t\t<\/div>\n\n\t\t\t\t\t\n\t\t\t\t\t<div class=\"col-lg-6 col-md-6 col-sm-6 col-xs-12\">\n\t\t\t\t\t\t<div class=\"wwwww taxonomy-item taxonomy-card\">\n\t\t\t\t\t\t\t<a class=\"taxonomy-link hover-effect\" href=\"https:\/\/rentboattenerife.com\/fr\/tenerife-water-sports\/parasailing-tenerife\/\">\n\t\t\t\t\t\t\t\t<div class=\"taxonomy-title\">Parachute ascensionnel \u00e0 T\u00e9n\u00e9rife<\/div>\n\t\t\t\t\t\t\t\t<img loading=\"lazy\" decoding=\"async\" class=\"img-responsive\" src=\"https:\/\/rentboattenerife.com\/wp-content\/uploads\/2023\/07\/parasailing-tenerife-555x360.jpg\" width=\"555\" height=\"360\" alt=\"zone_d&#039;exp\u00e9rience\">\n\t\t\t\t\t\t\t<\/a>\n\t\t\t\t\t\t<\/div>\n\t\t\t\t\t<\/div>\n\n\t\t\t\t\t\t\t\t\t\n\t\t\t<\/div>\n\t\t<\/div>\n\t\t\n\t\t\t\t\t\t<\/div>\n\t\t\t\t<\/div>\n\t\t\t\t\t<\/div>\n\t\t<\/div>\n\t\t\t\t\t<\/div>\n\t\t<\/section>\n\t\t\t\t<section class=\"elementor-section elementor-top-section elementor-element elementor-element-72ceee4 elementor-section-boxed elementor-section-height-default elementor-section-height-default\" data-id=\"72ceee4\" data-element_type=\"section\" data-e-type=\"section\">\n\t\t\t\t\t\t<div class=\"elementor-container elementor-column-gap-default\">\n\t\t\t\t\t<div class=\"elementor-column elementor-col-100 elementor-top-column elementor-element elementor-element-dc840e5\" data-id=\"dc840e5\" data-element_type=\"column\" data-e-type=\"column\">\n\t\t\t<div class=\"elementor-widget-wrap\">\n\t\t\t\t\t\t\t<\/div>\n\t\t<\/div>\n\t\t\t\t\t<\/div>\n\t\t<\/section>\n\t\t\t\t<section class=\"elementor-section elementor-top-section elementor-element elementor-element-edd9793 elementor-section-boxed elementor-section-height-default elementor-section-height-default\" data-id=\"edd9793\" data-element_type=\"section\" data-e-type=\"section\">\n\t\t\t\t\t\t<div class=\"elementor-container elementor-column-gap-default\">\n\t\t\t\t\t<div class=\"elementor-column elementor-col-100 elementor-top-column elementor-element elementor-element-0c1134e\" data-id=\"0c1134e\" data-element_type=\"column\" data-e-type=\"column\">\n\t\t\t<div class=\"elementor-widget-wrap elementor-element-populated\">\n\t\t\t\t\t\t<div class=\"elementor-element elementor-element-cc229ee elementor-widget elementor-widget-text-editor\" data-id=\"cc229ee\" data-element_type=\"widget\" data-e-type=\"widget\" data-widget_type=\"text-editor.default\">\n\t\t\t\t<div class=\"elementor-widget-container\">\n\t\t\t\t\t\t\t\t\t<p>La beaut\u00e9 \u00e0 couper le souffle de l&#039;\u00eele de Tenerife n&#039;est pas seulement synonyme de paysages pittoresques et de cuisine d\u00e9licieuse. C&#039;est aussi un paradis pour les amateurs de sensations fortes, offrant une myriade de sports nautiques passionnants qui ne manqueront pas de vous donner une dose d&#039;adr\u00e9naline.<\/p><h2>Pourquoi choisir Tenerife pour les sports nautiques ?<\/h2><p>Situ\u00e9e au c\u0153ur des \u00eeles Canaries, Tenerife b\u00e9n\u00e9ficie de conditions m\u00e9t\u00e9orologiques favorables, d&#039;eaux cristallines et d&#039;une vie marine abondante, ce qui en fait la destination id\u00e9ale pour les amateurs de sports nautiques.<\/p><h3>Jet Ski \u00e0 T\u00e9n\u00e9rife<\/h3><p>Pour ceux qui ont besoin de vitesse, le jet ski dans les eaux azur de Tenerife est un incontournable. Le sport consiste \u00e0 monter sur une embarcation, ce qui peut \u00eatre une exp\u00e9rience passionnante pour les amateurs d&#039;aventure.<\/p><h4>Vivre le frisson<\/h4><p>Imaginez courir \u00e0 la surface de l&#039;eau, le vent fouetter vos cheveux, les embruns sal\u00e9s sur votre visage et l&#039;oc\u00e9an sans fin qui s&#039;\u00e9tend devant vous. C&#039;est le jet ski \u00e0 Tenerife pour vous !<\/p><h4>Mesures de s\u00e9curit\u00e9<\/h4><p>Bien que ce soit sans aucun doute passionnant, la s\u00e9curit\u00e9 ne doit jamais \u00eatre compromise. Portez des gilets de sauvetage, suivez les instructions donn\u00e9es par les instructeurs et maintenez une vitesse et une distance de s\u00e9curit\u00e9 par rapport aux autres navires.<\/p><h3>Parachute ascensionnel \u00e0 T\u00e9n\u00e9rife<\/h3><h4>Qu&#039;est-ce que le parachute ascensionnel ?<\/h4><p>Le parachute ascensionnel est une activit\u00e9 r\u00e9cr\u00e9ative o\u00f9 une personne est remorqu\u00e9e derri\u00e8re un bateau alors qu&#039;elle est attach\u00e9e \u00e0 un parachute, montant haut dans le ciel. Il offre une perspective unique sur le magnifique littoral de Tenerife.<\/p><h4>L&#039;aventure en hauteur<\/h4><p>Le parachute ascensionnel \u00e0 Tenerife vous donne l&#039;impression de planer comme un oiseau, avec une vue panoramique sur le magnifique paysage de l&#039;\u00eele et le vaste oc\u00e9an en contrebas.<\/p><h4>Conseils de s\u00e9curit\u00e9<\/h4><p>Pour une exp\u00e9rience de parachute ascensionnel s\u00fbre et agr\u00e9able, \u00e9coutez les instructions fournies, assurez-vous que votre harnais est s\u00e9curis\u00e9 et \u00e9vitez le parachute ascensionnel dans des conditions m\u00e9t\u00e9orologiques extr\u00eames.<\/p><h3>Flyboard \u00e0 T\u00e9n\u00e9riffe<\/h3><h4>Comprendre le Flyboard<\/h4><p>Le flyboard est un sport nautique relativement nouveau qui consiste \u00e0 se tenir debout sur une planche reli\u00e9e \u00e0 une embarcation par un long tuyau. L&#039;eau est forc\u00e9e sous pression vers une paire de bottes avec des buses \u00e0 jet en dessous, propulsant le cycliste dans les airs.<\/p><h4>La mont\u00e9e d&#039;adr\u00e9naline<\/h4><p>Avec le flyboard, vous pouvez vivre l&#039;ivresse de voler au-dessus de l&#039;oc\u00e9an et de replonger dans l&#039;eau comme un dauphin.<\/p><h4>Pr\u00e9cautions de s\u00e9curit\u00e9<\/h4><p>Aussi exaltant que cela puisse para\u00eetre, le flyboard n\u00e9cessite un certain entra\u00eenement. Assurez-vous de recevoir les instructions appropri\u00e9es et de porter tout l&#039;\u00e9quipement de s\u00e9curit\u00e9 n\u00e9cessaire, y compris un casque et un gilet de sauvetage.<\/p><h3>Balade en bateau banane \u00e0 Tenerife<\/h3><h4>La balade amusante<\/h4><p>Pour ceux qui recherchent une activit\u00e9 amusante et palpitante pour toute la famille, la promenade en bateau banane est une excellente option. Ce bateau gonflable en forme de banane est tir\u00e9 par un hors-bord, offrant une balade agr\u00e9able.<\/p><h4>Le facteur d&#039;excitation<\/h4><p>Tenez-vous bien pendant que le hors-bord file, faisant rebondir le bateau banane sur les vagues. C&#039;est une exp\u00e9rience remplie de rires et d&#039;excitation.<\/p><h4>Consignes de s\u00e9curit\u00e9<\/h4><p>Lors d&#039;une promenade en bateau banane, assurez-vous de bien tenir les poign\u00e9es, d&#039;\u00e9couter les consignes de s\u00e9curit\u00e9 et de toujours porter votre gilet de sauvetage.<\/p><h3>P\u00eache \u00e0 T\u00e9n\u00e9riffe<\/h3><h4>L&#039;activit\u00e9 sereine<\/h4><p>La p\u00eache \u00e0 Tenerife est une activit\u00e9 sereine et \u00e9panouissante. La richesse de la vie marine en fait un endroit fantastique pour les amateurs de p\u00eache \u00e0 la ligne.<\/p><h4>Types de poissons \u00e0 attraper<\/h4><p>Du marlin bleu \u00e0 la bonite de l&#039;Atlantique, vous pouvez trouver un \u00e9ventail d&#039;esp\u00e8ces rendant votre exp\u00e9rience de p\u00eache encore plus enrichissante.<\/p><h4>Consignes de s\u00e9curit\u00e9<\/h4><p>La p\u00eache demande de la patience et des pr\u00e9cautions. Utilisez le bon \u00e9quipement, respectez la vie marine et suivez les r\u00e9glementations locales en mati\u00e8re de p\u00eache.<\/p><h2>Conclusion<\/h2><p>Tenerife offre une gamme fantastique de sports nautiques, chacun offrant son frisson et son excitation uniques. De la mont\u00e9e d&#039;adr\u00e9naline du jet ski et du flyboard au plaisir serein de la p\u00eache, Tenerife a quelque chose pour tous les go\u00fbts d&#039;aventurier.<\/p><h2>FAQ<\/h2><p><strong>Est-il s\u00fbr de pratiquer des sports nautiques \u00e0 Tenerife ?<\/strong><\/p><p>Oui, tant que vous suivez les consignes de s\u00e9curit\u00e9 et les instructions fournies par les professionnels, c&#039;est s\u00fbr.<\/p><p><strong>Dois-je avoir une exp\u00e9rience pr\u00e9alable pour participer \u00e0 ces sports nautiques ?<\/strong><\/p><p>Pour des activit\u00e9s comme le jet ski et le flyboard, une formation peut \u00eatre n\u00e9cessaire, mais g\u00e9n\u00e9ralement, ces activit\u00e9s sont con\u00e7ues pour tous les niveaux de comp\u00e9tence.<\/p><p><strong>Quel est le meilleur moment pour visiter Tenerife pour les sports nautiques ?<\/strong><\/p><p>Tenerife a un climat favorable toute l&#039;ann\u00e9e. Cependant, les mois d&#039;\u00e9t\u00e9 (juin \u00e0 septembre) offrent souvent des conditions optimales pour les sports nautiques.<\/p><p><strong>Les enfants peuvent-ils participer \u00e0 ces sports nautiques ?<\/strong><\/p><p>Certaines activit\u00e9s comme les promenades en bateau banane conviennent aux enfants, mais d&#039;autres peuvent avoir des restrictions d&#039;\u00e2ge. Il est pr\u00e9f\u00e9rable de v\u00e9rifier aupr\u00e8s du prestataire d&#039;activit\u00e9.<\/p><p><strong>Que dois-je apporter avec moi pour ces activit\u00e9s nautiques ?<\/strong><\/p><p>Il est recommand\u00e9 d&#039;apporter un maillot de bain, une serviette, de la cr\u00e8me solaire et des v\u00eatements de rechange. Certains pr\u00e9f\u00e9reront peut-\u00eatre apporter leurs souliers d&#039;eau, bien que ceux-ci ne soient pas toujours n\u00e9cessaires.<\/p>\t\t\t\t\t\t\t\t<\/div>\n\t\t\t\t<\/div>\n\t\t\t\t\t<\/div>\n\t\t<\/div>\n\t\t\t\t\t<\/div>\n\t\t<\/section>\n\t\t\t\t<\/div>","protected":false},"excerpt":{"rendered":"<p>Sports nautiques Tenerife Plongez dans le frisson des sports nautiques \u00e0 Tenerife ! Vivez la mont\u00e9e d&#039;adr\u00e9naline du flyboard et du parachute ascensionnel, ou pilotez un jet ski pour une aventure inoubliable \u00e0 Tenerife. Banana Boat Ride Tenerife Fly Fish Tenerife Flyboard Tenerife Jet Ski Tenerife Parachute ascensionnel Tenerife L&#039;\u00eele de Tenerife, d&#039;une beaut\u00e9 \u00e0 couper le souffle, ne se r\u00e9sume pas seulement \u00e0 [\u2026]<\/p>","protected":false},"author":1,"featured_media":0,"parent":0,"menu_order":0,"comment_status":"closed","ping_status":"closed","template":"elementor_header_footer","meta":{"_acf_changed":false,"footnotes":""},"class_list":["post-6368","page","type-page","status-publish","hentry"],"acf":[],"aioseo_notices":[],"_links":{"self":[{"href":"https:\/\/rentboattenerife.com\/fr\/wp-json\/wp\/v2\/pages\/6368","targetHints":{"allow":["GET"]}}],"collection":[{"href":"https:\/\/rentboattenerife.com\/fr\/wp-json\/wp\/v2\/pages"}],"about":[{"href":"https:\/\/rentboattenerife.com\/fr\/wp-json\/wp\/v2\/types\/page"}],"author":[{"embeddable":true,"href":"https:\/\/rentboattenerife.com\/fr\/wp-json\/wp\/v2\/users\/1"}],"replies":[{"embeddable":true,"href":"https:\/\/rentboattenerife.com\/fr\/wp-json\/wp\/v2\/comments?post=6368"}],"version-history":[{"count":7,"href":"https:\/\/rentboattenerife.com\/fr\/wp-json\/wp\/v2\/pages\/6368\/revisions"}],"predecessor-version":[{"id":8449,"href":"https:\/\/rentboattenerife.com\/fr\/wp-json\/wp\/v2\/pages\/6368\/revisions\/8449"}],"wp:attachment":[{"href":"https:\/\/rentboattenerife.com\/fr\/wp-json\/wp\/v2\/media?parent=6368"}],"curies":[{"name":"wp","href":"https:\/\/api.w.org\/{rel}","templated":true}]}}