{"id":6279,"date":"2023-07-13T11:06:10","date_gmt":"2023-07-13T10:06:10","guid":{"rendered":"https:\/\/rentboattenerife.com\/?page_id=6279"},"modified":"2023-07-13T11:21:38","modified_gmt":"2023-07-13T10:21:38","slug":"terms-and-conditions","status":"publish","type":"page","link":"https:\/\/rentboattenerife.com\/fr\/terms-and-conditions\/","title":{"rendered":"Termes et conditions"},"content":{"rendered":"<h2 class=\"wp-block-heading\">CONDITIONS D&#039;UTILISATION:<\/h2>\n\n\n\n<p>L&#039;engagement avec le site Web rentboattenerife.com implique votre acceptation des termes de l&#039;accord d&#039;utilisation ult\u00e9rieur. Veuillez vous retirer de l&#039;utilisation de notre site Web si vous n&#039;\u00eates pas d&#039;accord avec les conditions d\u00e9crites.<\/p>\n\n\n\n<h3 class=\"wp-block-heading\"><strong>1. Droits de propri\u00e9t\u00e9<\/strong><\/h3>\n\n\n\n<p>RentBoatTenerife.com, ou ses partenaires, d\u00e9tient exclusivement tous les droits de propri\u00e9t\u00e9 sur le contenu du site Web, y compris, mais sans s&#039;y limiter, les textes, images, logos, fichiers audio et vid\u00e9o. Toute utilisation, reproduction, diffusion ou modification non autoris\u00e9e de ce contenu est strictement interdite, sauf autorisation \u00e9crite explicite de RentBoatTenerife.com.<\/p>\n\n\n\n<h3 class=\"wp-block-heading\">2. Exclusion de responsabilit\u00e9<\/h3>\n\n\n\n<p>RentBoatTenerife.com ne sera pas tenu responsable des pertes ou dommages directs ou indirects r\u00e9sultant de l&#039;utilisation ou de l&#039;impossibilit\u00e9 d&#039;utiliser notre site Web ou son contenu. Il n&#039;est pas garanti que les informations trouv\u00e9es sur le site soient exactes, compl\u00e8tes ou fiables. Veuillez noter que l&#039;utilisation du site Web est \u00e0 vos risques et p\u00e9rils.<\/p>\n\n\n\n<h3 class=\"wp-block-heading\">3. Garantie de confidentialit\u00e9<\/h3>\n\n\n\n<p>Chez RentBoatTenerife.com, nous accordons une grande importance \u00e0 votre vie priv\u00e9e et nous nous engageons \u00e0 prot\u00e9ger vos informations personnelles. Notre politique de confidentialit\u00e9 fournit des d\u00e9tails d\u00e9taill\u00e9s sur la mani\u00e8re dont nous recueillons, utilisons et s\u00e9curisons vos donn\u00e9es.<\/p>\n\n\n\n<h3 class=\"wp-block-heading\">4. Modification du contrat d&#039;utilisation<\/h3>\n\n\n\n<p>RentBoatTenerife.com se r\u00e9serve le droit de modifier cet accord d&#039;utilisation \u00e0 tout moment. Toute modification entrera imm\u00e9diatement en vigueur d\u00e8s sa publication sur le site. Continuer \u00e0 utiliser le site Web apr\u00e8s que des modifications ont \u00e9t\u00e9 apport\u00e9es constitue votre accord \u00e0 respecter les conditions r\u00e9vis\u00e9es.<\/p>\n\n\n\n<h3 class=\"wp-block-heading\">5. Politique de prix<\/h3>\n\n\n\n<p>Les prix sur https:\/\/rentboattenerife.com\/ incluent toute TVA applicable au moment de l&#039;achat. Les prix correspondant \u00e0 chaque prestation sont ceux affich\u00e9s sur le site et automatiquement pris en compte lors du processus de r\u00e9servation. Le client doit \u00eatre conscient que certains co\u00fbts de service peuvent fluctuer en temps r\u00e9el, mais de tels changements seront toujours communiqu\u00e9s \u00e0 l&#039;avance. Pour toute information relative \u00e0 la r\u00e9servation, veuillez nous contacter via le num\u00e9ro de t\u00e9l\u00e9phone ou l&#039;e-mail d&#039;assistance fourni.<\/p>\n\n\n\n<h3 class=\"wp-block-heading\">6. M\u00e9thodes de transaction expliqu\u00e9es<\/h3>\n\n\n\n<p>Pour r\u00e9pondre \u00e0 un large \u00e9ventail de pr\u00e9f\u00e9rences des clients, RentBoatTenerife.com propose plusieurs options de transaction\u00a0:<\/p>\n\n\n\n<ul class=\"wp-block-list\">\n<li><strong>6.1. Paiement par carte de cr\u00e9dit ou de d\u00e9bit\u00a0:<\/strong>&nbsp;L&#039;utilisateur doit avoir une carte de cr\u00e9dit ou de d\u00e9bit valide et entrer tous les chiffres du num\u00e9ro de carte dans le formulaire appropri\u00e9. La transaction est trait\u00e9e au moment de la passation de la commande. Seules les cartes Visa et MasterCard sont accept\u00e9es. Nous acceptons uniquement les paiements avec des cartes s\u00e9curis\u00e9es, o\u00f9 l&#039;authentification de votre identit\u00e9 en tant que titulaire de la carte est effectu\u00e9e selon la m\u00e9thode \u00e9tablie par votre banque, par le biais du commerce \u00e9lectronique s\u00e9curis\u00e9 (&quot;Verified by Visa&quot; et &quot;MasterCard SecureCode&quot;). La commande ne pourra \u00eatre prise en compte et ne sera trait\u00e9e qu&#039;une fois le paiement autoris\u00e9 par votre banque ou caissier.<\/li>\n<\/ul>\n\n\n\n<ul class=\"wp-block-list\">\n<li><strong>6.2. PayPal ou autre plate-forme\u00a0:<\/strong>&nbsp;Une fois l&#039;achat termin\u00e9, si ce mode de paiement est s\u00e9lectionn\u00e9, vous serez redirig\u00e9 vers le site officiel de PayPal, o\u00f9 vous pourrez effectuer le paiement. Une fois le paiement trait\u00e9 avec succ\u00e8s, votre commande sera compl\u00e9t\u00e9e et un e-mail avec un r\u00e9capitulatif de votre achat sera envoy\u00e9 \u00e0 votre adresse e-mail. En cliquant sur le bouton \u00ab\u00a0Retourner au site Web\u00a0\u00bb, vous serez redirig\u00e9 vers le site Web pour afficher et imprimer votre commande. PayPal a ses propres politiques de confidentialit\u00e9, et Rent Boat Tenerife n&#039;en est pas responsable.<\/li>\n<\/ul>\n\n\n\n<ul class=\"wp-block-list\">\n<li><strong>6.3. Plateforme REDSYS\u00a0:&nbsp;<\/strong>Apr\u00e8s l&#039;approbation du paiement, le client recevra un lien de paiement de Rent Boat Tenerife et sera redirig\u00e9 vers le site officiel de REDSYS. Une fois le paiement trait\u00e9 avec succ\u00e8s, votre commande sera compl\u00e9t\u00e9e et un e-mail avec un r\u00e9capitulatif de votre achat sera envoy\u00e9 \u00e0 votre adresse e-mail. REDSYS a ses propres politiques de confidentialit\u00e9, et Rent Boat Tenerife n&#039;en est pas responsable.<\/li>\n<\/ul>\n\n\n\n<h3 class=\"wp-block-heading\">7. Conditions de r\u00e9servation et d&#039;acompte<\/h3>\n\n\n\n<p>Les adultes l\u00e9gaux sont autoris\u00e9s \u00e0 effectuer des r\u00e9servations. Si le passager a moins de 18 ans, un adulte accompagnateur est n\u00e9cessaire pour le tour en bateau. Il est de votre devoir de fournir des informations personnelles et de groupe exactes et de respecter les r\u00e8gles de s\u00e9curit\u00e9 du bateau et les instructions de l&#039;\u00e9quipage. Pour le bien-\u00eatre des passagers \u00e0 mobilit\u00e9 r\u00e9duite, assurez-vous que le bateau s\u00e9lectionn\u00e9 est conforme aux conditions et exigences de sant\u00e9 individuelles.<\/p>\n\n\n\n<h3 class=\"wp-block-heading\">8. D\u00e9tails des services de transfert<\/h3>\n\n\n\n<p>Certaines excursions propos\u00e9es par Rent Boat Tenerife incluent un service de transfert. Si vous r\u00e9servez avec nous et voyez une mention de &quot;transfert dans le sud de Tenerife&quot;, cette zone comprend Los Cristianos, Playa de las Americas, Costa Adeje, La Caleta et Playa Paraiso. Si votre lieu d&#039;h\u00e9bergement est en dehors de cette zone, le transfert n&#039;est pas inclus et n\u00e9cessite une coordination pr\u00e9alable avec notre personnel. Veuillez noter que l&#039;annulation de l&#039;excursion en bateau en raison de la d\u00e9couverte que votre h\u00e9bergement n&#039;est pas \u00e9ligible au transfert gratuit n&#039;est pas autoris\u00e9e. Le service de transfert est assur\u00e9 par notre partenaire. Rent Boat Tenerife indique l&#039;heure et le lieu de rendez-vous corrects sur votre billet, mais la responsabilit\u00e9 de l&#039;arriv\u00e9e dans les d\u00e9lais incombe au partenaire et vous devez \u00eatre pr\u00eat \u00e0 l&#039;heure. Veuillez noter que m\u00eame si le service de transfert est indiqu\u00e9, il peut ne pas \u00eatre disponible pour certaines raisons telles qu&#039;une panne de transport ou l&#039;occupation de tous les si\u00e8ges disponibles en raison de r\u00e9servations de derni\u00e8re minute.<\/p>\n\n\n\n<h3 class=\"wp-block-heading\">9. Conditions de r\u00e9servation de derni\u00e8re minute<\/h3>\n\n\n\n<p>Certaines excursions en yacht propos\u00e9es par Rent Boat Tenerife incluent la nourriture et les boissons. Toutefois, en cas de r\u00e9servation effectu\u00e9e moins de trois heures avant le d\u00e9part pr\u00e9vu, ce service n&#039;est pas assur\u00e9.<\/p>\n\n\n\n<h3 class=\"wp-block-heading\">10. Modification et Annulation de R\u00e9servation<\/h3>\n\n\n\n<p>RentBoatTenerife.com comprend que des ajustements de r\u00e9servation peuvent \u00eatre n\u00e9cessaires. Dans de tels cas, nous vous contacterons pour discuter des changements importants ou, s&#039;il reste suffisamment de temps avant l&#039;excursion, nous vous informerons si vous avez d\u00e9j\u00e0 un billet. L&#039;heure pr\u00e9vue finale sera indiqu\u00e9e dans votre billet de confirmation.<\/p>\n\n\n\n<p>Dans de rares cas d&#039;annulation en raison d&#039;un nombre insuffisant de participants ou de circonstances impr\u00e9vues, les clients ont la possibilit\u00e9 de recevoir un remboursement complet ou de choisir une autre excursion d&#039;un niveau et d&#039;un prix similaires. Si l&#039;alternative choisie est de qualit\u00e9 et de prix inf\u00e9rieurs, la diff\u00e9rence sera rembours\u00e9e. Les conditions de r\u00e9servation initiales restent inchang\u00e9es si une excursion alternative est choisie.<\/p>\n\n\n\n<h3 class=\"wp-block-heading\">11. Annulations li\u00e9es aux conditions m\u00e9t\u00e9orologiques<\/h3>\n\n\n\n<p>Nous avons des pr\u00e9visions m\u00e9t\u00e9orologiques fiables et pr\u00e9cises 48 heures avant le service. En cas de pr\u00e9vision de mauvais temps, les clients\/participants ont la possibilit\u00e9 d&#039;annuler la prestation ou de la reporter \u00e0 une autre date. En cas d&#039;annulation due au mauvais temps dans les d\u00e9lais impartis, nous garantissons un remboursement int\u00e9gral. Les annulations apr\u00e8s le d\u00e9but de la prestation ne sont pas accept\u00e9es. Le mauvais temps est d\u00e9fini comme de fortes pluies, des vents forts ou des conditions de mer qui constituent une menace pour la s\u00e9curit\u00e9 de la navigation, des invit\u00e9s et de l&#039;\u00e9quipage.&nbsp;<\/p>\n\n\n\n<p>Rent Boat Tenerife se r\u00e9serve le droit de prendre une d\u00e9cision concernant la faisabilit\u00e9 du voyage en bateau en fonction des pr\u00e9visions m\u00e9t\u00e9orologiques et des conditions n\u00e9cessaires pour une prestation de service en toute s\u00e9curit\u00e9. Parfois, les conditions m\u00e9t\u00e9orologiques peuvent changer au cours de la journ\u00e9e, ne correspondant pas aux pr\u00e9visions, et cr\u00e9er des conditions qui, bien que permettant une navigation s\u00fbre, ne sont pas id\u00e9ales pour une exp\u00e9rience compl\u00e8te. Dans de tels cas, notre soci\u00e9t\u00e9 informera les clients des conditions de mer actuelles lors de l&#039;inscription et apr\u00e8s l&#039;embarquement par le capitaine. Si les clients souhaitent annuler la r\u00e9servation et ne pas participer \u00e0 l&#039;activit\u00e9, un remboursement complet sera fourni. Cependant, les clients qui ont d\u00e9j\u00e0 commenc\u00e9 le voyage n&#039;ont pas la possibilit\u00e9 d&#039;annuler le service ou de recevoir un remboursement partiel.<\/p>\n\n\n\n<p>Nous nous effor\u00e7ons de faire en sorte que tous nos clients soient satisfaits et passent un bon moment. Si nous avons des raisons de croire que les conditions de la promenade en bateau ne seront pas remplies dans les 48 heures, nous en informerons et recommanderons au client d&#039;annuler la r\u00e9servation. Parfois, nous rencontrons des tentatives d&#039;annulation en raison de pr\u00e9visions m\u00e9t\u00e9orologiques qui pr\u00e9voient des pluies l\u00e9g\u00e8res ou des nuages avec une faible probabilit\u00e9. Dans de tels cas, l&#039;annulation due aux conditions m\u00e9t\u00e9orologiques n&#039;est pas trait\u00e9e.<\/p>\n\n\n\n<h3 class=\"wp-block-heading\">12. Politique d&#039;annulation gratuite<\/h3>\n\n\n\n<p>Les clients peuvent annuler leur r\u00e9servation de bateau sans frais dans certains d\u00e9lais. Chaque bateau a ses conditions d&#039;annulation sp\u00e9cifiques, qui peuvent \u00eatre trouv\u00e9es dans les informations fournies. N&#039;oubliez pas que tout pr\u00e9paiement effectu\u00e9 au moment de la r\u00e9servation n&#039;est pas remboursable si le service est refus\u00e9, report\u00e9 ou modifi\u00e9 pour des raisons personnelles, y compris une \u00e9valuation subjective des conditions m\u00e9t\u00e9orologiques ou d&#039;une maladie. Pour annuler une r\u00e9servation, veuillez nous contacter par e-mail \u00e0 rentboattenerife@gmail.com ou par t\u00e9l\u00e9phone au +34600469283, en fournissant le num\u00e9ro de r\u00e9servation et les coordonn\u00e9es utilis\u00e9es lors de la r\u00e9servation.<\/p>\n\n\n\n<h3 class=\"wp-block-heading\">13. Clause de non-responsabilit\u00e9 pour les blessures corporelles<\/h3>\n\n\n\n<p>Veuillez noter que Rent Boat Tenerife ne peut \u00eatre tenu responsable des maladies, blessures ou d\u00e9c\u00e8s pouvant survenir pendant le voyage en bateau. En acceptant nos conditions, les clients reconnaissent que Rent Boat Tenerife n&#039;est pas responsable et n&#039;a aucune obligation financi\u00e8re dans aucune de ces circonstances malheureuses.<\/p>\n\n\n\n<h3 class=\"wp-block-heading\">14. Politique de non-pr\u00e9sentation<\/h3>\n\n\n\n<p>Le fait de ne pas se pr\u00e9senter sans pr\u00e9avis affecte non seulement notre calendrier, mais entra\u00eene \u00e9galement une perte de temps et de ressources importante. Dans de tels cas de non-pr\u00e9sentation, le co\u00fbt du service pay\u00e9 n&#039;est pas remboursable.<\/p>\n\n\n\n<h3 class=\"wp-block-heading\">15. Proc\u00e9dure de r\u00e9clamation<\/h3>\n\n\n\n<p>RentBoatTenerife supervise le processus de r\u00e9servation mais ne peut pas traiter les plaintes li\u00e9es au voyage en bateau lui-m\u00eame. Toute r\u00e9clamation doit \u00eatre adress\u00e9e au prestataire de services sur site. Si notre partenaire fournit un remboursement total ou partiel, cela sera consid\u00e9r\u00e9 comme une r\u00e9solution de votre r\u00e9clamation. Aucune autre r\u00e9clamation ne sera accept\u00e9e en aucun cas.<\/p>\n\n\n\n<h3 class=\"wp-block-heading\">16. L\u00e9gislation et r\u00e8glement des diff\u00e9rends<\/h3>\n\n\n\n<p>Ces conditions de r\u00e9servation sont r\u00e9gies par la l\u00e9gislation nationale de l&#039;Espagne (\u00eeles Canaries). Les litiges seront soumis \u00e0 la juridiction du si\u00e8ge social de la soci\u00e9t\u00e9.<\/p>","protected":false},"excerpt":{"rendered":"<p>CONDITIONS D&#039;UTILISATION\u00a0: L&#039;utilisation du site web rentboattenerife.com implique l&#039;acceptation des conditions g\u00e9n\u00e9rales d&#039;utilisation. Veuillez cesser d&#039;utiliser notre site web si vous n&#039;\u00eates pas d&#039;accord avec les conditions d\u00e9crites. 1. Droits de propri\u00e9t\u00e9. RentBoatTenerife.com, ou ses partenaires, d\u00e9tient exclusivement tous les droits de propri\u00e9t\u00e9 sur le contenu du site web, y compris, mais sans s&#039;y limiter, [\u2026]<\/p>","protected":false},"author":1,"featured_media":0,"parent":0,"menu_order":0,"comment_status":"closed","ping_status":"open","template":"","meta":{"_acf_changed":false,"footnotes":""},"class_list":["post-6279","page","type-page","status-publish","hentry"],"acf":[],"aioseo_notices":[],"_links":{"self":[{"href":"https:\/\/rentboattenerife.com\/fr\/wp-json\/wp\/v2\/pages\/6279","targetHints":{"allow":["GET"]}}],"collection":[{"href":"https:\/\/rentboattenerife.com\/fr\/wp-json\/wp\/v2\/pages"}],"about":[{"href":"https:\/\/rentboattenerife.com\/fr\/wp-json\/wp\/v2\/types\/page"}],"author":[{"embeddable":true,"href":"https:\/\/rentboattenerife.com\/fr\/wp-json\/wp\/v2\/users\/1"}],"replies":[{"embeddable":true,"href":"https:\/\/rentboattenerife.com\/fr\/wp-json\/wp\/v2\/comments?post=6279"}],"version-history":[{"count":0,"href":"https:\/\/rentboattenerife.com\/fr\/wp-json\/wp\/v2\/pages\/6279\/revisions"}],"wp:attachment":[{"href":"https:\/\/rentboattenerife.com\/fr\/wp-json\/wp\/v2\/media?parent=6279"}],"curies":[{"name":"wp","href":"https:\/\/api.w.org\/{rel}","templated":true}]}}