{"id":6272,"date":"2023-07-13T10:50:26","date_gmt":"2023-07-13T09:50:26","guid":{"rendered":"https:\/\/rentboattenerife.com\/?page_id=6272"},"modified":"2025-04-04T07:32:47","modified_gmt":"2025-04-04T06:32:47","slug":"return-and-cancellation-policy","status":"publish","type":"page","link":"https:\/\/rentboattenerife.com\/fr\/return-and-cancellation-policy\/","title":{"rendered":"Politique de retour et d&#039;annulation"},"content":{"rendered":"<p>Rent Boat Tenerife est un service de location de bateaux leader avec une politique de remboursement et d&#039;annulation simple, directe et transparente. Nous croyons qu&#039;il est important d&#039;offrir des exp\u00e9riences exceptionnelles \u00e0 nos clients et nous nous effor\u00e7ons de rendre nos politiques conviviales.<\/p>\n\n\n\n<h2 class=\"wp-block-heading\">Annulations sans risque<\/h2>\n\n\n\n<p>Le syst\u00e8me de r\u00e9servation de Rent Boat Tenerife permet aux clients d&#039;annuler leurs r\u00e9servations de bateaux sans aucun frais dans des d\u00e9lais pr\u00e9cis. Lorsqu&#039;un client effectue une r\u00e9servation, nous exigeons un pr\u00e9paiement. Toutefois, si le client d\u00e9cide de ne pas utiliser nos services, de reporter la date de r\u00e9servation ou de changer de bateau s\u00e9lectionn\u00e9 pour diverses raisons telles que le mauvais temps ou la maladie, le pr\u00e9paiement ne sera pas remboursable. Chaque bateau est accompagn\u00e9 de ses conditions d&#039;annulation, que les clients peuvent retrouver dans les informations communiqu\u00e9es au moment de la r\u00e9servation. Le d\u00e9lai d&#039;annulation varie g\u00e9n\u00e9ralement entre 24 et 72 heures. Pour annuler une r\u00e9servation, les clients peuvent nous contacter par email \u00e0 rentboattenerife@gmail.com ou nous appeler au +34600469283. Veuillez avoir votre num\u00e9ro de r\u00e9servation et vos coordonn\u00e9es \u00e0 port\u00e9e de main.<\/p>\n\n\n\n<p>Attention\u00a0: Tous les services suppl\u00e9mentaires (traiteur, transport, d\u00e9coration, \u00e9quipement sp\u00e9cial ou services li\u00e9s \u00e0 l&#039;\u00e9quipage, notamment les skippers, h\u00f4tesses, guides ou autres personnels de bord) command\u00e9s s\u00e9par\u00e9ment ne sont pas remboursables, m\u00eame en cas d&#039;annulation pour cause de mauvais temps ou d&#039;impr\u00e9vu. Ceci s&#039;applique \u00e9galement aux interventions d&#039;\u00e9quipage non standard, y compris les services organis\u00e9s en dehors des heures normales, les h\u00e9bergements sp\u00e9ciaux ou le personnel suppl\u00e9mentaire demand\u00e9 sp\u00e9cifiquement pour votre voyage.<\/p>\n\n\n\n<h2 class=\"wp-block-heading\">Lignes directrices pour les remboursements pendant le service<\/h2>\n\n\n\n<p>Bien que Rent Boat Tenerife g\u00e8re le processus de r\u00e9servation, nous ne participons pas \u00e0 l&#039;excursion. Si un probl\u00e8me survient pendant votre voyage, nous vous recommandons d&#039;adresser vos r\u00e9clamations et demandes de remboursement au prestataire de services sur place. Dans les cas o\u00f9 le partenaire accepte un remboursement complet et communique avec nous, nous traiterons imm\u00e9diatement le remboursement de votre pr\u00e9paiement. Il est crucial de noter que si le partenaire propose une solution \u00e0 votre r\u00e9clamation par le biais d&#039;un remboursement mon\u00e9taire ou d&#039;un cadeau, et que vous l&#039;acceptez, aucune autre r\u00e9clamation ne pourra \u00eatre prise en compte. Bien que Rent Boat Tenerife s&#039;efforce d&#039;assurer la satisfaction du client, nous ne pouvons pas garantir le remboursement des incidents survenus pendant l&#039;excursion. Pour de tels incidents, veuillez adresser vos r\u00e9clamations au partenaire.<\/p>\n\n\n\n<p>Si un client d\u00e9cide de revenir au port apr\u00e8s le d\u00e9but de l&#039;excursion, pour toute raison personnelle, notamment pour des raisons de sant\u00e9 ou un changement d&#039;avis, aucun remboursement ne sera effectu\u00e9 pour la partie non utilis\u00e9e du service. La r\u00e9servation, y compris les services suppl\u00e9mentaires, doit \u00eatre r\u00e9gl\u00e9e dans son int\u00e9gralit\u00e9.<\/p>\n\n\n\n<h2 class=\"wp-block-heading\">Politique d&#039;annulation tardive et de non-pr\u00e9sentation<\/h2>\n\n\n\n<p>La politique de Rent Boat Tenerife couvre \u00e9galement les annulations tardives et les non-pr\u00e9sentations. Dans de tels sc\u00e9narios, le client peut \u00eatre soumis \u00e0 des frais ou p\u00e9nalit\u00e9s suppl\u00e9mentaires conform\u00e9ment aux termes et conditions. En cas de non-pr\u00e9sentation, le co\u00fbt du service pay\u00e9 n&#039;est pas remboursable.<\/p>\n\n\n\n<h2 class=\"wp-block-heading\">Droit de refuser le service sans remboursement<\/h2>\n\n\n\n<p>Rent Boat Tenerife se r\u00e9serve le droit de refuser le service ou d&#039;interrompre la coop\u00e9ration sans remboursement dans certaines circonstances. Si un client pr\u00e9sente un comportement perturbateur, mena\u00e7ant ou offensant ou cause des dommages \u00e0 la propri\u00e9t\u00e9, nous pouvons refuser le service. Tout comportement qui cause de l&#039;inconfort ou de la g\u00eane aux autres participants ou \u00e0 notre personnel peut entra\u00eener un refus de service. Nous accordons toujours la priorit\u00e9 \u00e0 la s\u00e9curit\u00e9 et \u00e0 la satisfaction de nos clients et de notre personnel.<\/p>\n\n\n\n<p>En clarifiant nos politiques sur les remboursements et les annulations, notre objectif est de renforcer la confiance et la transparence avec nos clients. Chez Rent Boat Tenerife, nous nous effor\u00e7ons d&#039;offrir des exp\u00e9riences exceptionnelles \u00e0 tous nos clients tout en veillant \u00e0 maintenir un environnement confortable et respectueux.<\/p>","protected":false},"excerpt":{"rendered":"<p>Rent Boat Tenerife est un service de location de bateaux de premier plan, proposant une politique de remboursement et d&#039;annulation simple, directe et transparente. Nous souhaitons offrir une exp\u00e9rience exceptionnelle \u00e0 nos clients et nous effor\u00e7ons de rendre nos politiques conviviales. Annulations sans risque. Le syst\u00e8me de r\u00e9servation de Rent Boat Tenerife permet aux clients d&#039;annuler leur r\u00e9servation de bateau sans frais dans un d\u00e9lai [\u2026]<\/p>","protected":false},"author":1,"featured_media":0,"parent":0,"menu_order":0,"comment_status":"closed","ping_status":"open","template":"","meta":{"_acf_changed":false,"footnotes":""},"class_list":["post-6272","page","type-page","status-publish","hentry"],"acf":[],"aioseo_notices":[],"_links":{"self":[{"href":"https:\/\/rentboattenerife.com\/fr\/wp-json\/wp\/v2\/pages\/6272","targetHints":{"allow":["GET"]}}],"collection":[{"href":"https:\/\/rentboattenerife.com\/fr\/wp-json\/wp\/v2\/pages"}],"about":[{"href":"https:\/\/rentboattenerife.com\/fr\/wp-json\/wp\/v2\/types\/page"}],"author":[{"embeddable":true,"href":"https:\/\/rentboattenerife.com\/fr\/wp-json\/wp\/v2\/users\/1"}],"replies":[{"embeddable":true,"href":"https:\/\/rentboattenerife.com\/fr\/wp-json\/wp\/v2\/comments?post=6272"}],"version-history":[{"count":3,"href":"https:\/\/rentboattenerife.com\/fr\/wp-json\/wp\/v2\/pages\/6272\/revisions"}],"predecessor-version":[{"id":8895,"href":"https:\/\/rentboattenerife.com\/fr\/wp-json\/wp\/v2\/pages\/6272\/revisions\/8895"}],"wp:attachment":[{"href":"https:\/\/rentboattenerife.com\/fr\/wp-json\/wp\/v2\/media?parent=6272"}],"curies":[{"name":"wp","href":"https:\/\/api.w.org\/{rel}","templated":true}]}}