{"id":3,"date":"2022-11-15T09:41:57","date_gmt":"2022-11-15T07:41:57","guid":{"rendered":"https:\/\/rentboattenerife.com\/?page_id=3"},"modified":"2024-11-24T14:30:49","modified_gmt":"2024-11-24T14:30:49","slug":"privacy-policy","status":"publish","type":"page","link":"https:\/\/rentboattenerife.com\/fr\/privacy-policy\/","title":{"rendered":"politique de confidentialit\u00e9"},"content":{"rendered":"<h2>Cette Politique de Confidentialit\u00e9 a \u00e9t\u00e9 \u00e9labor\u00e9e dans le respect des obligations d\u00e9coulant du R\u00e8glement G\u00e9n\u00e9ral sur la Protection des Donn\u00e9es (R\u00e8glement CE 2016\/679 du 27 avril 2016 ou RGPD \u2013 R\u00e8glement G\u00e9n\u00e9ral sur la Protection des Donn\u00e9es).<\/h2>\n<ol>\n<li>Quelles informations collectons-nous et pourquoi.<\/li>\n<li>M\u00e9thode et lieu de traitement des informations personnelles.<\/li>\n<li>Diss\u00e9mination d&#039;information.<\/li>\n<li>Protection des informations personnelles.<\/li>\n<li>Acc\u00e8s \u00e0 l&#039;information.<\/li>\n<li>Cookies, balises Web et autres technologies.<\/li>\n<li>Liens vers d&#039;autres sites.<\/li>\n<li>Modifications de la politique de confidentialit\u00e9.<\/li>\n<li>Information l\u00e9gale.<\/li>\n<li>Contacts.<\/li>\n<li>Quelles informations collectons-nous et pourquoi<\/li>\n<\/ol>\n<p>Si un utilisateur (licenci\u00e9) s&#039;inscrit par e-mail, nous recevons des informations\u00a0:<\/p>\n<p>\u2013 nom, nom d&#039;utilisateur (licenci\u00e9)\u00a0;<\/p>\n<p>- adresse e-mail;<\/p>\n<p>- le t\u00e9l\u00e9phone;<\/p>\n<p>- la ville;<\/p>\n<p>- le pays.<\/p>\n<p>Si un utilisateur (licenci\u00e9) s&#039;enregistre en utilisant le service d&#039;autorisation de Facebook, nous recevons les informations suivantes\u00a0:<\/p>\n<p>- adresse e-mail;<\/p>\n<p>- num\u00e9ro de t\u00e9l\u00e9phone;<\/p>\n<p>\u2013 compte utilisateur sur Facebook ;<\/p>\n<p>- le t\u00e9l\u00e9phone.<\/p>\n<p>La raison pour laquelle l&#039;utilisateur (licenci\u00e9) est invit\u00e9 \u00e0 fournir un num\u00e9ro de t\u00e9l\u00e9phone est de pouvoir fournir une assistance et un service de conseil.<\/p>\n<p>Nous collectons uniquement les donn\u00e9es que vous nous fournissez volontairement.<\/p>\n<p>Vous ne pouvez pas nous fournir ces informations, mais si vous le faites, notre site et nos services peuvent ne pas fonctionner correctement ou certaines de leurs fonctionnalit\u00e9s peuvent ne pas \u00eatre disponibles.<\/p>\n<p>De plus, lorsque vous visitez nos sites Web, nous pouvons recevoir automatiquement certaines informations vous concernant. Ces informations peuvent inclure\u00a0:<\/p>\n<p>\u2013 votre adresse IP ;<\/p>\n<p>\u2013 des informations sur le syst\u00e8me d&#039;exploitation de votre ordinateur\/appareil mobile et le type de navigateur,<\/p>\n<p>\u2013 votre type d&#039;appareil,<\/p>\n<p>\u2013 identifiant unique d&#039;appareil (UDID) ou identifiant d&#039;\u00e9quipement mobile (MEID) de votre appareil mobile,<\/p>\n<p>\u2013 l&#039;adresse du site o\u00f9 le lien nous concernant et les pages que vous avez visit\u00e9es sur notre site Web ont \u00e9t\u00e9 plac\u00e9s.<\/p>\n<p>\u2013 heure d&#039;enregistrement ;<\/p>\n<p>\u2013 le temps pass\u00e9 sur le site ;<\/p>\n<p>\u2013 pages visit\u00e9es sur le site ;<\/p>\n<p>\u2013 les r\u00e9sultats de la formation (mat\u00e9riel r\u00e9ussi, r\u00e9sultats des tests) ;<\/p>\n<p>\u2013 les r\u00e9sultats d&#039;ouverture des lettres ;<\/p>\n<p>\u2013 l&#039;heure de la derni\u00e8re visite ;<\/p>\n<p>\u2013 la dur\u00e9e de la derni\u00e8re visite ;<\/p>\n<p>\u2013 date de d\u00e9but et de fin de la licence ;<\/p>\n<p>\u2013 autres donn\u00e9es collect\u00e9es par Google Analytics, Zoho SalesIQ, Facebook Pixel.<\/p>\n<p>Nous pouvons utiliser ces informations pour administrer, maintenir et personnaliser notre site Web et nos services, pour servir nos utilisateurs titulaires de licence et pour des campagnes de marketing.<\/p>\n<p>Dans cette politique de confidentialit\u00e9, nous fournissons \u00e9galement des informations suppl\u00e9mentaires sur la mani\u00e8re dont nous utilisons les cookies.<\/p>\n<p>Google Tag Manager, Facebook Pixel et d&#039;autres services marketing collectent des informations sur vos visites et activit\u00e9s sur&nbsp;<a href=\"https:\/\/rentboattenerife.com\/fr\/\">rentboattenerife.com<\/a>. Ces informations peuvent \u00eatre utilis\u00e9es \u00e0 des fins de publicit\u00e9 cibl\u00e9e. L&#039;utilisateur peut d\u00e9sactiver la collecte de ces donn\u00e9es dans les param\u00e8tres des services Facebook et Google.<\/p>\n<p><a href=\"https:\/\/www.facebook.com\/help\/247395082112892?helpref=related\">https:\/\/www.facebook.com\/help\/247395082112892?help&#8230;<\/a><\/p>\n<p><a href=\"https:\/\/support.google.com\/ads\/answer\/2662856?co=GENIE.Platform%3DAndroid&amp;hl=en\">https:\/\/support.google.com\/ads\/answer\/2662856?co=GENIE.Platform%3DAndroid&amp;hl=en<\/a><\/p>\n<p>2. M\u00e9thode et lieu de traitement des informations personnelles<\/p>\n<p><em>M\u00e9thode de traitement<\/em><\/p>\n<p>Le traitement des informations personnelles est effectu\u00e9 \u00e0 l&#039;aide de moyens informatiques et\/ou automatis\u00e9s selon des proc\u00e9dures et des m\u00e9thodes r\u00e9pondant \u00e0 la finalit\u00e9 de la collecte des donn\u00e9es.<\/p>\n<p>Le processeur de donn\u00e9es. Vous pouvez \u00e9galement nous demander une liste de ces personnes.<\/p>\n<p><em>Lieu de traitement des donn\u00e9es<\/em><\/p>\n<p>Les donn\u00e9es sont trait\u00e9es au bureau du conc\u00e9dant et \u00e0 d&#039;autres endroits o\u00f9 se trouvent les parties impliqu\u00e9es dans le traitement. Pour plus d&#039;informations, veuillez nous contacter (op\u00e9rateur de donn\u00e9es et propri\u00e9taire de la base de donn\u00e9es).<\/p>\n<p>3. Diffusion des informations<\/p>\n<p>Afin de fournir le service, vos informations personnelles peuvent \u00eatre utilis\u00e9es et trait\u00e9es en interne par le Licenci\u00e9 (ses employ\u00e9s et sous-traitants).<\/p>\n<p>Toute utilisation de vos informations personnelles au sein du Licenci\u00e9 est soumise \u00e0 la pr\u00e9sente Politique de confidentialit\u00e9. De temps en temps, nous pouvons vous envoyer des messages contenant des informations marketing et promotionnelles sur nos produits et services, promotions, etc. Si vous ne nous donnez pas votre consentement pour recevoir de telles communications (lors du processus d&#039;inscription ou lorsque vous commandez des services), nous ne vous enverra pas de telles communications.<\/p>\n<p>Les informations personnelles seront \u00e9galement disponibles pour les syst\u00e8mes de paiement qui fournissent l&#039;acceptation de paiement pour le <a href=\"https:\/\/rentboattenerife.com\/fr\/\">rentboattenerife.com<\/a>&nbsp;site web. Certaines informations seront \u00e9galement stock\u00e9es et trait\u00e9es sur les serveurs des \u00e9diteurs de logiciels de service client Zoho CRM, ZOHO Campaigns.<\/p>\n<p>Le conc\u00e9dant peut engager d&#039;autres soci\u00e9t\u00e9s pour fournir des services et organiser des campagnes publicitaires. Ces soci\u00e9t\u00e9s peuvent \u00e9galement acc\u00e9der \u00e0 une partie de vos informations personnelles uniquement dans la mesure n\u00e9cessaire pour fournir le service, et elles ne peuvent pas les utiliser \u00e0 d&#039;autres fins.<\/p>\n<p>Le Conc\u00e9dant ne vend, ne transf\u00e8re ni ne communique les informations personnelles de ses clients et utilisateurs du Site \u00e0 des tiers qui ne font pas partie du groupe Conc\u00e9dant. Cependant, avec votre consentement, nous pouvons parfois vous envoyer des informations marketing pour le compte de l&#039;un de nos partenaires sur les produits et services propos\u00e9s susceptibles de vous int\u00e9resser. Nous pouvons \u00e9galement vous demander si vous souhaitez recevoir des supports marketing de nos partenaires commerciaux. Si vous acceptez de recevoir la newsletter, nous ne partagerons pas vos informations personnelles avec ces partenaires, mais vous enverrons les documents par e-mail au nom de ces partenaires.<\/p>\n<p>Le conc\u00e9dant se r\u00e9serve le droit d&#039;utiliser et de partager toute information vous concernant, dans la mesure express\u00e9ment autoris\u00e9e par la loi ou toute autre r\u00e9glementation, afin de prot\u00e9ger l&#039;int\u00e9grit\u00e9 de nos services, de prot\u00e9ger nos droits ou d&#039;aider les organismes charg\u00e9s de l&#039;application de la loi \u00e0 enqu\u00eater sur les crimes et \u00e0 garantir la s\u00e9curit\u00e9 publique.<\/p>\n<p>4. Protection des informations personnelles<\/p>\n<p>Le Conc\u00e9dant prendra toutes les mesures commercialement raisonnables pour emp\u00eacher l&#039;acc\u00e8s non autoris\u00e9 aux informations et donn\u00e9es personnelles obtenues par l&#039;utilisation du Site ou des services. Nous nous effor\u00e7ons de prot\u00e9ger vos donn\u00e9es personnelles, mais nous vous encourageons \u00e0 prendre toutes les pr\u00e9cautions disponibles pour prot\u00e9ger vos donn\u00e9es personnelles lors de la transmission. Pour ce faire, changez vos mots de passe plus souvent, utilisez des combinaisons de lettres et de chiffres et utilisez un navigateur s\u00e9curis\u00e9.<\/p>\n<p><em>Assurer la s\u00e9curit\u00e9 des informations des enfants<\/em><\/p>\n<p>Le site n&#039;est pas destin\u00e9 \u00e0 attirer l&#039;attention des enfants et des mineurs. Le Conc\u00e9dant ne collecte pas intentionnellement des donn\u00e9es personnelles d&#039;enfants et de personnes de moins de 18 ans, et ne leur envoie aucune demande d&#039;informations personnelles.<\/p>\n<p>5. Acc\u00e8s aux informations<\/p>\n<p>Vous avez un contr\u00f4le total sur toutes les informations personnelles que vous nous fournissez. Vous pouvez, \u00e0 tout moment, sp\u00e9cifier ou modifier les informations personnelles que nous recevons de votre part, ou modifier les param\u00e8tres de r\u00e9ception des informations promotionnelles et marketing de notre part et de celle de nos partenaires. Vous pouvez \u00e0 tout moment nous demander de supprimer toutes les informations collect\u00e9es vous concernant (droit \u00e0 l&#039;oubli). Pour ce faire, envoyez-nous un e-mail ou une lettre \u00e0 vzatkhei@gmail.com.<\/p>\n<p>6. Cookies, balises Web et autres technologies<\/p>\n<p>Le Site collecte des informations sur votre comportement sur notre Site et vos visites des pages du Site afin d&#039;obtenir des statistiques de visites et d&#039;efficacit\u00e9 d&#039;utilisation du Site, de former une approche personnelle et d&#039;adapter nos services aux int\u00e9r\u00eats de chaque utilisateur. Pour ce faire, nous utilisons diverses technologies, dont les cookies. Il s&#039;agit de donn\u00e9es que le site Web peut envoyer \u00e0 votre navigateur et qui seront stock\u00e9es sur votre ordinateur pour une identification ult\u00e9rieure par le site Web.<\/p>\n<p>Les cookies sont le plus souvent utilis\u00e9s pour mesurer l&#039;efficacit\u00e9 des sites Web (par exemple, pour mesurer le nombre de visiteurs et la dur\u00e9e de leur visite), pour identifier les sujets et les pages les plus int\u00e9ressants visit\u00e9s et pour s&#039;assurer que le site Web est facile. pour naviguer et utiliser sans collecter aucune information personnelle. Les cookies peuvent \u00e9galement \u00eatre utilis\u00e9s pour cr\u00e9er une approche personnalis\u00e9e bas\u00e9e sur votre exp\u00e9rience pr\u00e9c\u00e9dente avec le Site et vos pr\u00e9f\u00e9rences. Au fil du temps, ces informations peuvent am\u00e9liorer votre exp\u00e9rience.<\/p>\n<p>Les cookies sont g\u00e9n\u00e9ralement divis\u00e9s en cookies de session et permanents. Les cookies de session aident \u00e0 naviguer efficacement sur le site Web, de sorte que les informations demand\u00e9es une fois au cours d&#039;une session ne seront plus demand\u00e9es \u00e0 nouveau. Les cookies de session sont stock\u00e9s dans une m\u00e9moire temporaire et sont effac\u00e9s lorsque vous fermez votre navigateur. Les cookies persistants stockent les pr\u00e9f\u00e9rences de l&#039;utilisateur pour les visites actuelles et futures (par exemple, simplifiez l&#039;autorisation du site en m\u00e9morisant les comptes des utilisateurs). Ils sont enregistr\u00e9s sur le disque dur de votre ordinateur ou sur le lecteur de votre appareil mobile et sont activ\u00e9s lorsque vous d\u00e9marrez votre navigateur. Nous utilisons des cookies persistants pour stocker des informations, telles que la langue et le pays de l&#039;utilisateur.<\/p>\n<p>Si vous ne souhaitez plus recevoir de cookies ou si vous souhaitez \u00eatre inform\u00e9 de la r\u00e9ception d&#039;un cookie, veuillez configurer votre navigateur Internet. Cependant, si vous d\u00e9sactivez tous les cookies, vous ne pourrez pas utiliser certains services et fonctionnalit\u00e9s du site.<\/p>\n<p>Vous pouvez en savoir plus sur les \u00ab\u00a0cookies\u00a0\u00bb dans les moteurs de recherche populaires en visitant les liens suivants\u00a0:<\/p>\n<p><a href=\"https:\/\/policies.yahoo.com\/us\/en\/yahoo\/privacy\/\">https:\/\/policies.yahoo.com\/us\/en\/yahoo\/privacy\/<\/a><\/p>\n<p><a href=\"https:\/\/www.google.com\/policies\/privacy\/\">https:\/\/www.google.com\/policies\/privacy\/<\/a><\/p>\n<p><a href=\"https:\/\/privacy.microsoft.com\/en-us\/privacystatement\">https:\/\/privacy.microsoft.com\/en-us\/privacystatement<\/a><\/p>\n<p>Les param\u00e8tres des navigateurs populaires peuvent \u00eatre trouv\u00e9s sur les liens suivants\u00a0:<\/p>\n<p>Chrome:&nbsp;<a href=\"https:\/\/support.google.com\/chrome\/answer\/95647?hl=en\">https:\/\/support.google.com\/chrome\/answer\/95647?hl=en<\/a><\/p>\n<p>Explorateur:&nbsp;<a href=\"https:\/\/support.microsoft.com\/en-us\/products\/windows?os=windows-10\">https:\/\/support.microsoft.com\/en-us\/products\/windows?os=windows-10<\/a><\/p>\n<p>Safari:&nbsp;<a href=\"https:\/\/support.apple.com\/kb\/PH21411\">https:\/\/support.apple.com\/kb\/PH21411<\/a><\/p>\n<p>Firefox\u00a0:&nbsp;<a href=\"https:\/\/support.mozilla.org\/en-US\/kb\/enable-and-disable-cookies-website-preferences\">https:\/\/support.mozilla.org\/en-US\/kb\/enable-and-disable-cookies-website-preferences<\/a><\/p>\n<p>Op\u00e9ra:&nbsp;<a href=\"http:\/\/www.opera.com\/help\/tutorials\/security\/cookies\/\">http:\/\/www.opera.com\/help\/tutorials\/security\/cookies\/<\/a><\/p>\n<p>7. Liens vers d&#039;autres sites<\/p>\n<p>Si vous visitez des sites tiers qui ne sont pas g\u00e9r\u00e9s par le Conc\u00e9dant en cliquant sur des liens sur notre Site, vous devez lire leur confidentialit\u00e9 et d&#039;autres principes de fonctionnement. Nous ne sommes pas responsables des politiques de confidentialit\u00e9 et des pratiques de collecte de donn\u00e9es d&#039;autres soci\u00e9t\u00e9s, et toutes les informations que vous fournissez \u00e0 ces soci\u00e9t\u00e9s sont collect\u00e9es par elles conform\u00e9ment \u00e0 leurs politiques de confidentialit\u00e9.<\/p>\n<p>8. Modifications de la politique de confidentialit\u00e9<\/p>\n<p>Nous pouvons apporter des modifications \u00e0 cette politique \u00e0 tout moment en publiant une nouvelle version de la politique de confidentialit\u00e9 sur cette page&nbsp;<a href=\"https:\/\/rentboattenerife.com\/fr\/privacy-policy\/\">https:\/\/rentboattenerife.com\/privacy-policy\/<\/a>. Nous vous recommandons vivement de consulter fr\u00e9quemment cette page et la date en haut de la page pour conna\u00eetre les derni\u00e8res modifications.<\/p>\n<p>Si vous n&#039;\u00eates pas d&#039;accord avec les modifications apport\u00e9es \u00e0 la politique, vous devez cesser d&#039;utiliser le site et les services du conc\u00e9dant et pouvez demander que nous supprimions vos informations personnelles.<\/p>\n<p>Cette politique de confidentialit\u00e9 s&#039;applique \u00e0 toutes les informations personnelles de&nbsp;<a href=\"https:\/\/rentboattenerife.com\/fr\/\">https:\/\/rentboattenerife.com\/<\/a>&nbsp;utilisateurs et clients du Conc\u00e9dant que nous d\u00e9tenons, quel que soit le mode de collecte et le mode d&#039;obtention.<\/p>\n<p>9. Informations l\u00e9gales<\/p>\n<p>La politique de confidentialit\u00e9 r\u00e9pond aux exigences de la l\u00e9gislation ukrainienne sur la protection des donn\u00e9es personnelles, ainsi qu&#039;aux exigences de la l\u00e9gislation de la plupart des pays de la CEI et contient des informations d\u00e9taill\u00e9es sur les donn\u00e9es collect\u00e9es, leurs finalit\u00e9s, les m\u00e9thodes de collecte, de traitement et d&#039;utilisation.<\/p>\n<p>La Politique de Confidentialit\u00e9 a \u00e9t\u00e9 pr\u00e9par\u00e9e conform\u00e9ment aux obligations du R\u00e8glement G\u00e9n\u00e9ral sur la Protection des Donn\u00e9es (R\u00e8glement CE 2016\/679 du 27 avril 2016 ou RGPD \u2013 R\u00e8glement G\u00e9n\u00e9ral sur la Protection des Donn\u00e9es).<\/p>\n<p>10. Contacts du conc\u00e9dant<\/p>\n<p>Location Bateau T\u00e9n\u00e9rife<\/p>\n<p>38660 Costa Adeje, T\u00e9n\u00e9rife, \u00celes Canaries, Espagne<\/p>\n<p>T\u00e9l\u00e9phone : +34662020230<\/p>\n<p>Courriel : vzatkhei@gmail.com<\/p>\n<p>Contacts de la personne responsable du stockage des informations\u00a0:<\/p>\n<p>vzatkhei@gmail.com<\/p>","protected":false},"excerpt":{"rendered":"<p>Cette politique de confidentialit\u00e9 a \u00e9t\u00e9 \u00e9labor\u00e9e conform\u00e9ment aux obligations du R\u00e8glement g\u00e9n\u00e9ral sur la protection des donn\u00e9es (R\u00e8glement CE 2016\/679 du 27 avril 2016 ou RGPD). Quelles informations collectons-nous et pourquoi\u00a0? M\u00e9thode et lieu de traitement des donn\u00e9es personnelles\u00a0? Diffusion des informations\u00a0? Protection des donn\u00e9es personnelles\u00a0? Acc\u00e8s \u00e0 l\u2019information. [\u2026]<\/p>","protected":false},"author":1,"featured_media":0,"parent":0,"menu_order":0,"comment_status":"closed","ping_status":"open","template":"","meta":{"_acf_changed":false,"footnotes":""},"class_list":["post-3","page","type-page","status-publish","hentry"],"acf":[],"aioseo_notices":[],"_links":{"self":[{"href":"https:\/\/rentboattenerife.com\/fr\/wp-json\/wp\/v2\/pages\/3","targetHints":{"allow":["GET"]}}],"collection":[{"href":"https:\/\/rentboattenerife.com\/fr\/wp-json\/wp\/v2\/pages"}],"about":[{"href":"https:\/\/rentboattenerife.com\/fr\/wp-json\/wp\/v2\/types\/page"}],"author":[{"embeddable":true,"href":"https:\/\/rentboattenerife.com\/fr\/wp-json\/wp\/v2\/users\/1"}],"replies":[{"embeddable":true,"href":"https:\/\/rentboattenerife.com\/fr\/wp-json\/wp\/v2\/comments?post=3"}],"version-history":[{"count":1,"href":"https:\/\/rentboattenerife.com\/fr\/wp-json\/wp\/v2\/pages\/3\/revisions"}],"predecessor-version":[{"id":8504,"href":"https:\/\/rentboattenerife.com\/fr\/wp-json\/wp\/v2\/pages\/3\/revisions\/8504"}],"wp:attachment":[{"href":"https:\/\/rentboattenerife.com\/fr\/wp-json\/wp\/v2\/media?parent=3"}],"curies":[{"name":"wp","href":"https:\/\/api.w.org\/{rel}","templated":true}]}}