{"id":6368,"date":"2023-07-14T16:00:51","date_gmt":"2023-07-14T15:00:51","guid":{"rendered":"https:\/\/rentboattenerife.com\/?page_id=6368"},"modified":"2024-11-23T15:46:07","modified_gmt":"2024-11-23T15:46:07","slug":"tenerife-water-sports","status":"publish","type":"page","link":"https:\/\/rentboattenerife.com\/es\/tenerife-deportes-acuaticos\/","title":{"rendered":"Deportes Acu\u00e1ticos Tenerife"},"content":{"rendered":"<div data-elementor-type=\"wp-page\" data-elementor-id=\"6368\" class=\"elementor elementor-6368\">\n\t\t\t\t\t\t<section class=\"elementor-section elementor-top-section elementor-element elementor-element-2de39b5 elementor-section-boxed elementor-section-height-default elementor-section-height-default\" data-id=\"2de39b5\" data-element_type=\"section\" data-e-type=\"section\">\n\t\t\t\t\t\t<div class=\"elementor-container elementor-column-gap-default\">\n\t\t\t\t\t<div class=\"elementor-column elementor-col-100 elementor-top-column elementor-element elementor-element-c5e60bd\" data-id=\"c5e60bd\" data-element_type=\"column\" data-e-type=\"column\">\n\t\t\t<div class=\"elementor-widget-wrap elementor-element-populated\">\n\t\t\t\t\t\t<div class=\"elementor-element elementor-element-d43c77f elementor-widget elementor-widget-spacer\" data-id=\"d43c77f\" data-element_type=\"widget\" data-e-type=\"widget\" data-widget_type=\"spacer.default\">\n\t\t\t\t<div class=\"elementor-widget-container\">\n\t\t\t\t\t\t\t<div class=\"elementor-spacer\">\n\t\t\t<div class=\"elementor-spacer-inner\"><\/div>\n\t\t<\/div>\n\t\t\t\t\t\t<\/div>\n\t\t\t\t<\/div>\n\t\t\t\t<div class=\"elementor-element elementor-element-eaa625b elementor-widget elementor-widget-text-editor\" data-id=\"eaa625b\" data-element_type=\"widget\" data-e-type=\"widget\" data-widget_type=\"text-editor.default\">\n\t\t\t\t<div class=\"elementor-widget-container\">\n\t\t\t\t\t\t\t\t\t<h1>Deportes Acu\u00e1ticos Tenerife<\/h1><p>\u00a1Sum\u00e9rgete en la emoci\u00f3n de los deportes acu\u00e1ticos en Tenerife! Experimente la adrenalina del flyboard y el parasailing, o monte una moto de agua para vivir una aventura inolvidable en Tenerife.<\/p>\t\t\t\t\t\t\t\t<\/div>\n\t\t\t\t<\/div>\n\t\t\t\t<div class=\"elementor-element elementor-element-98253c4 elementor-widget elementor-widget-spacer\" data-id=\"98253c4\" data-element_type=\"widget\" data-e-type=\"widget\" data-widget_type=\"spacer.default\">\n\t\t\t\t<div class=\"elementor-widget-container\">\n\t\t\t\t\t\t\t<div class=\"elementor-spacer\">\n\t\t\t<div class=\"elementor-spacer-inner\"><\/div>\n\t\t<\/div>\n\t\t\t\t\t\t<\/div>\n\t\t\t\t<\/div>\n\t\t\t\t<div class=\"elementor-element elementor-element-2794c08 elementor-widget elementor-widget-homey_elementor_experience_grids\" data-id=\"2794c08\" data-element_type=\"widget\" data-e-type=\"widget\" data-widget_type=\"homey_elementor_experience_grids.default\">\n\t\t\t\t<div class=\"elementor-widget-container\">\n\t\t\t\t\t\n\t\t<div class=\"module-wrap taxonomy-grid taxonomy-grid-1\">\n\t\t\t<div class=\"row\">\n\t\t\t\t\n\t\t\t\t\t<div class=\"col-lg-6 col-md-6 col-sm-6 col-xs-12\">\n\t\t\t\t\t\t<div class=\"wwwww taxonomy-item taxonomy-card\">\n\t\t\t\t\t\t\t<a class=\"taxonomy-link hover-effect\" href=\"https:\/\/rentboattenerife.com\/es\/tenerife-water-sports\/paseo-en-bote-banana-tenerife\/\">\n\t\t\t\t\t\t\t\t<div class=\"taxonomy-title\">Paseo en Banana Boat Tenerife<\/div>\n\t\t\t\t\t\t\t\t<img fetchpriority=\"high\" decoding=\"async\" class=\"img-responsive\" src=\"https:\/\/rentboattenerife.com\/wp-content\/uploads\/2023\/07\/Banana-boat-ride-Tenerife-555x360.jpg\" width=\"555\" height=\"360\" alt=\"\u00e1rea_experiencia\">\n\t\t\t\t\t\t\t<\/a>\n\t\t\t\t\t\t<\/div>\n\t\t\t\t\t<\/div>\n\n\t\t\t\t\t\n\t\t\t\t\t<div class=\"col-lg-6 col-md-6 col-sm-6 col-xs-12\">\n\t\t\t\t\t\t<div class=\"wwwww taxonomy-item taxonomy-card\">\n\t\t\t\t\t\t\t<a class=\"taxonomy-link hover-effect\" href=\"https:\/\/rentboattenerife.com\/es\/tenerife-water-sports\/fly-fish-tenerife\/\">\n\t\t\t\t\t\t\t\t<div class=\"taxonomy-title\">Fly Fish Tenerife<\/div>\n\t\t\t\t\t\t\t\t<img decoding=\"async\" class=\"img-responsive\" src=\"https:\/\/rentboattenerife.com\/wp-content\/uploads\/2023\/07\/Fly-Fish-Tenerife-555x360.jpg\" width=\"555\" height=\"360\" alt=\"\u00e1rea_experiencia\">\n\t\t\t\t\t\t\t<\/a>\n\t\t\t\t\t\t<\/div>\n\t\t\t\t\t<\/div>\n\n\t\t\t\t\t\n\t\t\t\t\t<div class=\"col-lg-6 col-md-6 col-sm-6 col-xs-12\">\n\t\t\t\t\t\t<div class=\"wwwww taxonomy-item taxonomy-card\">\n\t\t\t\t\t\t\t<a class=\"taxonomy-link hover-effect\" href=\"https:\/\/rentboattenerife.com\/es\/tenerife-water-sports\/flyboard-tenerife\/\">\n\t\t\t\t\t\t\t\t<div class=\"taxonomy-title\">Flyboard Tenerife<\/div>\n\t\t\t\t\t\t\t\t<img decoding=\"async\" class=\"img-responsive\" src=\"https:\/\/rentboattenerife.com\/wp-content\/uploads\/2023\/07\/Flyboard-Tenerife-555x360.jpg\" width=\"555\" height=\"360\" alt=\"\u00e1rea_experiencia\">\n\t\t\t\t\t\t\t<\/a>\n\t\t\t\t\t\t<\/div>\n\t\t\t\t\t<\/div>\n\n\t\t\t\t\t\n\t\t\t\t\t<div class=\"col-lg-6 col-md-6 col-sm-6 col-xs-12\">\n\t\t\t\t\t\t<div class=\"wwwww taxonomy-item taxonomy-card\">\n\t\t\t\t\t\t\t<a class=\"taxonomy-link hover-effect\" href=\"https:\/\/rentboattenerife.com\/es\/tenerife-water-sports\/moto-de-agua-tenerife\/\">\n\t\t\t\t\t\t\t\t<div class=\"taxonomy-title\">Moto de agua Tenerife<\/div>\n\t\t\t\t\t\t\t\t<img loading=\"lazy\" decoding=\"async\" class=\"img-responsive\" src=\"https:\/\/rentboattenerife.com\/wp-content\/uploads\/2022\/11\/jet-ski-tenerife-555x360.jpg\" width=\"555\" height=\"360\" alt=\"\u00e1rea_experiencia\">\n\t\t\t\t\t\t\t<\/a>\n\t\t\t\t\t\t<\/div>\n\t\t\t\t\t<\/div>\n\n\t\t\t\t\t\n\t\t\t\t\t<div class=\"col-lg-6 col-md-6 col-sm-6 col-xs-12\">\n\t\t\t\t\t\t<div class=\"wwwww taxonomy-item taxonomy-card\">\n\t\t\t\t\t\t\t<a class=\"taxonomy-link hover-effect\" href=\"https:\/\/rentboattenerife.com\/es\/tenerife-water-sports\/paddle-surf-tenerife\/\">\n\t\t\t\t\t\t\t\t<div class=\"taxonomy-title\">Paddle surf<\/div>\n\t\t\t\t\t\t\t\t<img loading=\"lazy\" decoding=\"async\" class=\"img-responsive\" src=\"https:\/\/rentboattenerife.com\/wp-content\/uploads\/2024\/10\/Paddle-surf-Tenerife.jpg\" width=\"545\" height=\"354\" alt=\"\u00e1rea_experiencia\">\n\t\t\t\t\t\t\t<\/a>\n\t\t\t\t\t\t<\/div>\n\t\t\t\t\t<\/div>\n\n\t\t\t\t\t\n\t\t\t\t\t<div class=\"col-lg-6 col-md-6 col-sm-6 col-xs-12\">\n\t\t\t\t\t\t<div class=\"wwwww taxonomy-item taxonomy-card\">\n\t\t\t\t\t\t\t<a class=\"taxonomy-link hover-effect\" href=\"https:\/\/rentboattenerife.com\/es\/tenerife-water-sports\/parasailing-tenerife\/\">\n\t\t\t\t\t\t\t\t<div class=\"taxonomy-title\">Parasailing Tenerife<\/div>\n\t\t\t\t\t\t\t\t<img loading=\"lazy\" decoding=\"async\" class=\"img-responsive\" src=\"https:\/\/rentboattenerife.com\/wp-content\/uploads\/2023\/07\/parasailing-tenerife-555x360.jpg\" width=\"555\" height=\"360\" alt=\"\u00e1rea_experiencia\">\n\t\t\t\t\t\t\t<\/a>\n\t\t\t\t\t\t<\/div>\n\t\t\t\t\t<\/div>\n\n\t\t\t\t\t\t\t\t\t\n\t\t\t<\/div>\n\t\t<\/div>\n\t\t\n\t\t\t\t\t\t<\/div>\n\t\t\t\t<\/div>\n\t\t\t\t\t<\/div>\n\t\t<\/div>\n\t\t\t\t\t<\/div>\n\t\t<\/section>\n\t\t\t\t<section class=\"elementor-section elementor-top-section elementor-element elementor-element-72ceee4 elementor-section-boxed elementor-section-height-default elementor-section-height-default\" data-id=\"72ceee4\" data-element_type=\"section\" data-e-type=\"section\">\n\t\t\t\t\t\t<div class=\"elementor-container elementor-column-gap-default\">\n\t\t\t\t\t<div class=\"elementor-column elementor-col-100 elementor-top-column elementor-element elementor-element-dc840e5\" data-id=\"dc840e5\" data-element_type=\"column\" data-e-type=\"column\">\n\t\t\t<div class=\"elementor-widget-wrap\">\n\t\t\t\t\t\t\t<\/div>\n\t\t<\/div>\n\t\t\t\t\t<\/div>\n\t\t<\/section>\n\t\t\t\t<section class=\"elementor-section elementor-top-section elementor-element elementor-element-edd9793 elementor-section-boxed elementor-section-height-default elementor-section-height-default\" data-id=\"edd9793\" data-element_type=\"section\" data-e-type=\"section\">\n\t\t\t\t\t\t<div class=\"elementor-container elementor-column-gap-default\">\n\t\t\t\t\t<div class=\"elementor-column elementor-col-100 elementor-top-column elementor-element elementor-element-0c1134e\" data-id=\"0c1134e\" data-element_type=\"column\" data-e-type=\"column\">\n\t\t\t<div class=\"elementor-widget-wrap elementor-element-populated\">\n\t\t\t\t\t\t<div class=\"elementor-element elementor-element-cc229ee elementor-widget elementor-widget-text-editor\" data-id=\"cc229ee\" data-element_type=\"widget\" data-e-type=\"widget\" data-widget_type=\"text-editor.default\">\n\t\t\t\t<div class=\"elementor-widget-container\">\n\t\t\t\t\t\t\t\t\t<p>La isla de Tenerife, de una belleza impresionante, no se trata solo de paisajes pintorescos y una cocina deliciosa. Tambi\u00e9n es un para\u00edso para los amantes de las emociones fuertes, ya que ofrece una gran variedad de emocionantes deportes acu\u00e1ticos que seguramente te dar\u00e1n una dosis de adrenalina.<\/p><h2>\u00bfPor qu\u00e9 elegir Tenerife para los deportes acu\u00e1ticos?<\/h2><p>Situada en el coraz\u00f3n de las Islas Canarias, Tenerife est\u00e1 bendecida con condiciones clim\u00e1ticas favorables, aguas cristalinas y una abundancia de vida marina, lo que la convierte en el destino perfecto para los entusiastas de los deportes acu\u00e1ticos.<\/p><h3>Motos de agua en Tenerife<\/h3><p>Para aquellos que necesitan velocidad, es imprescindible probar el esqu\u00ed acu\u00e1tico en las aguas azules de Tenerife. El deporte consiste en andar en una embarcaci\u00f3n, lo que puede ser una experiencia emocionante para los amantes de la aventura.<\/p><h4>Experimentando la emoci\u00f3n<\/h4><p>Imagina correr por la superficie del agua, el viento azotando tu cabello, el roc\u00edo salado en tu cara y el oc\u00e9ano infinito extendi\u00e9ndose ante ti. \u00a1As\u00ed son las motos de agua en Tenerife para ti!<\/p><h4>Medidas de seguridad<\/h4><p>Si bien es indudable que es emocionante, la seguridad nunca debe verse comprometida. Use chalecos salvavidas, siga las instrucciones de los instructores y mantenga una velocidad y distancia seguras con otras embarcaciones.<\/p><h3>Parasailing en Tenerife<\/h3><h4>\u00bfQu\u00e9 es el parasailing?<\/h4><p>El parasailing es una actividad recreativa en la que una persona es remolcada detr\u00e1s de un bote mientras est\u00e1 unida a un paraca\u00eddas, ascendiendo alto en el cielo. Proporciona una perspectiva \u00fanica de la impresionante costa de Tenerife.<\/p><h4>La aventura de las alturas<\/h4><p>Hacer parasailing en Tenerife te da la sensaci\u00f3n de volar como un p\u00e1jaro, con una vista panor\u00e1mica del hermoso paisaje de la isla y el vasto oc\u00e9ano debajo.<\/p><h4>Consejos de seguridad<\/h4><p>Para disfrutar de una experiencia de paravelismo segura y placentera, escuche las instrucciones proporcionadas, aseg\u00farese de que su arn\u00e9s est\u00e9 seguro y evite hacer paravelismo en condiciones clim\u00e1ticas extremas.<\/p><h3>Flyboard en Tenerife<\/h3><h4>Comprender el flyboard<\/h4><p>El flyboarding es un deporte acu\u00e1tico relativamente nuevo que consiste en pararse en una tabla conectada a una embarcaci\u00f3n por una manguera larga. El agua se fuerza bajo presi\u00f3n a un par de botas con boquillas de chorro debajo, impulsando al ciclista en el aire.<\/p><h4>La adrenalina<\/h4><p>Con el flyboard, puedes experimentar la euforia de volar sobre el oc\u00e9ano y volver a sumergirte en el agua como un delf\u00edn.<\/p><h4>Precauciones de seguridad<\/h4><p>Tan emocionante como suena, el flyboard requiere algo de entrenamiento. Aseg\u00farese de recibir las instrucciones adecuadas y use todo el equipo de seguridad necesario, incluido un casco y un chaleco salvavidas.<\/p><h3>Paseo en Banana Boat en Tenerife<\/h3><h4>El paseo lleno de diversi\u00f3n<\/h4><p>Para aquellos que buscan una actividad divertida y emocionante para toda la familia, el paseo en bote banana es una gran opci\u00f3n. Este bote inflable con forma de pl\u00e1tano es tirado por una lancha r\u00e1pida, lo que brinda un paseo agradable.<\/p><h4>El factor de emoci\u00f3n<\/h4><p>Ag\u00e1rrate fuerte mientras la lancha r\u00e1pida se desliza, haciendo rebotar el bote banana sobre las olas. Es una experiencia llena de risas y emoci\u00f3n.<\/p><h4>Instrucciones de seguridad<\/h4><p>Durante un paseo en bote banana, aseg\u00farese de sujetar las manijas con fuerza, escuche las instrucciones de seguridad y siempre use su chaleco salvavidas.<\/p><h3>Pesca en Tenerife<\/h3><h4>La Actividad Serena<\/h4><p>La pesca en Tenerife es una actividad serena y plena. La rica vida marina lo convierte en un lugar fant\u00e1stico para los entusiastas de la pesca con ca\u00f1a.<\/p><h4>Tipos de peces para pescar<\/h4><p>Desde la aguja azul hasta el bonito del Atl\u00e1ntico, puedes encontrar una gran variedad de especies que hacen que tu experiencia de pesca sea a\u00fan m\u00e1s gratificante.<\/p><h4>Reglas de seguridad<\/h4><p>La pesca requiere paciencia y precauciones. Utilice el equipo adecuado, respete la vida marina y siga las normas de pesca locales.<\/p><h2>Conclusi\u00f3n<\/h2><p>Tenerife ofrece una fant\u00e1stica variedad de deportes acu\u00e1ticos, cada uno con su emoci\u00f3n y entusiasmo \u00fanicos. Desde el subid\u00f3n de adrenalina de las motos acu\u00e1ticas y el flyboard hasta el sereno placer de la pesca, Tenerife tiene algo para todos los gustos de los aventureros.<\/p><h2>preguntas frecuentes<\/h2><p><strong>\u00bfEs seguro participar en deportes acu\u00e1ticos en Tenerife?<\/strong><\/p><p>S\u00ed, siempre que siga las pautas de seguridad y las instrucciones proporcionadas por los profesionales, es seguro.<\/p><p><strong>\u00bfNecesito tener experiencia previa para participar en estos deportes acu\u00e1ticos?<\/strong><\/p><p>Para actividades como el esqu\u00ed acu\u00e1tico y el flyboard, es posible que se necesite algo de capacitaci\u00f3n, pero en general, estas actividades est\u00e1n dise\u00f1adas para todos los niveles de habilidad.<\/p><p><strong>\u00bfCu\u00e1l es la mejor \u00e9poca para visitar Tenerife para practicar deportes acu\u00e1ticos?<\/strong><\/p><p>Tenerife tiene un clima favorable durante todo el a\u00f1o. Sin embargo, los meses de verano (junio a septiembre) suelen proporcionar las condiciones \u00f3ptimas para la pr\u00e1ctica de deportes acu\u00e1ticos.<\/p><p><strong>\u00bfPueden los ni\u00f1os participar en estos deportes acu\u00e1ticos?<\/strong><\/p><p>Ciertas actividades, como los paseos en bote banana, son adecuadas para ni\u00f1os, pero otras pueden tener restricciones de edad. Lo mejor es consultar con el proveedor de la actividad.<\/p><p><strong>\u00bfQu\u00e9 debo llevar conmigo para estas actividades de deportes acu\u00e1ticos?<\/strong><\/p><p>Se recomienda traer traje de ba\u00f1o, toalla, bloqueador solar y una muda de ropa. Algunos pueden preferir traer sus zapatos para el agua, aunque no siempre son necesarios.<\/p>\t\t\t\t\t\t\t\t<\/div>\n\t\t\t\t<\/div>\n\t\t\t\t\t<\/div>\n\t\t<\/div>\n\t\t\t\t\t<\/div>\n\t\t<\/section>\n\t\t\t\t<\/div>","protected":false},"excerpt":{"rendered":"<p>Deportes acu\u00e1ticos en Tenerife \u00a1Sum\u00e9rgete en la emoci\u00f3n de los deportes acu\u00e1ticos en Tenerife! Experimenta la adrenalina del flyboard y el parasailing, o monta en moto acu\u00e1tica para vivir una aventura inolvidable en Tenerife. Paseo en banana boat en Tenerife Fly Fish Tenerife Flyboard Tenerife Jet Ski en Tenerife Parasailing en Tenerife La impresionante y hermosa isla de Tenerife no solo se [\u2026]<\/p>","protected":false},"author":1,"featured_media":0,"parent":0,"menu_order":0,"comment_status":"closed","ping_status":"closed","template":"elementor_header_footer","meta":{"_acf_changed":false,"footnotes":""},"class_list":["post-6368","page","type-page","status-publish","hentry"],"acf":[],"aioseo_notices":[],"_links":{"self":[{"href":"https:\/\/rentboattenerife.com\/es\/wp-json\/wp\/v2\/pages\/6368","targetHints":{"allow":["GET"]}}],"collection":[{"href":"https:\/\/rentboattenerife.com\/es\/wp-json\/wp\/v2\/pages"}],"about":[{"href":"https:\/\/rentboattenerife.com\/es\/wp-json\/wp\/v2\/types\/page"}],"author":[{"embeddable":true,"href":"https:\/\/rentboattenerife.com\/es\/wp-json\/wp\/v2\/users\/1"}],"replies":[{"embeddable":true,"href":"https:\/\/rentboattenerife.com\/es\/wp-json\/wp\/v2\/comments?post=6368"}],"version-history":[{"count":7,"href":"https:\/\/rentboattenerife.com\/es\/wp-json\/wp\/v2\/pages\/6368\/revisions"}],"predecessor-version":[{"id":8449,"href":"https:\/\/rentboattenerife.com\/es\/wp-json\/wp\/v2\/pages\/6368\/revisions\/8449"}],"wp:attachment":[{"href":"https:\/\/rentboattenerife.com\/es\/wp-json\/wp\/v2\/media?parent=6368"}],"curies":[{"name":"wp","href":"https:\/\/api.w.org\/{rel}","templated":true}]}}