{"id":3,"date":"2022-11-15T09:41:57","date_gmt":"2022-11-15T07:41:57","guid":{"rendered":"https:\/\/rentboattenerife.com\/?page_id=3"},"modified":"2024-11-24T14:30:49","modified_gmt":"2024-11-24T14:30:49","slug":"privacy-policy","status":"publish","type":"page","link":"https:\/\/rentboattenerife.com\/es\/politica-de-privacidad\/","title":{"rendered":"Pol\u00edtica de privacidad"},"content":{"rendered":"<h2>Esta Pol\u00edtica de Privacidad se ha elaborado en cumplimiento de las obligaciones previstas en el Reglamento General de Protecci\u00f3n de Datos (Reglamento CE 2016\/679 de 27 de abril de 2016 o RGPD \u2013 Reglamento General de Protecci\u00f3n de Datos).<\/h2>\n<ol>\n<li>Qu\u00e9 informaci\u00f3n recopilamos y por qu\u00e9.<\/li>\n<li>M\u00e9todo y lugar de procesamiento de la informaci\u00f3n personal.<\/li>\n<li>Diseminacion de informacion.<\/li>\n<li>Protecci\u00f3n de datos personales.<\/li>\n<li>Acceso a la informaci\u00f3n.<\/li>\n<li>Cookies, web beacons y otras tecnolog\u00edas.<\/li>\n<li>Enlaces a otros sitios.<\/li>\n<li>Cambios en la Pol\u00edtica de Privacidad.<\/li>\n<li>Informaci\u00f3n legal.<\/li>\n<li>Contactos.<\/li>\n<li>Qu\u00e9 informaci\u00f3n recopilamos y por qu\u00e9<\/li>\n<\/ol>\n<p>Si un usuario (Licenciatario) se registra por correo electr\u00f3nico, recibimos informaci\u00f3n:<\/p>\n<p>\u2013 nombre, nombre de usuario (licenciatario);<\/p>\n<p>- direcci\u00f3n de correo electr\u00f3nico;<\/p>\n<p>- el tel\u00e9fono;<\/p>\n<p>- la ciudad;<\/p>\n<p>- el pa\u00eds.<\/p>\n<p>Si un usuario (licenciatario) se registra utilizando el servicio de autorizaci\u00f3n de Facebook, recibimos la siguiente informaci\u00f3n:<\/p>\n<p>- direcci\u00f3n de correo electr\u00f3nico;<\/p>\n<p>- n\u00famero de tel\u00e9fono;<\/p>\n<p>\u2013 cuenta de usuario en Facebook;<\/p>\n<p>- el tel\u00e9fono.<\/p>\n<p>El motivo por el cual se solicita un n\u00famero de tel\u00e9fono al usuario (Licenciatario) es para poder brindar soporte y servicio de consultor\u00eda.<\/p>\n<p>Solo recopilamos los datos que usted nos proporciona voluntariamente.<\/p>\n<p>Es posible que no nos proporcione esta informaci\u00f3n, pero si lo hace, es posible que nuestro Sitio y nuestros servicios no funcionen correctamente o que algunas de sus funciones no est\u00e9n disponibles.<\/p>\n<p>Adem\u00e1s, cuando visita nuestros sitios web, podemos recibir cierta informaci\u00f3n sobre usted autom\u00e1ticamente. Dicha informaci\u00f3n puede incluir:<\/p>\n<p>\u2013 su direcci\u00f3n IP;<\/p>\n<p>\u2013 informaci\u00f3n sobre el sistema operativo de su computadora\/dispositivo m\u00f3vil y el tipo de navegador,<\/p>\n<p>\u2013 su tipo de dispositivo,<\/p>\n<p>\u2013 identificador de dispositivo \u00fanico (UDID) o identificador de equipo m\u00f3vil (MEID) de su dispositivo m\u00f3vil,<\/p>\n<p>\u2013 la direcci\u00f3n del sitio donde se coloc\u00f3 el enlace sobre nosotros y las p\u00e1ginas que visit\u00f3 en nuestro sitio web.<\/p>\n<p>\u2013 tiempo de registro;<\/p>\n<p>\u2013 tiempo de permanencia en el sitio;<\/p>\n<p>\u2013 p\u00e1ginas visitadas en el sitio;<\/p>\n<p>\u2013 resultados de la formaci\u00f3n (materiales aprobados, resultados de las pruebas);<\/p>\n<p>\u2013 los resultados de apertura de las cartas;<\/p>\n<p>\u2013 la hora de la \u00faltima visita;<\/p>\n<p>\u2013 la duraci\u00f3n de la \u00faltima visita;<\/p>\n<p>\u2013 fecha de inicio y finalizaci\u00f3n de la licencia;<\/p>\n<p>\u2013 otros datos recopilados por Google Analytics, Zoho SalesIQ, Facebook Pixel.<\/p>\n<p>Podemos usar esta informaci\u00f3n para administrar, mantener y personalizar nuestro sitio web y servicios, para servir a nuestros usuarios licenciatarios y para campa\u00f1as de marketing.<\/p>\n<p>En esta Pol\u00edtica de privacidad, tambi\u00e9n proporcionamos informaci\u00f3n adicional sobre c\u00f3mo usamos las cookies.<\/p>\n<p>Google Tag Manager, Facebook Pixel y otros servicios de marketing recopilan informaci\u00f3n sobre sus visitas y actividades en&nbsp;<a href=\"https:\/\/rentboattenerife.com\/es\/\">alquilerbarcotenerife.com<\/a>. Esta informaci\u00f3n puede ser utilizada para publicidad dirigida. El usuario puede desactivar la recopilaci\u00f3n de estos datos en la configuraci\u00f3n de los servicios de Facebook y Google.<\/p>\n<p><a href=\"https:\/\/www.facebook.com\/help\/247395082112892?helpref=related\">https:\/\/www.facebook.com\/help\/247395082112892?help&#8230;<\/a><\/p>\n<p><a href=\"https:\/\/support.google.com\/ads\/answer\/2662856?co=GENIE.Platform%3DAndroid&amp;hl=en\">https:\/\/support.google.com\/ads\/answer\/2662856?co=GENIE.Platform%3DAndroid&amp;hl=en<\/a><\/p>\n<p>2. M\u00e9todo y lugar de procesamiento de informaci\u00f3n personal<\/p>\n<p><em>M\u00e9todo de procesamiento<\/em><\/p>\n<p>El procesamiento de la informaci\u00f3n personal se lleva a cabo utilizando computadoras y\/o medios automatizados de acuerdo con procedimientos y m\u00e9todos que cumplan con el prop\u00f3sito de la recopilaci\u00f3n de datos.<\/p>\n<p>El procesador de datos. Tambi\u00e9n puede solicitarnos una lista de estas personas.<\/p>\n<p><em>Lugar de procesamiento de datos<\/em><\/p>\n<p>Los datos se procesan en la oficina del Licenciante y otros lugares donde se encuentran las partes involucradas en el procesamiento. Para obtener m\u00e1s informaci\u00f3n, p\u00f3ngase en contacto con nosotros (operador de datos y propietario de la base de datos).<\/p>\n<p>3. Difusi\u00f3n de informaci\u00f3n<\/p>\n<p>Para proporcionar el servicio, su informaci\u00f3n personal puede ser utilizada y procesada internamente por el Licenciatario (sus empleados y contratistas).<\/p>\n<p>Cualquier uso de su informaci\u00f3n personal dentro del Licenciatario est\u00e1 sujeto a esta Pol\u00edtica de privacidad. De vez en cuando, podemos enviarle mensajes que contengan informaci\u00f3n promocional y de marketing sobre nuestros productos y servicios, promociones, etc. Si no nos da su consentimiento para recibir dichas comunicaciones (durante el proceso de registro o cuando solicita servicios), nosotros no le enviar\u00e1 dichas comunicaciones.<\/p>\n<p>La informaci\u00f3n personal tambi\u00e9n estar\u00e1 disponible para los sistemas de pago que brindan aceptaci\u00f3n de pago para el <a href=\"https:\/\/rentboattenerife.com\/es\/\">alquilerbarcotenerife.com<\/a>&nbsp;sitio web. Cierta informaci\u00f3n tambi\u00e9n se almacenar\u00e1 y procesar\u00e1 en los servidores de los proveedores de software de servicio al cliente Zoho CRM, ZOHO Campaigns.<\/p>\n<p>El licenciante podr\u00e1 contratar a otras empresas para la prestaci\u00f3n de servicios y la organizaci\u00f3n de campa\u00f1as publicitarias. Estas empresas tambi\u00e9n pueden acceder a parte de su informaci\u00f3n personal solo en la medida necesaria para proporcionar el servicio, y no pueden utilizarla para ning\u00fan otro fin.<\/p>\n<p>El Licenciante no vende, transfiere ni comunica informaci\u00f3n personal de sus clientes y usuarios del Sitio a terceros que no formen parte del grupo del Licenciante. Sin embargo, con su consentimiento, a veces podemos enviarle informaci\u00f3n de marketing en nombre de uno de nuestros socios sobre productos y servicios ofrecidos que pueden interesarle. Tambi\u00e9n podemos preguntarle si desea recibir materiales de marketing de nuestros socios comerciales. Si acepta recibir el bolet\u00edn, no compartiremos su informaci\u00f3n personal con estos socios, pero le enviaremos los materiales por correo electr\u00f3nico en nombre de estos socios.<\/p>\n<p>El Licenciante se reserva el derecho de usar y compartir cualquier informaci\u00f3n sobre usted, en la medida expresamente permitida por la ley u otra regulaci\u00f3n, para proteger la integridad de nuestros servicios, proteger nuestros derechos o ayudar a las agencias del orden p\u00fablico a investigar delitos y garantizar seguridad P\u00fablica.<\/p>\n<p>4. Protecci\u00f3n de datos personales<\/p>\n<p>El Licenciante tomar\u00e1 todas las medidas comercialmente razonables para evitar el acceso no autorizado a la informaci\u00f3n personal y los datos obtenidos mediante el uso del Sitio o los servicios. Nos esforzamos por proteger sus datos personales, pero lo alentamos a que tome todas las precauciones disponibles para proteger sus datos personales durante la transmisi\u00f3n. Para hacerlo, cambie las contrase\u00f1as con m\u00e1s frecuencia, use combinaciones de letras y n\u00fameros y use un navegador seguro.<\/p>\n<p><em>Garantizar la seguridad de la informaci\u00f3n de los ni\u00f1os<\/em><\/p>\n<p>El sitio no pretende atraer la atenci\u00f3n de ni\u00f1os y menores. El Licenciante no recopila intencionalmente datos personales de ni\u00f1os y personas menores de 18 a\u00f1os, ni les env\u00eda ninguna solicitud de informaci\u00f3n personal.<\/p>\n<p>5. Acceso a la informaci\u00f3n<\/p>\n<p>Usted tiene control total sobre toda la informaci\u00f3n personal que nos proporciona. Puede, en cualquier momento, especificar o cambiar la informaci\u00f3n personal que recibimos de usted, o cambiar la configuraci\u00f3n para recibir informaci\u00f3n promocional y de marketing de nosotros y nuestros socios. Puede pedirnos que eliminemos toda la informaci\u00f3n recopilada sobre usted en cualquier momento (derecho al olvido). Para hacer esto, env\u00edenos un correo electr\u00f3nico o una carta a vzatkhei@gmail.com.<\/p>\n<p>6. Cookies, web beacons y otras tecnolog\u00edas<\/p>\n<p>El Sitio recopila informaci\u00f3n sobre su comportamiento en nuestro Sitio y visitas a las p\u00e1ginas del Sitio para obtener estad\u00edsticas de visitas y efectividad de uso del Sitio, para formar un enfoque personal y adaptar nuestros servicios a los intereses de cada usuario. Hacemos esto a trav\u00e9s de varias tecnolog\u00edas, una de las cuales son las cookies. Estos son datos que el sitio web puede enviar a su navegador y se almacenar\u00e1n en su computadora para su posterior identificaci\u00f3n por parte del sitio web.<\/p>\n<p>Las cookies se usan m\u00e1s com\u00fanmente para medir la efectividad de los sitios web (por ejemplo, para medir la cantidad de visitantes y el tiempo que han estado all\u00ed), para identificar los temas y las p\u00e1ginas visitadas m\u00e1s interesantes, y para garantizar que el sitio web sea f\u00e1cil de usar. para navegar y usar sin recopilar ninguna informaci\u00f3n personal. Las cookies tambi\u00e9n se pueden usar para crear un enfoque personalizado basado en su experiencia previa con el Sitio y sus preferencias. Con el tiempo, esta informaci\u00f3n puede mejorar su experiencia.<\/p>\n<p>Las cookies se suelen dividir en cookies de sesi\u00f3n y permanentes. Las cookies de sesi\u00f3n ayudan a navegar por el sitio web de manera efectiva, de modo que la informaci\u00f3n solicitada una vez durante una sesi\u00f3n ya no se volver\u00e1 a solicitar. Las cookies de sesi\u00f3n se almacenan en una memoria temporal y se borran cuando cierra su navegador. Las cookies persistentes almacenan las preferencias del usuario para las visitas actuales y futuras (por ejemplo, simplifican la autorizaci\u00f3n del sitio al recordar las cuentas de los usuarios). Se guardan en el disco duro de su computadora o en la unidad de su dispositivo m\u00f3vil y se activan cuando inicia su navegador. Usamos cookies persistentes para almacenar informaci\u00f3n, como el idioma y el pa\u00eds del usuario.<\/p>\n<p>Si ya no desea recibir cookies o si desea ser informado cuando se recibe una cookie, configure su navegador web. Sin embargo, si deshabilita todas las cookies, no podr\u00e1 usar ciertos servicios y caracter\u00edsticas del sitio.<\/p>\n<p>Puede obtener m\u00e1s informaci\u00f3n sobre las &quot;cookies&quot; en los motores de b\u00fasqueda populares visitando los siguientes enlaces:<\/p>\n<p><a href=\"https:\/\/policies.yahoo.com\/us\/en\/yahoo\/privacy\/\">https:\/\/policies.yahoo.com\/us\/en\/yahoo\/privacy\/<\/a><\/p>\n<p><a href=\"https:\/\/www.google.com\/policies\/privacy\/\">https:\/\/www.google.com\/policies\/privacy\/<\/a><\/p>\n<p><a href=\"https:\/\/privacy.microsoft.com\/en-us\/privacystatement\">https:\/\/privacy.microsoft.com\/en-us\/privacystatement<\/a><\/p>\n<p>La configuraci\u00f3n en los navegadores populares se puede encontrar en los siguientes enlaces:<\/p>\n<p>Cromo:&nbsp;<a href=\"https:\/\/support.google.com\/chrome\/answer\/95647?hl=en\">https:\/\/support.google.com\/chrome\/answer\/95647?hl=en<\/a><\/p>\n<p>Explorador:&nbsp;<a href=\"https:\/\/support.microsoft.com\/en-us\/products\/windows?os=windows-10\">https:\/\/support.microsoft.com\/en-us\/products\/windows?os=windows-10<\/a><\/p>\n<p>Safari:&nbsp;<a href=\"https:\/\/support.apple.com\/kb\/PH21411\">https:\/\/support.apple.com\/kb\/PH21411<\/a><\/p>\n<p>Firefox:&nbsp;<a href=\"https:\/\/support.mozilla.org\/en-US\/kb\/enable-and-disable-cookies-website-preferences\">https:\/\/support.mozilla.org\/en-US\/kb\/enable-and-disable-cookies-website-preferences<\/a><\/p>\n<p>\u00d3pera:&nbsp;<a href=\"http:\/\/www.opera.com\/help\/tutorials\/security\/cookies\/\">http:\/\/www.opera.com\/help\/tutorials\/security\/cookies\/<\/a><\/p>\n<p>7. Enlaces a otros sitios<\/p>\n<p>Si visita sitios de terceros que no son mantenidos por el Licenciante haciendo clic en enlaces en nuestro Sitio, debe leer su privacidad y otros principios operativos. No somos responsables de las pol\u00edticas de privacidad y las pr\u00e1cticas de recopilaci\u00f3n de datos de otras empresas, y cualquier informaci\u00f3n que proporcione a dichas empresas es recopilada por ellas de acuerdo con sus pol\u00edticas de privacidad.<\/p>\n<p>8. Cambios en la Pol\u00edtica de Privacidad<\/p>\n<p>Podemos hacer cambios a esta Pol\u00edtica en cualquier momento mediante la publicaci\u00f3n de una nueva versi\u00f3n de la Pol\u00edtica de privacidad en esta p\u00e1gina.&nbsp;<a href=\"https:\/\/rentboattenerife.com\/es\/politica-de-privacidad\/\">https:\/\/rentboattenerife.com\/privacy-policy\/<\/a>. Le recomendamos encarecidamente que consulte esta p\u00e1gina y la fecha en la parte superior de la p\u00e1gina para conocer los \u00faltimos cambios con frecuencia.<\/p>\n<p>Si no est\u00e1 de acuerdo con los cambios realizados en la Pol\u00edtica, debe dejar de usar el Sitio y los servicios del Licenciante y puede solicitar que eliminemos su informaci\u00f3n personal.<\/p>\n<p>Esta pol\u00edtica de privacidad se aplica a toda la informaci\u00f3n personal de&nbsp;<a href=\"https:\/\/rentboattenerife.com\/es\/\">https:\/\/rentboattenerife.com\/<\/a>&nbsp;usuarios y los clientes del Licenciante que poseemos, independientemente del m\u00e9todo de recolecci\u00f3n y el m\u00e9todo de obtenci\u00f3n de la misma.<\/p>\n<p>9. Informaci\u00f3n legal<\/p>\n<p>La Pol\u00edtica de privacidad cumple con los requisitos de la legislaci\u00f3n ucraniana sobre protecci\u00f3n de datos personales, as\u00ed como con los requisitos de la legislaci\u00f3n de la mayor\u00eda de los pa\u00edses de la CEI y contiene informaci\u00f3n detallada sobre los datos recopilados, sus prop\u00f3sitos, m\u00e9todos de recopilaci\u00f3n, procesamiento y uso.<\/p>\n<p>La Pol\u00edtica de Privacidad se ha elaborado en cumplimiento de las obligaciones del Reglamento General de Protecci\u00f3n de Datos (Reglamento CE 2016\/679 de 27 de abril de 2016 o RGPD \u2013 Reglamento General de Protecci\u00f3n de Datos).<\/p>\n<p>10. Contactos del licenciante<\/p>\n<p>Alquiler Barco Tenerife<\/p>\n<p>38660 Costa Adeje, Tenerife, Islas Canarias, Espa\u00f1a<\/p>\n<p>Tel\u00e9fono: +34662020230<\/p>\n<p>Correo electr\u00f3nico: vzatkhei@gmail.com<\/p>\n<p>Contactos del responsable del almacenamiento de la informaci\u00f3n:<\/p>\n<p>vzatkhei@gmail.com<\/p>","protected":false},"excerpt":{"rendered":"<p>Esta Pol\u00edtica de Privacidad se ha elaborado en cumplimiento con las obligaciones del Reglamento General de Protecci\u00f3n de Datos (Reglamento CE 2016\/679 de 27 de abril de 2016 o RGPD). Qu\u00e9 informaci\u00f3n recopilamos y por qu\u00e9. M\u00e9todo y lugar de tratamiento de la informaci\u00f3n personal. Difusi\u00f3n de la informaci\u00f3n. Protecci\u00f3n de datos personales. Acceso a la informaci\u00f3n. [\u2026]<\/p>","protected":false},"author":1,"featured_media":0,"parent":0,"menu_order":0,"comment_status":"closed","ping_status":"open","template":"","meta":{"_acf_changed":false,"footnotes":""},"class_list":["post-3","page","type-page","status-publish","hentry"],"acf":[],"aioseo_notices":[],"_links":{"self":[{"href":"https:\/\/rentboattenerife.com\/es\/wp-json\/wp\/v2\/pages\/3","targetHints":{"allow":["GET"]}}],"collection":[{"href":"https:\/\/rentboattenerife.com\/es\/wp-json\/wp\/v2\/pages"}],"about":[{"href":"https:\/\/rentboattenerife.com\/es\/wp-json\/wp\/v2\/types\/page"}],"author":[{"embeddable":true,"href":"https:\/\/rentboattenerife.com\/es\/wp-json\/wp\/v2\/users\/1"}],"replies":[{"embeddable":true,"href":"https:\/\/rentboattenerife.com\/es\/wp-json\/wp\/v2\/comments?post=3"}],"version-history":[{"count":1,"href":"https:\/\/rentboattenerife.com\/es\/wp-json\/wp\/v2\/pages\/3\/revisions"}],"predecessor-version":[{"id":8504,"href":"https:\/\/rentboattenerife.com\/es\/wp-json\/wp\/v2\/pages\/3\/revisions\/8504"}],"wp:attachment":[{"href":"https:\/\/rentboattenerife.com\/es\/wp-json\/wp\/v2\/media?parent=3"}],"curies":[{"name":"wp","href":"https:\/\/api.w.org\/{rel}","templated":true}]}}