{"id":6368,"date":"2023-07-14T16:00:51","date_gmt":"2023-07-14T15:00:51","guid":{"rendered":"https:\/\/rentboattenerife.com\/?page_id=6368"},"modified":"2024-11-23T15:46:07","modified_gmt":"2024-11-23T15:46:07","slug":"tenerife-water-sports","status":"publish","type":"page","link":"https:\/\/rentboattenerife.com\/de\/wassersport-auf-teneriffa\/","title":{"rendered":"Wassersport Teneriffa"},"content":{"rendered":"<div data-elementor-type=\"wp-page\" data-elementor-id=\"6368\" class=\"elementor elementor-6368\">\n\t\t\t\t\t\t<section class=\"elementor-section elementor-top-section elementor-element elementor-element-2de39b5 elementor-section-boxed elementor-section-height-default elementor-section-height-default\" data-id=\"2de39b5\" data-element_type=\"section\" data-e-type=\"section\">\n\t\t\t\t\t\t<div class=\"elementor-container elementor-column-gap-default\">\n\t\t\t\t\t<div class=\"elementor-column elementor-col-100 elementor-top-column elementor-element elementor-element-c5e60bd\" data-id=\"c5e60bd\" data-element_type=\"column\" data-e-type=\"column\">\n\t\t\t<div class=\"elementor-widget-wrap elementor-element-populated\">\n\t\t\t\t\t\t<div class=\"elementor-element elementor-element-d43c77f elementor-widget elementor-widget-spacer\" data-id=\"d43c77f\" data-element_type=\"widget\" data-e-type=\"widget\" data-widget_type=\"spacer.default\">\n\t\t\t\t<div class=\"elementor-widget-container\">\n\t\t\t\t\t\t\t<div class=\"elementor-spacer\">\n\t\t\t<div class=\"elementor-spacer-inner\"><\/div>\n\t\t<\/div>\n\t\t\t\t\t\t<\/div>\n\t\t\t\t<\/div>\n\t\t\t\t<div class=\"elementor-element elementor-element-eaa625b elementor-widget elementor-widget-text-editor\" data-id=\"eaa625b\" data-element_type=\"widget\" data-e-type=\"widget\" data-widget_type=\"text-editor.default\">\n\t\t\t\t<div class=\"elementor-widget-container\">\n\t\t\t\t\t\t\t\t\t<h1>Wassersport Teneriffa<\/h1><p>Tauchen Sie ein in den Nervenkitzel des Wassersports auf Teneriffa! Erleben Sie den Adrenalinsto\u00df beim Flyboarden und Parasailing oder erleben Sie mit einem Jetski ein unvergessliches Abenteuer auf Teneriffa.<\/p>\t\t\t\t\t\t\t\t<\/div>\n\t\t\t\t<\/div>\n\t\t\t\t<div class=\"elementor-element elementor-element-98253c4 elementor-widget elementor-widget-spacer\" data-id=\"98253c4\" data-element_type=\"widget\" data-e-type=\"widget\" data-widget_type=\"spacer.default\">\n\t\t\t\t<div class=\"elementor-widget-container\">\n\t\t\t\t\t\t\t<div class=\"elementor-spacer\">\n\t\t\t<div class=\"elementor-spacer-inner\"><\/div>\n\t\t<\/div>\n\t\t\t\t\t\t<\/div>\n\t\t\t\t<\/div>\n\t\t\t\t<div class=\"elementor-element elementor-element-2794c08 elementor-widget elementor-widget-homey_elementor_experience_grids\" data-id=\"2794c08\" data-element_type=\"widget\" data-e-type=\"widget\" data-widget_type=\"homey_elementor_experience_grids.default\">\n\t\t\t\t<div class=\"elementor-widget-container\">\n\t\t\t\t\t\n\t\t<div class=\"module-wrap taxonomy-grid taxonomy-grid-1\">\n\t\t\t<div class=\"row\">\n\t\t\t\t\n\t\t\t\t\t<div class=\"col-lg-6 col-md-6 col-sm-6 col-xs-12\">\n\t\t\t\t\t\t<div class=\"wwwww taxonomy-item taxonomy-card\">\n\t\t\t\t\t\t\t<a class=\"taxonomy-link hover-effect\" href=\"https:\/\/rentboattenerife.com\/de\/tenerife-water-sports\/bananenbootfahrt-teneriffa\/\">\n\t\t\t\t\t\t\t\t<div class=\"taxonomy-title\">Bananenbootfahrt auf Teneriffa<\/div>\n\t\t\t\t\t\t\t\t<img fetchpriority=\"high\" decoding=\"async\" class=\"img-responsive\" src=\"https:\/\/rentboattenerife.com\/wp-content\/uploads\/2023\/07\/Banana-boat-ride-Tenerife-555x360.jpg\" width=\"555\" height=\"360\" alt=\"Erlebnisbereich\">\n\t\t\t\t\t\t\t<\/a>\n\t\t\t\t\t\t<\/div>\n\t\t\t\t\t<\/div>\n\n\t\t\t\t\t\n\t\t\t\t\t<div class=\"col-lg-6 col-md-6 col-sm-6 col-xs-12\">\n\t\t\t\t\t\t<div class=\"wwwww taxonomy-item taxonomy-card\">\n\t\t\t\t\t\t\t<a class=\"taxonomy-link hover-effect\" href=\"https:\/\/rentboattenerife.com\/de\/tenerife-water-sports\/fliegenfisch-teneriffa\/\">\n\t\t\t\t\t\t\t\t<div class=\"taxonomy-title\">Fliegenfischen auf Teneriffa<\/div>\n\t\t\t\t\t\t\t\t<img decoding=\"async\" class=\"img-responsive\" src=\"https:\/\/rentboattenerife.com\/wp-content\/uploads\/2023\/07\/Fly-Fish-Tenerife-555x360.jpg\" width=\"555\" height=\"360\" alt=\"Erlebnisbereich\">\n\t\t\t\t\t\t\t<\/a>\n\t\t\t\t\t\t<\/div>\n\t\t\t\t\t<\/div>\n\n\t\t\t\t\t\n\t\t\t\t\t<div class=\"col-lg-6 col-md-6 col-sm-6 col-xs-12\">\n\t\t\t\t\t\t<div class=\"wwwww taxonomy-item taxonomy-card\">\n\t\t\t\t\t\t\t<a class=\"taxonomy-link hover-effect\" href=\"https:\/\/rentboattenerife.com\/de\/tenerife-water-sports\/flyboard-teneriffa\/\">\n\t\t\t\t\t\t\t\t<div class=\"taxonomy-title\">Flyboard Teneriffa<\/div>\n\t\t\t\t\t\t\t\t<img decoding=\"async\" class=\"img-responsive\" src=\"https:\/\/rentboattenerife.com\/wp-content\/uploads\/2023\/07\/Flyboard-Tenerife-555x360.jpg\" width=\"555\" height=\"360\" alt=\"Erlebnisbereich\">\n\t\t\t\t\t\t\t<\/a>\n\t\t\t\t\t\t<\/div>\n\t\t\t\t\t<\/div>\n\n\t\t\t\t\t\n\t\t\t\t\t<div class=\"col-lg-6 col-md-6 col-sm-6 col-xs-12\">\n\t\t\t\t\t\t<div class=\"wwwww taxonomy-item taxonomy-card\">\n\t\t\t\t\t\t\t<a class=\"taxonomy-link hover-effect\" href=\"https:\/\/rentboattenerife.com\/de\/tenerife-water-sports\/jet-ski-teneriffa\/\">\n\t\t\t\t\t\t\t\t<div class=\"taxonomy-title\">Jetski Teneriffa<\/div>\n\t\t\t\t\t\t\t\t<img loading=\"lazy\" decoding=\"async\" class=\"img-responsive\" src=\"https:\/\/rentboattenerife.com\/wp-content\/uploads\/2022\/11\/jet-ski-tenerife-555x360.jpg\" width=\"555\" height=\"360\" alt=\"Erlebnisbereich\">\n\t\t\t\t\t\t\t<\/a>\n\t\t\t\t\t\t<\/div>\n\t\t\t\t\t<\/div>\n\n\t\t\t\t\t\n\t\t\t\t\t<div class=\"col-lg-6 col-md-6 col-sm-6 col-xs-12\">\n\t\t\t\t\t\t<div class=\"wwwww taxonomy-item taxonomy-card\">\n\t\t\t\t\t\t\t<a class=\"taxonomy-link hover-effect\" href=\"https:\/\/rentboattenerife.com\/de\/tenerife-water-sports\/paddle-surf-tenerife\/\">\n\t\t\t\t\t\t\t\t<div class=\"taxonomy-title\">Paddelsurfen<\/div>\n\t\t\t\t\t\t\t\t<img loading=\"lazy\" decoding=\"async\" class=\"img-responsive\" src=\"https:\/\/rentboattenerife.com\/wp-content\/uploads\/2024\/10\/Paddle-surf-Tenerife.jpg\" width=\"545\" height=\"354\" alt=\"Erlebnisbereich\">\n\t\t\t\t\t\t\t<\/a>\n\t\t\t\t\t\t<\/div>\n\t\t\t\t\t<\/div>\n\n\t\t\t\t\t\n\t\t\t\t\t<div class=\"col-lg-6 col-md-6 col-sm-6 col-xs-12\">\n\t\t\t\t\t\t<div class=\"wwwww taxonomy-item taxonomy-card\">\n\t\t\t\t\t\t\t<a class=\"taxonomy-link hover-effect\" href=\"https:\/\/rentboattenerife.com\/de\/tenerife-water-sports\/parasailing-teneriffa\/\">\n\t\t\t\t\t\t\t\t<div class=\"taxonomy-title\">Parasailing auf Teneriffa<\/div>\n\t\t\t\t\t\t\t\t<img loading=\"lazy\" decoding=\"async\" class=\"img-responsive\" src=\"https:\/\/rentboattenerife.com\/wp-content\/uploads\/2023\/07\/parasailing-tenerife-555x360.jpg\" width=\"555\" height=\"360\" alt=\"Erlebnisbereich\">\n\t\t\t\t\t\t\t<\/a>\n\t\t\t\t\t\t<\/div>\n\t\t\t\t\t<\/div>\n\n\t\t\t\t\t\t\t\t\t\n\t\t\t<\/div>\n\t\t<\/div>\n\t\t\n\t\t\t\t\t\t<\/div>\n\t\t\t\t<\/div>\n\t\t\t\t\t<\/div>\n\t\t<\/div>\n\t\t\t\t\t<\/div>\n\t\t<\/section>\n\t\t\t\t<section class=\"elementor-section elementor-top-section elementor-element elementor-element-72ceee4 elementor-section-boxed elementor-section-height-default elementor-section-height-default\" data-id=\"72ceee4\" data-element_type=\"section\" data-e-type=\"section\">\n\t\t\t\t\t\t<div class=\"elementor-container elementor-column-gap-default\">\n\t\t\t\t\t<div class=\"elementor-column elementor-col-100 elementor-top-column elementor-element elementor-element-dc840e5\" data-id=\"dc840e5\" data-element_type=\"column\" data-e-type=\"column\">\n\t\t\t<div class=\"elementor-widget-wrap\">\n\t\t\t\t\t\t\t<\/div>\n\t\t<\/div>\n\t\t\t\t\t<\/div>\n\t\t<\/section>\n\t\t\t\t<section class=\"elementor-section elementor-top-section elementor-element elementor-element-edd9793 elementor-section-boxed elementor-section-height-default elementor-section-height-default\" data-id=\"edd9793\" data-element_type=\"section\" data-e-type=\"section\">\n\t\t\t\t\t\t<div class=\"elementor-container elementor-column-gap-default\">\n\t\t\t\t\t<div class=\"elementor-column elementor-col-100 elementor-top-column elementor-element elementor-element-0c1134e\" data-id=\"0c1134e\" data-element_type=\"column\" data-e-type=\"column\">\n\t\t\t<div class=\"elementor-widget-wrap elementor-element-populated\">\n\t\t\t\t\t\t<div class=\"elementor-element elementor-element-cc229ee elementor-widget elementor-widget-text-editor\" data-id=\"cc229ee\" data-element_type=\"widget\" data-e-type=\"widget\" data-widget_type=\"text-editor.default\">\n\t\t\t\t<div class=\"elementor-widget-container\">\n\t\t\t\t\t\t\t\t\t<p>Auf der atemberaubend sch\u00f6nen Insel Teneriffa geht es nicht nur um malerische Landschaften und k\u00f6stliche K\u00fcche. Es ist auch ein Paradies f\u00fcr Abenteuerlustige und bietet unz\u00e4hlige aufregende Wassersportarten, die Ihnen mit Sicherheit eine Portion Adrenalin bescheren.<\/p><h2>Warum Teneriffa f\u00fcr Wassersportarten w\u00e4hlen?<\/h2><p>Teneriffa liegt im Herzen der Kanarischen Inseln und ist mit g\u00fcnstigen Wetterbedingungen, kristallklarem Wasser und einer F\u00fclle an Meereslebewesen gesegnet, was es zum perfekten Reiseziel f\u00fcr Wassersportbegeisterte macht.<\/p><h3>Jetski fahren auf Teneriffa<\/h3><p>F\u00fcr diejenigen, die Geschwindigkeit brauchen, ist Jetskifahren in den azurblauen Gew\u00e4ssern Teneriffas ein Muss. Bei diesem Sport handelt es sich um das Fahren auf einem Wasserfahrzeug, was f\u00fcr Abenteuerlustige ein aufregendes Erlebnis sein kann.<\/p><h4>Den Nervenkitzel erleben<\/h4><p>Stellen Sie sich vor, Sie rasen \u00fcber die Wasseroberfl\u00e4che, der Wind peitscht durch Ihre Haare, die salzige Gischt auf Ihrem Gesicht und das endlose Meer erstreckt sich vor Ihnen. Das ist Jetskifahren auf Teneriffa f\u00fcr Sie!<\/p><h4>Sicherheitsma\u00dfnahmen<\/h4><p>Obwohl es zweifellos aufregend ist, sollte die Sicherheit niemals gef\u00e4hrdet werden. Tragen Sie Schwimmwesten, befolgen Sie die Anweisungen der Ausbilder und halten Sie eine sichere Geschwindigkeit und einen sicheren Abstand zu anderen Wasserfahrzeugen ein.<\/p><h3>Parasailing auf Teneriffa<\/h3><h4>Was ist Parasailing?<\/h4><p>Parasailing ist eine Freizeitbesch\u00e4ftigung, bei der eine Person an einem Fallschirm befestigt hinter einem Boot hergezogen wird und hoch in den Himmel aufsteigt. Es bietet eine einzigartige Perspektive auf die atemberaubende K\u00fcste Teneriffas.<\/p><h4>Das himmelhohe Abenteuer<\/h4><p>Beim Parasailing auf Teneriffa haben Sie das Gef\u00fchl, wie ein Vogel zu schweben, mit einem Panoramablick auf die wundersch\u00f6ne Landschaft der Insel und das weite Meer darunter.<\/p><h4>Sicherheitstipps<\/h4><p>Um ein sicheres und angenehmes Parasailing-Erlebnis zu gew\u00e4hrleisten, beachten Sie die bereitgestellten Anweisungen, stellen Sie sicher, dass Ihr Gurtzeug sicher ist, und vermeiden Sie Parasailing bei extremen Wetterbedingungen.<\/p><h3>Flyboarden auf Teneriffa<\/h3><h4>Flyboarden verstehen<\/h4><p>Flyboarding ist eine relativ neue Wassersportart, bei der man auf einem Brett steht, das \u00fcber einen langen Schlauch mit einem Wasserfahrzeug verbunden ist. Wasser wird unter Druck auf ein Paar Stiefel mit darunter befindlichen Strahld\u00fcsen gedr\u00fcckt und treibt den Fahrer in die Luft.<\/p><h4>Der Adrenalinsto\u00df<\/h4><p>Beim Flyboarden k\u00f6nnen Sie das Hochgef\u00fchl erleben, \u00fcber dem Meer zu fliegen und wie ein Delphin wieder ins Wasser einzutauchen.<\/p><h4>Sicherheitsvorkehrungen<\/h4><p>So aufregend es auch klingen mag, Flyboarden erfordert etwas Training. Stellen Sie sicher, dass Sie eine ordnungsgem\u00e4\u00dfe Einweisung erhalten und die erforderliche Sicherheitsausr\u00fcstung tragen, einschlie\u00dflich Helm und Schwimmweste.<\/p><h3>Bananenbootfahrt auf Teneriffa<\/h3><h4>Die spa\u00dfige Fahrt<\/h4><p>F\u00fcr diejenigen, die eine unterhaltsame und aufregende Aktivit\u00e4t f\u00fcr die ganze Familie suchen, ist die Fahrt mit dem Bananenboot eine gro\u00dfartige Option. Dieses aufblasbare Boot in Form einer Banane wird von einem Schnellboot gezogen und sorgt f\u00fcr eine angenehme Fahrt.<\/p><h4>Der Aufregungsfaktor<\/h4><p>Halten Sie sich gut fest, w\u00e4hrend das Schnellboot umherfliegt und das Bananenboot \u00fcber die Wellen h\u00fcpft. Es ist eine Erfahrung voller Lachen und Aufregung.<\/p><h4>Sicherheitshinweise<\/h4><p>Achten Sie bei einer Fahrt mit dem Bananenboot darauf, dass Sie sich gut an den Griffen festhalten, achten Sie auf die Sicherheitseinweisung und tragen Sie immer Ihre Schwimmweste.<\/p><h3>Angeln auf Teneriffa<\/h3><h4>Die ruhige Aktivit\u00e4t<\/h4><p>Angeln auf Teneriffa ist eine ruhige und erf\u00fcllende Aktivit\u00e4t. Das reiche Meeresleben macht es zu einem fantastischen Ort f\u00fcr Angelbegeisterte.<\/p><h4>Zu fangende Fischarten<\/h4><p>Vom Blauen Marlin bis zum Atlantischen Bonito finden Sie eine Reihe von Arten, die Ihr Angelerlebnis noch lohnender machen.<\/p><h4>Sicherheitsrichtlinien<\/h4><p>Angeln erfordert Geduld und Vorsichtsma\u00dfnahmen. Verwenden Sie die richtige Ausr\u00fcstung, respektieren Sie das Leben im Meer und befolgen Sie die \u00f6rtlichen Fischereivorschriften.<\/p><h2>Abschluss<\/h2><p>Teneriffa bietet eine fantastische Auswahl an Wassersportarten, von denen jede ihren eigenen Nervenkitzel und Spannung bietet. Vom Adrenalinsto\u00df beim Jetskifahren und Flyboarden bis hin zum ruhigen Vergn\u00fcgen beim Angeln hat Teneriffa f\u00fcr jeden Abenteurergeschmack etwas zu bieten.<\/p><h2>FAQs<\/h2><p><strong>Ist es sicher, auf Teneriffa Wassersport zu betreiben?<\/strong><\/p><p>Ja, solange Sie die Sicherheitsrichtlinien und Anweisungen der Profis befolgen, ist es sicher.<\/p><p><strong>Muss ich Vorkenntnisse haben, um an diesen Wassersportarten teilnehmen zu k\u00f6nnen?<\/strong><\/p><p>F\u00fcr Aktivit\u00e4ten wie Jetski und Flyboarden ist m\u00f6glicherweise eine gewisse Schulung erforderlich, aber im Allgemeinen sind diese Aktivit\u00e4ten f\u00fcr alle F\u00e4higkeitsniveaus geeignet.<\/p><p><strong>Was ist die beste Zeit, um Teneriffa zum Wassersport zu besuchen?<\/strong><\/p><p>Teneriffa hat das ganze Jahr \u00fcber ein g\u00fcnstiges Klima. Allerdings bieten die Sommermonate (Juni bis September) oft optimale Bedingungen f\u00fcr den Wassersport.<\/p><p><strong>K\u00f6nnen Kinder an diesen Wassersportarten teilnehmen?<\/strong><\/p><p>Bestimmte Aktivit\u00e4ten wie Bananenbootfahrten sind f\u00fcr Kinder geeignet, f\u00fcr andere gelten jedoch m\u00f6glicherweise Altersbeschr\u00e4nkungen. Am besten erkundigen Sie sich beim Aktivit\u00e4tsanbieter.<\/p><p><strong>Was sollte ich f\u00fcr diese Wassersportaktivit\u00e4ten mitbringen?<\/strong><\/p><p>Es wird empfohlen, Badebekleidung, ein Handtuch, Sonnencreme und Kleidung zum Wechseln mitzubringen. Manche bringen vielleicht lieber ihre Wasserschuhe mit, obwohl diese nicht immer notwendig sind.<\/p>\t\t\t\t\t\t\t\t<\/div>\n\t\t\t\t<\/div>\n\t\t\t\t\t<\/div>\n\t\t<\/div>\n\t\t\t\t\t<\/div>\n\t\t<\/section>\n\t\t\t\t<\/div>","protected":false},"excerpt":{"rendered":"<p>Wassersport Teneriffa Tauchen Sie ein in den Nervenkitzel des Wassersports auf Teneriffa! Erleben Sie den Adrenalinrausch beim Flyboarding und Parasailing oder fahren Sie Jetski f\u00fcr ein unvergessliches Abenteuer auf Teneriffa. Banana Boat Ride Teneriffa Fly Fish Teneriffa Flyboard Teneriffa Jet Ski Teneriffa Parasailing Teneriffa Die atemberaubend sch\u00f6ne Insel Teneriffa hat nicht nur [\u2026]<\/p>","protected":false},"author":1,"featured_media":0,"parent":0,"menu_order":0,"comment_status":"closed","ping_status":"closed","template":"elementor_header_footer","meta":{"_acf_changed":false,"footnotes":""},"class_list":["post-6368","page","type-page","status-publish","hentry"],"acf":[],"aioseo_notices":[],"_links":{"self":[{"href":"https:\/\/rentboattenerife.com\/de\/wp-json\/wp\/v2\/pages\/6368","targetHints":{"allow":["GET"]}}],"collection":[{"href":"https:\/\/rentboattenerife.com\/de\/wp-json\/wp\/v2\/pages"}],"about":[{"href":"https:\/\/rentboattenerife.com\/de\/wp-json\/wp\/v2\/types\/page"}],"author":[{"embeddable":true,"href":"https:\/\/rentboattenerife.com\/de\/wp-json\/wp\/v2\/users\/1"}],"replies":[{"embeddable":true,"href":"https:\/\/rentboattenerife.com\/de\/wp-json\/wp\/v2\/comments?post=6368"}],"version-history":[{"count":7,"href":"https:\/\/rentboattenerife.com\/de\/wp-json\/wp\/v2\/pages\/6368\/revisions"}],"predecessor-version":[{"id":8449,"href":"https:\/\/rentboattenerife.com\/de\/wp-json\/wp\/v2\/pages\/6368\/revisions\/8449"}],"wp:attachment":[{"href":"https:\/\/rentboattenerife.com\/de\/wp-json\/wp\/v2\/media?parent=6368"}],"curies":[{"name":"wp","href":"https:\/\/api.w.org\/{rel}","templated":true}]}}