{"id":6279,"date":"2023-07-13T11:06:10","date_gmt":"2023-07-13T10:06:10","guid":{"rendered":"https:\/\/rentboattenerife.com\/?page_id=6279"},"modified":"2023-07-13T11:21:38","modified_gmt":"2023-07-13T10:21:38","slug":"terms-and-conditions","status":"publish","type":"page","link":"https:\/\/rentboattenerife.com\/de\/terms-and-conditions\/","title":{"rendered":"Gesch\u00e4ftsbedingungen"},"content":{"rendered":"<h2 class=\"wp-block-heading\">NUTZUNGSBEDINGUNGEN:<\/h2>\n\n\n\n<p>Durch die Nutzung der Website rentboattenerife.com erkl\u00e4ren Sie sich mit den nachfolgenden Nutzungsbedingungen einverstanden. Bitte lehnen Sie die Nutzung unserer Website ab, wenn Sie mit den dargelegten Bedingungen nicht einverstanden sind.<\/p>\n\n\n\n<h3 class=\"wp-block-heading\"><strong>1. Eigentumsrechte<\/strong><\/h3>\n\n\n\n<p>RentBoatTenerife.com oder seine Partner besitzen ausschlie\u00dflich alle Eigentumsrechte an den Inhalten der Website, einschlie\u00dflich, aber nicht beschr\u00e4nkt auf Texte, Bilder, Logos, Audio- und Videodateien. Jede unberechtigte Nutzung, Vervielf\u00e4ltigung, Verbreitung oder \u00c4nderung dieses Inhalts ist strengstens untersagt, es sei denn, RentBoatTenerife.com erteilt ausdr\u00fccklich eine schriftliche Zustimmung.<\/p>\n\n\n\n<h3 class=\"wp-block-heading\">2. Haftungsausschluss<\/h3>\n\n\n\n<p>RentBoatTenerife.com haftet nicht f\u00fcr direkte oder indirekte Verluste oder Sch\u00e4den, die durch die Nutzung oder Unm\u00f6glichkeit der Nutzung unserer Website oder ihres Inhalts entstehen. Es kann nicht garantiert werden, dass die auf der Website enthaltenen Informationen genau, umfassend oder zuverl\u00e4ssig sind. Bitte beachten Sie, dass die Nutzung der Website auf eigenes Risiko erfolgt.<\/p>\n\n\n\n<h3 class=\"wp-block-heading\">3. Datenschutzgarantie<\/h3>\n\n\n\n<p>Bei RentBoatTenerife.com legen wir gro\u00dfen Wert auf Ihre Privatsph\u00e4re und verpflichten uns zum Schutz Ihrer pers\u00f6nlichen Daten. Unsere Datenschutzrichtlinie enth\u00e4lt ausf\u00fchrliche Informationen dar\u00fcber, wie wir Ihre Daten erfassen, nutzen und sichern.<\/p>\n\n\n\n<h3 class=\"wp-block-heading\">4. \u00c4nderung der Nutzungsvereinbarung<\/h3>\n\n\n\n<p>RentBoatTenerife.com beh\u00e4lt sich das Recht vor, diese Nutzungsvereinbarung jederzeit zu \u00e4ndern. Alle \u00c4nderungen werden sofort nach Ver\u00f6ffentlichung auf der Website wirksam. Wenn Sie die Website nach der Durchf\u00fchrung von \u00c4nderungen weiterhin nutzen, erkl\u00e4ren Sie sich damit einverstanden, die ge\u00e4nderten Bedingungen einzuhalten.<\/p>\n\n\n\n<h3 class=\"wp-block-heading\">5. Preispolitik<\/h3>\n\n\n\n<p>Die Preise auf https:\/\/rentboattenerife.com\/ verstehen sich inklusive der zum Zeitpunkt des Kaufs geltenden Mehrwertsteuer. Die den einzelnen Leistungen entsprechenden Preise sind die auf der Website angezeigten und beim Buchungsvorgang automatisch ber\u00fccksichtigten Preise. Der Kunde sollte sich bewusst sein, dass bestimmte Servicekosten in Echtzeit schwanken k\u00f6nnen, solche \u00c4nderungen werden jedoch immer im Voraus mitgeteilt. F\u00fcr buchungsbezogene Informationen kontaktieren Sie uns bitte \u00fcber die angegebene Support-Telefonnummer oder E-Mail.<\/p>\n\n\n\n<h3 class=\"wp-block-heading\">6. Erl\u00e4uterung der Transaktionsmethoden<\/h3>\n\n\n\n<p>Um den unterschiedlichsten Kundenpr\u00e4ferenzen gerecht zu werden, bietet RentBoatTenerife.com mehrere Transaktionsoptionen:<\/p>\n\n\n\n<ul class=\"wp-block-list\">\n<li><strong>6.1. Zahlung per Kredit- oder Debitkarte:<\/strong>&nbsp;Der Benutzer muss \u00fcber eine g\u00fcltige Kredit- oder Debitkarte verf\u00fcgen und alle Ziffern der Kartennummer in das entsprechende Formular eingeben. Die Abwicklung der Transaktion erfolgt zum Zeitpunkt der Bestellung. Es werden nur Visa- und MasterCard-Karten akzeptiert. Wir akzeptieren ausschlie\u00dflich Zahlungen mit sicheren Karten, bei denen die Authentifizierung Ihrer Identit\u00e4t als Karteninhaber gem\u00e4\u00df der von Ihrer Bank festgelegten Methode durch sicheren elektronischen Gesch\u00e4ftsverkehr (\u201eVerified by Visa\u201c und \u201eMasterCard SecureCode\u201c) erfolgt. Die Bestellung kann nicht abgerechnet werden und wird erst bearbeitet, wenn die Zahlung von Ihrer Bank oder Ihrem Kassierer autorisiert wurde.<\/li>\n<\/ul>\n\n\n\n<ul class=\"wp-block-list\">\n<li><strong>6.2. PayPal oder andere Plattform:<\/strong>&nbsp;Nach Abschluss des Kaufs werden Sie bei Auswahl dieser Zahlungsart auf die offizielle PayPal-Website weitergeleitet, wo Sie die Zahlung durchf\u00fchren k\u00f6nnen. Nachdem die Zahlung erfolgreich verarbeitet wurde, wird Ihre Bestellung abgeschlossen und eine E-Mail mit einer Zusammenfassung Ihres Kaufs wird an Ihre E-Mail-Adresse gesendet. Wenn Sie auf die Schaltfl\u00e4che \u201eZur\u00fcck zur Website\u201c klicken, gelangen Sie zur\u00fcck zur Website, wo Sie Ihre Bestellung ansehen und ausdrucken k\u00f6nnen. PayPal verf\u00fcgt \u00fcber eigene Datenschutzrichtlinien, f\u00fcr die Rent Boat Tenerife nicht verantwortlich ist.<\/li>\n<\/ul>\n\n\n\n<ul class=\"wp-block-list\">\n<li><strong>6.3. REDSYS-Plattform:&nbsp;<\/strong>Nach der Zahlungsfreigabe erh\u00e4lt der Kunde von Rent Boat Teneriffa einen Link zur Zahlung und wird zur offiziellen REDSYS-Website weitergeleitet. Nachdem die Zahlung erfolgreich verarbeitet wurde, wird Ihre Bestellung abgeschlossen und eine E-Mail mit einer Zusammenfassung Ihres Kaufs wird an Ihre E-Mail-Adresse gesendet. REDSYS hat seine eigenen Datenschutzrichtlinien und Rent Boat Teneriffa ist nicht f\u00fcr diese verantwortlich.<\/li>\n<\/ul>\n\n\n\n<h3 class=\"wp-block-heading\">7. Bedingungen f\u00fcr Buchungen und Anzahlungen<\/h3>\n\n\n\n<p>Zur Buchung sind vollj\u00e4hrige Erwachsene berechtigt. Wenn der Passagier unter 18 Jahre alt ist, ist f\u00fcr die Bootstour eine erwachsene Begleitperson erforderlich. Es liegt in Ihrer Pflicht, korrekte Personen- und Gruppeninformationen anzugeben und die Sicherheitsvorschriften des Bootes sowie die Anweisungen der Besatzung einzuhalten. Stellen Sie zum Wohle von Passagieren mit eingeschr\u00e4nkter Mobilit\u00e4t sicher, dass das ausgew\u00e4hlte Boot den individuellen Gesundheitsbedingungen und -anforderungen entspricht.<\/p>\n\n\n\n<h3 class=\"wp-block-heading\">8. Einzelheiten zu den \u00dcbertragungsdiensten<\/h3>\n\n\n\n<p>Einige von Rent Boat Teneriffa angebotene Touren beinhalten einen Transferservice. Wenn Sie bei uns buchen und einen Hinweis auf \u201eTransfer im S\u00fcden Teneriffas\u201c sehen, umfasst diese Zone Los Cristianos, Playa de las Americas, Costa Adeje, La Caleta und Playa Paraiso. Liegt Ihr Unterkunftsort au\u00dferhalb dieser Zone, ist der Transfer nicht inbegriffen und bedarf der vorherigen Abstimmung mit unserem Personal. Bitte beachten Sie, dass eine Stornierung des Bootsausflugs aufgrund der Feststellung, dass Ihre Unterkunft nicht f\u00fcr den kostenlosen Transfer in Frage kommt, nicht zul\u00e4ssig ist. Der Transferservice wird von unserem Partner bereitgestellt. Rent Boat Teneriffa gibt auf Ihrem Ticket die korrekte Treffzeit und den korrekten Treffpunkt an, die Verantwortung f\u00fcr die rechtzeitige Ankunft liegt jedoch beim Partner und Sie m\u00fcssen p\u00fcnktlich bereit sein. Bitte beachten Sie, dass selbst wenn der Transferservice angegeben ist, dieser aus bestimmten Gr\u00fcnden m\u00f6glicherweise nicht verf\u00fcgbar ist, z. B. weil der Transport ausf\u00e4llt oder alle verf\u00fcgbaren Sitzpl\u00e4tze aufgrund von Last-Minute-Buchungen belegt sind.<\/p>\n\n\n\n<h3 class=\"wp-block-heading\">9. Bedingungen f\u00fcr Last-Minute-Buchungen<\/h3>\n\n\n\n<p>Einige von Rent Boat Teneriffa angebotene Yachtausfl\u00fcge beinhalten Speisen und Getr\u00e4nke. Bei Buchungen, die weniger als drei Stunden vor der geplanten Abfahrt erfolgen, entf\u00e4llt dieser Service.<\/p>\n\n\n\n<h3 class=\"wp-block-heading\">10. \u00c4nderung und Stornierung der Buchung<\/h3>\n\n\n\n<p>RentBoatTenerife.com ist sich bewusst, dass Buchungsanpassungen erforderlich sein k\u00f6nnten. In solchen F\u00e4llen werden wir uns mit Ihnen in Verbindung setzen, um wesentliche \u00c4nderungen zu besprechen oder Sie zu benachrichtigen, wenn vor der Exkursion gen\u00fcgend Zeit bleibt, falls Sie bereits ein Ticket haben. Die endg\u00fcltige geplante Zeit wird in Ihrem Best\u00e4tigungsticket angegeben.<\/p>\n\n\n\n<p>In seltenen F\u00e4llen einer Stornierung aufgrund unzureichender Teilnehmerzahl oder unvorhergesehener Umst\u00e4nde haben Kunden die M\u00f6glichkeit, eine volle R\u00fcckerstattung zu erhalten oder einen alternativen Ausflug mit \u00e4hnlichem Standard und \u00e4hnlichem Preis zu w\u00e4hlen. Sollte die gew\u00e4hlte Alternative einen niedrigeren Standard und Preis aufweisen, wird die Differenz erstattet. Bei der Wahl eines Alternativausfluges bleiben die urspr\u00fcnglichen Buchungsbedingungen unver\u00e4ndert.<\/p>\n\n\n\n<h3 class=\"wp-block-heading\">11. Wetterbedingte Stornierungen<\/h3>\n\n\n\n<p>Wir verf\u00fcgen \u00fcber zuverl\u00e4ssige und genaue Wettervorhersagen 48 Stunden vor dem Gottesdienst. Bei vorhergesagtem Schlechtwetter besteht f\u00fcr Kunden\/Teilnehmer die M\u00f6glichkeit, den Service abzusagen oder auf einen anderen Termin zu verschieben. Im Falle einer Stornierung aufgrund von schlechtem Wetter innerhalb des angegebenen Zeitraums garantieren wir eine volle R\u00fcckerstattung. Stornierungen nach Beginn der Dienstleistung werden nicht akzeptiert. Als schlechtes Wetter gelten starker Regen, starker Wind oder Seebedingungen, die eine Gefahr f\u00fcr die Sicherheit der Schifffahrt, der G\u00e4ste und der Besatzung darstellen.&nbsp;<\/p>\n\n\n\n<p>Rent Boat Tenerife beh\u00e4lt sich das Recht vor, eine Entscheidung \u00fcber die Durchf\u00fchrbarkeit der Bootsfahrt auf der Grundlage der Wettervorhersage und der notwendigen Bedingungen f\u00fcr eine sichere Leistungserbringung zu treffen. Manchmal k\u00f6nnen sich die Wetterbedingungen im Laufe des Tages \u00e4ndern und nicht mit den Vorhersagen \u00fcbereinstimmen. Dadurch entstehen Bedingungen, die zwar eine sichere Navigation erm\u00f6glichen, f\u00fcr ein umfassendes Erlebnis jedoch nicht ideal sind. In solchen F\u00e4llen informiert unser Unternehmen die Kunden bei der Anmeldung und nach dem Einsteigen durch den Kapit\u00e4n \u00fcber die aktuellen Seebedingungen. Wenn Kunden die Reservierung stornieren und nicht an der Aktivit\u00e4t teilnehmen m\u00f6chten, wird eine volle R\u00fcckerstattung gew\u00e4hrt. Kunden, die die Reise bereits angetreten haben, haben jedoch keine M\u00f6glichkeit, die Leistung zu stornieren oder eine teilweise R\u00fcckerstattung zu erhalten.<\/p>\n\n\n\n<p>Wir sind bestrebt, sicherzustellen, dass alle unsere Kunden zufrieden sind und eine tolle Zeit haben. Wenn wir Grund zu der Annahme haben, dass die Bedingungen f\u00fcr die Bootsfahrt nicht innerhalb von 48 Stunden erf\u00fcllt werden, werden wir den Kunden dar\u00fcber informieren und empfehlen, die Buchung zu stornieren. Manchmal kommt es zu Stornierungsversuchen aufgrund von Wettervorhersagen, die mit geringer Wahrscheinlichkeit leichten Regen oder Bew\u00f6lkung erwarten. In solchen F\u00e4llen wird eine wetterbedingte Stornierung nicht bearbeitet.<\/p>\n\n\n\n<h3 class=\"wp-block-heading\">12. Kostenlose Stornierungsbedingungen<\/h3>\n\n\n\n<p>Kunden k\u00f6nnen ihre Bootsreservierung innerhalb bestimmter Zeitr\u00e4ume kostenlos stornieren. F\u00fcr jedes Boot gelten spezifische Stornierungsbedingungen, die Sie in den bereitgestellten Informationen finden. Bitte beachten Sie, dass eine zum Zeitpunkt der Buchung geleistete Vorauszahlung nicht erstattungsf\u00e4hig ist, wenn der Service aus pers\u00f6nlichen Gr\u00fcnden, einschlie\u00dflich der subjektiven Einsch\u00e4tzung der Wetterbedingungen oder Krankheit, abgelehnt, verschoben oder ge\u00e4ndert wird. Um eine Reservierung zu stornieren, kontaktieren Sie uns bitte per E-Mail unter rentboattenerife@gmail.com oder telefonisch unter +34600469283 und geben Sie dabei die Buchungsnummer und die bei der Reservierung verwendeten Kontaktdaten an.<\/p>\n\n\n\n<h3 class=\"wp-block-heading\">13. Haftungsausschluss f\u00fcr Personensch\u00e4den<\/h3>\n\n\n\n<p>Bitte beachten Sie, dass Rent Boat Tenerife keine Haftung f\u00fcr Krankheiten, Verletzungen oder Todesf\u00e4lle \u00fcbernimmt, die w\u00e4hrend der Bootsfahrt auftreten k\u00f6nnen. Durch die Annahme unserer Bedingungen erkennen Kunden an, dass Rent Boat Tenerife in keinem dieser ungl\u00fccklichen Umst\u00e4nde haftbar ist und keine finanziellen Verpflichtungen hat.<\/p>\n\n\n\n<h3 class=\"wp-block-heading\">14. No-Show-Richtlinie<\/h3>\n\n\n\n<p>Das Nichterscheinen ohne vorherige Ank\u00fcndigung beeintr\u00e4chtigt nicht nur unsere Terminplanung, sondern f\u00fchrt auch zu einem erheblichen Zeit- und Ressourcenverlust. In solchen F\u00e4llen des Nichterscheinens sind die bezahlten Servicekosten nicht erstattungsf\u00e4hig.<\/p>\n\n\n\n<h3 class=\"wp-block-heading\">15. Beschwerdeverfahren<\/h3>\n\n\n\n<p>RentBoatTenerife \u00fcberwacht den Buchungsprozess, kann jedoch keine Beschwerden im Zusammenhang mit der Bootsfahrt selbst bearbeiten. Eventuelle Beschwerden sind an den Dienstleister vor Ort zu richten. Wenn unser Partner eine vollst\u00e4ndige oder teilweise R\u00fcckerstattung leistet, wird dies als L\u00f6sung Ihrer Beschwerde gewertet. Dar\u00fcber hinausgehende Anspr\u00fcche werden in keinem Fall anerkannt.<\/p>\n\n\n\n<h3 class=\"wp-block-heading\">16. Gesetzgebung und Streitbeilegung<\/h3>\n\n\n\n<p>Diese Buchungsbedingungen unterliegen der nationalen Gesetzgebung Spaniens (Kanarische Inseln). F\u00fcr Streitigkeiten ist der Gerichtsstand am Sitz des Unternehmens zust\u00e4ndig.<\/p>","protected":false},"excerpt":{"rendered":"<p>NUTZUNGSBEDINGUNGEN: Durch die Nutzung der Website rentboattenerife.com akzeptieren Sie die nachfolgenden Nutzungsbedingungen. Sollten Sie mit den Bedingungen nicht einverstanden sein, beenden Sie bitte die Nutzung unserer Website. 1. Eigentumsrechte RentBoatTenerife.com oder seine Partner besitzen ausschlie\u00dflich alle Eigentumsrechte an den Inhalten der Website, einschlie\u00dflich, aber nicht beschr\u00e4nkt auf [\u2026]<\/p>","protected":false},"author":1,"featured_media":0,"parent":0,"menu_order":0,"comment_status":"closed","ping_status":"open","template":"","meta":{"_acf_changed":false,"footnotes":""},"class_list":["post-6279","page","type-page","status-publish","hentry"],"acf":[],"aioseo_notices":[],"_links":{"self":[{"href":"https:\/\/rentboattenerife.com\/de\/wp-json\/wp\/v2\/pages\/6279","targetHints":{"allow":["GET"]}}],"collection":[{"href":"https:\/\/rentboattenerife.com\/de\/wp-json\/wp\/v2\/pages"}],"about":[{"href":"https:\/\/rentboattenerife.com\/de\/wp-json\/wp\/v2\/types\/page"}],"author":[{"embeddable":true,"href":"https:\/\/rentboattenerife.com\/de\/wp-json\/wp\/v2\/users\/1"}],"replies":[{"embeddable":true,"href":"https:\/\/rentboattenerife.com\/de\/wp-json\/wp\/v2\/comments?post=6279"}],"version-history":[{"count":0,"href":"https:\/\/rentboattenerife.com\/de\/wp-json\/wp\/v2\/pages\/6279\/revisions"}],"wp:attachment":[{"href":"https:\/\/rentboattenerife.com\/de\/wp-json\/wp\/v2\/media?parent=6279"}],"curies":[{"name":"wp","href":"https:\/\/api.w.org\/{rel}","templated":true}]}}