{"id":3,"date":"2022-11-15T09:41:57","date_gmt":"2022-11-15T07:41:57","guid":{"rendered":"https:\/\/rentboattenerife.com\/?page_id=3"},"modified":"2024-11-24T14:30:49","modified_gmt":"2024-11-24T14:30:49","slug":"privacy-policy","status":"publish","type":"page","link":"https:\/\/rentboattenerife.com\/de\/privacy-policy\/","title":{"rendered":"Datenschutzrichtlinie"},"content":{"rendered":"<h2>Diese Datenschutzerkl\u00e4rung wurde in \u00dcbereinstimmung mit den Verpflichtungen aus der Datenschutz-Grundverordnung (EG-Verordnung 2016\/679 vom 27. April 2016 oder DSGVO \u2013 Datenschutz-Grundverordnung) erstellt.<\/h2>\n<ol>\n<li>Welche Informationen sammeln wir und warum.<\/li>\n<li>Art und Ort der Verarbeitung personenbezogener Daten.<\/li>\n<li>Verbreitung von Informationen.<\/li>\n<li>Schutz personenbezogener Daten.<\/li>\n<li>Zugang zu Informationen.<\/li>\n<li>Cookies, Web-Beacons und andere Technologien.<\/li>\n<li>Links zu anderen Seiten.<\/li>\n<li>\u00c4nderungen der Datenschutzrichtlinie.<\/li>\n<li>Rechtsinformation.<\/li>\n<li>Kontakte.<\/li>\n<li>Welche Informationen sammeln wir und warum<\/li>\n<\/ol>\n<p>Wenn sich ein Nutzer (Lizenznehmer) per E-Mail registriert, erhalten wir Informationen:<\/p>\n<p>\u2013 Name, Benutzername (Lizenznehmer);<\/p>\n<p>- E-Mail-Adresse;<\/p>\n<p>- das Telefon;<\/p>\n<p>- die Stadt;<\/p>\n<p>- das Land.<\/p>\n<p>Wenn sich ein Nutzer (Lizenznehmer) \u00fcber den Facebook-Autorisierungsdienst registriert, erhalten wir folgende Informationen:<\/p>\n<p>- E-Mail-Adresse;<\/p>\n<p>- Telefonnummer;<\/p>\n<p>\u2013 Benutzerkonto auf Facebook;<\/p>\n<p>- das Telefon.<\/p>\n<p>Der Grund, warum der Benutzer (Lizenznehmer) nach einer Telefonnummer gefragt wird, besteht darin, Beratungsunterst\u00fctzung und Service anbieten zu k\u00f6nnen.<\/p>\n<p>Wir erheben nur die Daten, die Sie uns freiwillig mitteilen.<\/p>\n<p>Es ist m\u00f6glich, dass Sie uns diese Informationen nicht zur Verf\u00fcgung stellen. Wenn Sie dies jedoch tun, kann es sein, dass unsere Website und unsere Dienste nicht ordnungsgem\u00e4\u00df funktionieren oder einige ihrer Funktionen nicht verf\u00fcgbar sind.<\/p>\n<p>Dar\u00fcber hinaus erhalten wir m\u00f6glicherweise automatisch bestimmte Informationen \u00fcber Sie, wenn Sie unsere Websites besuchen. Zu diesen Informationen k\u00f6nnen geh\u00f6ren:<\/p>\n<p>\u2013 Ihre IP-Adresse;<\/p>\n<p>\u2013 Informationen \u00fcber das Betriebssystem und den Browsertyp Ihres Computers\/Mobilger\u00e4ts,<\/p>\n<p>\u2013 Ihr Ger\u00e4tetyp,<\/p>\n<p>\u2013 eindeutige Ger\u00e4tekennung (UDID) oder Mobilger\u00e4tekennung (MEID) Ihres Mobilger\u00e4ts,<\/p>\n<p>\u2013 die Adresse der Website, auf der der Link \u00fcber uns und die von Ihnen besuchten Seiten auf unserer Website platziert wurde.<\/p>\n<p>\u2013 Anmeldezeit;<\/p>\n<p>\u2013 auf der Website verbrachte Zeit;<\/p>\n<p>\u2013 auf der Website besuchte Seiten;<\/p>\n<p>\u2013 Schulungsergebnisse (bestandene Materialien, Testergebnisse);<\/p>\n<p>\u2013 die Er\u00f6ffnungsergebnisse der Briefe;<\/p>\n<p>\u2013 der Zeitpunkt des letzten Besuchs;<\/p>\n<p>\u2013 die Dauer des letzten Besuchs;<\/p>\n<p>\u2013 Start- und Enddatum der Lizenz;<\/p>\n<p>\u2013 andere von Google Analytics, Zoho SalesIQ, Facebook Pixel erfasste Daten.<\/p>\n<p>Wir k\u00f6nnen diese Informationen verwenden, um unsere Website und Dienste zu verwalten, zu warten und anzupassen, um unsere Lizenznehmerbenutzer zu bedienen und f\u00fcr Marketingkampagnen.<\/p>\n<p>In dieser Datenschutzerkl\u00e4rung stellen wir Ihnen au\u00dferdem zus\u00e4tzliche Informationen dar\u00fcber zur Verf\u00fcgung, wie wir Cookies verwenden.<\/p>\n<p>Google Tag Manager, Facebook Pixel und andere Marketingdienste sammeln Informationen \u00fcber Ihre Besuche und Aktivit\u00e4ten bei&nbsp;<a href=\"https:\/\/rentboattenerife.com\/de\/\">rentboattenerife.com<\/a>. Diese Informationen k\u00f6nnen f\u00fcr gezielte Werbung verwendet werden. Der Nutzer kann die Erfassung dieser Daten in den Einstellungen der Facebook- und Google-Dienste deaktivieren.<\/p>\n<p><a href=\"https:\/\/www.facebook.com\/help\/247395082112892?helpref=related\">https:\/\/www.facebook.com\/help\/247395082112892?help&#8230;<\/a><\/p>\n<p><a href=\"https:\/\/support.google.com\/ads\/answer\/2662856?co=GENIE.Platform%3DAndroid&amp;hl=en\">https:\/\/support.google.com\/ads\/answer\/2662856?co=GENIE.Platform%3DAndroid&amp;hl=en<\/a><\/p>\n<p>2. Methode und Ort der Verarbeitung personenbezogener Daten<\/p>\n<p><em>Art der Verarbeitung<\/em><\/p>\n<p>Die Verarbeitung personenbezogener Daten erfolgt mithilfe von Computern und\/oder Automatisierungsmitteln gem\u00e4\u00df Verfahren und Methoden, die dem Zweck der Datenerfassung entsprechen.<\/p>\n<p>Der Datenverarbeiter. Dar\u00fcber hinaus k\u00f6nnen Sie bei uns eine Liste dieser Personen anfordern.<\/p>\n<p><em>Ort der Datenverarbeitung<\/em><\/p>\n<p>Die Daten werden am Sitz des Lizenzgebers und an anderen Standorten der an der Verarbeitung beteiligten Parteien verarbeitet. F\u00fcr weitere Informationen kontaktieren Sie uns bitte (Datenbetreiber und Datenbankeigent\u00fcmer).<\/p>\n<p>3. Verbreitung von Informationen<\/p>\n<p>Zur Erbringung der Dienstleistung k\u00f6nnen Ihre personenbezogenen Daten vom Lizenznehmer (seinen Mitarbeitern und Auftragnehmern) intern genutzt und verarbeitet werden.<\/p>\n<p>Jegliche Nutzung Ihrer pers\u00f6nlichen Daten innerhalb des Lizenznehmers unterliegt dieser Datenschutzrichtlinie. Von Zeit zu Zeit senden wir Ihnen m\u00f6glicherweise Nachrichten mit Marketing- und Werbeinformationen zu unseren Produkten und Dienstleistungen, Werbeaktionen usw. Wenn Sie uns nicht Ihre Einwilligung zum Erhalt solcher Mitteilungen erteilen (w\u00e4hrend des Registrierungsprozesses oder bei der Bestellung von Dienstleistungen), k\u00f6nnen wir wird Ihnen solche Mitteilungen nicht senden.<\/p>\n<p>Pers\u00f6nliche Daten stehen auch Zahlungssystemen zur Verf\u00fcgung, die die Zahlungsakzeptanz erm\u00f6glichen <a href=\"https:\/\/rentboattenerife.com\/de\/\">rentboattenerife.com<\/a>&nbsp;Webseite. Bestimmte Informationen werden auch auf den Servern der Kundendienstsoftwareanbieter Zoho CRM und ZOHO Campaigns gespeichert und verarbeitet.<\/p>\n<p>Der Lizenzgeber kann andere Unternehmen mit der Erbringung von Dienstleistungen und der Organisation von Werbekampagnen beauftragen. Auch diese Unternehmen d\u00fcrfen auf Teile Ihrer personenbezogenen Daten nur in dem Umfang zugreifen, der f\u00fcr die Erbringung der Dienstleistung erforderlich ist, und sie d\u00fcrfen diese nicht f\u00fcr andere Zwecke verwenden.<\/p>\n<p>Der Lizenzgeber verkauft, \u00fcbertr\u00e4gt oder \u00fcbermittelt keine personenbezogenen Daten seiner Kunden und Benutzer der Website an Dritte, die nicht zur Lizenzgebergruppe geh\u00f6ren. Mit Ihrer Einwilligung k\u00f6nnen wir Ihnen jedoch manchmal im Namen eines unserer Partner Marketinginformationen \u00fcber angebotene Produkte und Dienstleistungen zusenden, die Sie interessieren k\u00f6nnten. M\u00f6glicherweise fragen wir Sie auch, ob Sie Marketingmaterialien von unseren Gesch\u00e4ftspartnern erhalten m\u00f6chten. Wenn Sie dem Erhalt des Newsletters zustimmen, geben wir Ihre personenbezogenen Daten nicht an diese Partner weiter, sondern senden Ihnen die Materialien im Namen dieser Partner per E-Mail zu.<\/p>\n<p>Der Lizenzgeber beh\u00e4lt sich das Recht vor, alle Informationen \u00fcber Sie zu verwenden und weiterzugeben, soweit dies ausdr\u00fccklich durch Gesetze oder andere Vorschriften gestattet ist, um die Integrit\u00e4t unserer Dienste zu sch\u00fctzen, unsere Rechte zu sch\u00fctzen oder um Strafverfolgungsbeh\u00f6rden bei der Untersuchung von Straftaten und deren Sicherstellung zu unterst\u00fctzen \u00f6ffentliche Sicherheit.<\/p>\n<p>4. Schutz personenbezogener Daten<\/p>\n<p>Der Lizenzgeber ergreift alle wirtschaftlich angemessenen Ma\u00dfnahmen, um den unbefugten Zugriff auf pers\u00f6nliche Informationen und Daten zu verhindern, die durch die Nutzung der Website oder der Dienste erlangt werden. Wir sind bestrebt, Ihre personenbezogenen Daten zu sch\u00fctzen, empfehlen Ihnen jedoch, alle verf\u00fcgbaren Vorkehrungen zu treffen, um Ihre personenbezogenen Daten w\u00e4hrend der \u00dcbertragung zu sch\u00fctzen. \u00c4ndern Sie dazu Ihre Passw\u00f6rter h\u00e4ufiger, verwenden Sie Buchstaben- und Zahlenkombinationen und nutzen Sie einen sicheren Browser.<\/p>\n<p><em>Gew\u00e4hrleistung der Informationssicherheit von Kindern<\/em><\/p>\n<p>Die Website ist nicht dazu gedacht, die Aufmerksamkeit von Kindern und Minderj\u00e4hrigen auf sich zu ziehen. Der Lizenzgeber erhebt nicht absichtlich personenbezogene Daten von Kindern und Personen unter 18 Jahren und sendet ihnen auch keine Anfragen nach personenbezogenen Daten.<\/p>\n<p>5. Zugang zu Informationen<\/p>\n<p>Sie haben die volle Kontrolle \u00fcber alle pers\u00f6nlichen Daten, die Sie uns zur Verf\u00fcgung stellen. Sie k\u00f6nnen jederzeit die pers\u00f6nlichen Daten, die wir von Ihnen erhalten, spezifizieren oder \u00e4ndern oder die Einstellungen f\u00fcr den Erhalt von Werbe- und Marketinginformationen von uns und unseren Partnern \u00e4ndern. Sie k\u00f6nnen uns jederzeit auffordern, alle \u00fcber Sie erfassten Daten zu l\u00f6schen (Recht auf Vergessen). Senden Sie uns dazu eine E-Mail oder einen Brief an vzatkhei@gmail.com.<\/p>\n<p>6. Cookies, Web-Beacons und andere Technologien<\/p>\n<p>Die Website sammelt Informationen \u00fcber Ihr Verhalten auf unserer Website und Ihre Besuche auf den Seiten der Website, um Statistiken \u00fcber Besuche und die Wirksamkeit der Nutzung der Website zu erhalten, einen pers\u00f6nlichen Ansatz zu entwickeln und unsere Dienste an die Interessen jedes Benutzers anzupassen. Wir tun dies mithilfe verschiedener Technologien, darunter Cookies. Hierbei handelt es sich um Daten, die die Website m\u00f6glicherweise an Ihren Browser sendet und die zur sp\u00e4teren Identifizierung durch die Website auf Ihrem Computer gespeichert werden.<\/p>\n<p>Cookies werden am h\u00e4ufigsten verwendet, um die Effektivit\u00e4t von Websites zu messen (z. B. um die Anzahl der Besucher und die Verweildauer dort zu messen), um die interessantesten Themen und besuchten Seiten zu identifizieren und um sicherzustellen, dass die Website einfach zu bedienen ist zum Navigieren und Verwenden, ohne dass personenbezogene Daten erhoben werden. Cookies k\u00f6nnen auch verwendet werden, um einen personalisierten Ansatz zu erstellen, der auf Ihren bisherigen Erfahrungen mit der Website und Ihren Pr\u00e4ferenzen basiert. Mit der Zeit k\u00f6nnen diese Informationen Ihr Erlebnis verbessern.<\/p>\n<p>Cookies werden \u00fcblicherweise in Sitzungscookies und permanente Cookies unterteilt. Sitzungscookies helfen dabei, effektiv auf der Website zu navigieren, sodass einmal w\u00e4hrend einer Sitzung angeforderte Informationen nicht mehr erneut abgefragt werden. Sitzungscookies werden in einem tempor\u00e4ren Speicher gespeichert und gel\u00f6scht, wenn Sie Ihren Browser schlie\u00dfen. Permanente Cookies speichern Benutzerpr\u00e4ferenzen f\u00fcr aktuelle und zuk\u00fcnftige Besuche (z. B. vereinfachen die Website-Autorisierung durch die Speicherung von Benutzerkonten). Sie werden auf der Festplatte Ihres Computers oder dem Laufwerk Ihres Mobilger\u00e4ts gespeichert und aktiviert, wenn Sie Ihren Browser starten. Wir verwenden dauerhafte Cookies, um Informationen wie die Sprache und das Land des Benutzers zu speichern.<\/p>\n<p>Wenn Sie keine Cookies mehr erhalten m\u00f6chten oder \u00fcber den Empfang eines Cookies informiert werden m\u00f6chten, konfigurieren Sie bitte Ihren Webbrowser. Wenn Sie jedoch alle Cookies deaktivieren, k\u00f6nnen Sie bestimmte Dienste und Funktionen der Website nicht nutzen.<\/p>\n<p>Sie k\u00f6nnen mehr \u00fcber \u201eCookies\u201c in beliebten Suchmaschinen erfahren, indem Sie die folgenden Links besuchen:<\/p>\n<p><a href=\"https:\/\/policies.yahoo.com\/us\/en\/yahoo\/privacy\/\">https:\/\/policies.yahoo.com\/us\/en\/yahoo\/privacy\/<\/a><\/p>\n<p><a href=\"https:\/\/www.google.com\/policies\/privacy\/\">https:\/\/www.google.com\/policies\/privacy\/<\/a><\/p>\n<p><a href=\"https:\/\/privacy.microsoft.com\/en-us\/privacystatement\">https:\/\/privacy.microsoft.com\/en-us\/privacystatement<\/a><\/p>\n<p>Die Einstellungen in g\u00e4ngigen Browsern finden Sie unter folgenden Links:<\/p>\n<p>Chrom:&nbsp;<a href=\"https:\/\/support.google.com\/chrome\/answer\/95647?hl=en\">https:\/\/support.google.com\/chrome\/answer\/95647?hl=en<\/a><\/p>\n<p>Forscher:&nbsp;<a href=\"https:\/\/support.microsoft.com\/en-us\/products\/windows?os=windows-10\">https:\/\/support.microsoft.com\/en-us\/products\/windows?os=windows-10<\/a><\/p>\n<p>Safari:&nbsp;<a href=\"https:\/\/support.apple.com\/kb\/PH21411\">https:\/\/support.apple.com\/kb\/PH21411<\/a><\/p>\n<p>Feuerfuchs:&nbsp;<a href=\"https:\/\/support.mozilla.org\/en-US\/kb\/enable-and-disable-cookies-website-preferences\">https:\/\/support.mozilla.org\/en-US\/kb\/enable-and-disable-cookies-website-preferences<\/a><\/p>\n<p>Oper:&nbsp;<a href=\"http:\/\/www.opera.com\/help\/tutorials\/security\/cookies\/\">http:\/\/www.opera.com\/help\/tutorials\/security\/cookies\/<\/a><\/p>\n<p>7. Links zu anderen Websites<\/p>\n<p>Wenn Sie Websites Dritter besuchen, die nicht vom Lizenzgeber verwaltet werden, indem Sie auf Links auf unserer Website klicken, sollten Sie deren Datenschutz- und andere Betriebsgrunds\u00e4tze lesen. Wir sind nicht f\u00fcr die Datenschutzrichtlinien und Datenerfassungspraktiken anderer Unternehmen verantwortlich und alle Informationen, die Sie diesen Unternehmen zur Verf\u00fcgung stellen, werden von diesen gem\u00e4\u00df deren Datenschutzrichtlinien erfasst.<\/p>\n<p>8. \u00c4nderungen der Datenschutzrichtlinie<\/p>\n<p>Wir k\u00f6nnen diese Richtlinie jederzeit \u00e4ndern, indem wir eine neue Version der Datenschutzrichtlinie auf dieser Seite ver\u00f6ffentlichen&nbsp;<a href=\"https:\/\/rentboattenerife.com\/de\/privacy-policy\/\">https:\/\/rentboattenerife.com\/privacy-policy\/<\/a>. Wir empfehlen Ihnen dringend, diese Seite und das Datum oben auf der Seite regelm\u00e4\u00dfig auf die neuesten \u00c4nderungen zu \u00fcberpr\u00fcfen.<\/p>\n<p>Wenn Sie mit den an der Richtlinie vorgenommenen \u00c4nderungen nicht einverstanden sind, m\u00fcssen Sie die Nutzung der Website und der Dienste des Lizenzgebers einstellen und k\u00f6nnen verlangen, dass wir Ihre pers\u00f6nlichen Daten entfernen.<\/p>\n<p>Diese Datenschutzerkl\u00e4rung gilt f\u00fcr alle personenbezogenen Daten von&nbsp;<a href=\"https:\/\/rentboattenerife.com\/de\/\">https:\/\/rentboattenerife.com\/<\/a>&nbsp;Benutzer und Kunden des Lizenzgebers, die wir verwalten, unabh\u00e4ngig von der Erhebungs- und Beschaffungsmethode.<\/p>\n<p>9. Rechtliche Hinweise<\/p>\n<p>Die Datenschutzrichtlinie entspricht den Anforderungen der ukrainischen Gesetzgebung zum Schutz personenbezogener Daten sowie den Anforderungen der Gesetzgebung der meisten GUS-Staaten und enth\u00e4lt detaillierte Informationen \u00fcber die gesammelten Daten, ihre Zwecke, Methoden der Erhebung, Verarbeitung und Nutzung.<\/p>\n<p>Die Datenschutzerkl\u00e4rung wurde in \u00dcbereinstimmung mit den Verpflichtungen aus der Datenschutz-Grundverordnung (EG-Verordnung 2016\/679 vom 27. April 2016 oder DSGVO \u2013 Allgemeine Datenschutzverordnung) erstellt.<\/p>\n<p>10. Kontakte des Lizenzgebers<\/p>\n<p>Mieten Sie ein Boot auf Teneriffa<\/p>\n<p>38660 Costa Adeje, Teneriffa, Kanarische Inseln, Spanien<\/p>\n<p>Telefon: +34662020230<\/p>\n<p>E-Mail: vzatkhei@gmail.com<\/p>\n<p>Kontakte der f\u00fcr die Informationsspeicherung verantwortlichen Person:<\/p>\n<p>vzatkhei@gmail.com<\/p>","protected":false},"excerpt":{"rendered":"<p>Diese Datenschutzrichtlinie wurde in \u00dcbereinstimmung mit den Verpflichtungen der Datenschutz-Grundverordnung (EU-Verordnung 2016\/679 vom 27. April 2016 oder DSGVO \u2013 Datenschutz-Grundverordnung) erstellt. Welche Informationen erheben wir und warum? Art und Ort der Verarbeitung personenbezogener Daten. Verbreitung von Informationen. Schutz personenbezogener Daten. Zugang zu Informationen. [\u2026]<\/p>","protected":false},"author":1,"featured_media":0,"parent":0,"menu_order":0,"comment_status":"closed","ping_status":"open","template":"","meta":{"_acf_changed":false,"footnotes":""},"class_list":["post-3","page","type-page","status-publish","hentry"],"acf":[],"aioseo_notices":[],"_links":{"self":[{"href":"https:\/\/rentboattenerife.com\/de\/wp-json\/wp\/v2\/pages\/3","targetHints":{"allow":["GET"]}}],"collection":[{"href":"https:\/\/rentboattenerife.com\/de\/wp-json\/wp\/v2\/pages"}],"about":[{"href":"https:\/\/rentboattenerife.com\/de\/wp-json\/wp\/v2\/types\/page"}],"author":[{"embeddable":true,"href":"https:\/\/rentboattenerife.com\/de\/wp-json\/wp\/v2\/users\/1"}],"replies":[{"embeddable":true,"href":"https:\/\/rentboattenerife.com\/de\/wp-json\/wp\/v2\/comments?post=3"}],"version-history":[{"count":1,"href":"https:\/\/rentboattenerife.com\/de\/wp-json\/wp\/v2\/pages\/3\/revisions"}],"predecessor-version":[{"id":8504,"href":"https:\/\/rentboattenerife.com\/de\/wp-json\/wp\/v2\/pages\/3\/revisions\/8504"}],"wp:attachment":[{"href":"https:\/\/rentboattenerife.com\/de\/wp-json\/wp\/v2\/media?parent=3"}],"curies":[{"name":"wp","href":"https:\/\/api.w.org\/{rel}","templated":true}]}}